{"id":1726,"date":"2018-03-20T11:08:56","date_gmt":"2018-03-20T10:08:56","guid":{"rendered":"http:\/\/kracht-lutz-lukra-pumpen.de\/produkt\/kleinkreiselpumpe\/"},"modified":"2018-07-11T15:44:14","modified_gmt":"2018-07-11T14:44:14","slug":"kleinkreiselpumpe","status":"publish","type":"product","link":"https:\/\/lukra-pumpen.de\/fr\/product\/kleinkreiselpumpe\/","title":{"rendered":"petite pompe centrifuge"},"content":{"rendered":"<p><strong>\u00e0 un \u00e9tage \u00e0 forme de construction en blocs<\/strong><br \/>\n\u00e0 forme de construction en blocs avec moteur triphas\u00e9 ou \u00e0 courant alternatif<\/p>\n<p><strong>D\u00e9bit de<\/strong><br \/>\n2 l\/min \u00e0 70 l\/min<\/p>\n<p><strong>Pression de refoulement de<\/strong><br \/>\njusqu&#8217;\u00e0 80 mFH<\/p>\n<p><strong>Mat\u00e9riaux<\/strong><br \/>\nfonte grise, laiton, acier inoxydable<\/p>\n<p><strong>M\u00e9diums<\/strong><br \/>\neau propre<\/p>","protected":false},"excerpt":{"rendered":"<p>\u00e0 un \u00e9tage \u00e0 forme de construction en blocs \u00e0 forme de construction en blocs avec moteur triphas\u00e9 ou \u00e0 courant alternatif D\u00e9bit de 2 l\/min \u00e0 70 l\/min Pression de refoulement de jusqu&#8217;\u00e0 80 mFH Mat\u00e9riaux fonte grise, laiton, acier inoxydable M\u00e9diums eau propre<\/p>\n","protected":false},"featured_media":1183,"comment_status":"closed","ping_status":"closed","template":"","meta":[],"product_brand":[],"product_cat":[79,81],"product_tag":[],"class_list":{"0":"post-1726","1":"product","2":"type-product","3":"status-publish","4":"has-post-thumbnail","6":"product_cat-kreiselpumpen","7":"product_cat-normalansaugende-kreiselpumpen","9":"first","10":"instock","11":"product-type-simple"},"_links":{"self":[{"href":"https:\/\/lukra-pumpen.de\/fr\/wp-json\/wp\/v2\/product\/1726","targetHints":{"allow":["GET"]}}],"collection":[{"href":"https:\/\/lukra-pumpen.de\/fr\/wp-json\/wp\/v2\/product"}],"about":[{"href":"https:\/\/lukra-pumpen.de\/fr\/wp-json\/wp\/v2\/types\/product"}],"replies":[{"embeddable":true,"href":"https:\/\/lukra-pumpen.de\/fr\/wp-json\/wp\/v2\/comments?post=1726"}],"wp:featuredmedia":[{"embeddable":true,"href":"https:\/\/lukra-pumpen.de\/fr\/wp-json\/wp\/v2\/media\/1183"}],"wp:attachment":[{"href":"https:\/\/lukra-pumpen.de\/fr\/wp-json\/wp\/v2\/media?parent=1726"}],"wp:term":[{"taxonomy":"product_brand","embeddable":true,"href":"https:\/\/lukra-pumpen.de\/fr\/wp-json\/wp\/v2\/product_brand?post=1726"},{"taxonomy":"product_cat","embeddable":true,"href":"https:\/\/lukra-pumpen.de\/fr\/wp-json\/wp\/v2\/product_cat?post=1726"},{"taxonomy":"product_tag","embeddable":true,"href":"https:\/\/lukra-pumpen.de\/fr\/wp-json\/wp\/v2\/product_tag?post=1726"}],"curies":[{"name":"wp","href":"https:\/\/api.w.org\/{rel}","templated":true}]}}