{"id":1727,"date":"2018-03-20T11:08:56","date_gmt":"2018-03-20T10:08:56","guid":{"rendered":"http:\/\/kracht-lutz-lukra-pumpen.de\/produkt\/selbstansaugend-kreiselpumpen-mit-ejektor\/"},"modified":"2018-03-21T09:54:24","modified_gmt":"2018-03-21T08:54:24","slug":"selbstansaugend-kreiselpumpen-mit-ejektor","status":"publish","type":"product","link":"https:\/\/lukra-pumpen.de\/fr\/product\/selbstansaugend-kreiselpumpen-mit-ejektor\/","title":{"rendered":"Pompe centrifuge \u00e0 forme de construction en blocs avec \u00e9jecteur"},"content":{"rendered":"<p><strong>Pompe centrifuge auto-amor\u00e7ante \u00e0 un \u00e9tage \u00e0 forme de construction<\/strong><br \/>\nen blocs avec \u00e9jecteur, avec moteur triphas\u00e9 ou \u00e0 courant alternatif, hauteur d&#8217;aspiration de jusqu&#8217;\u00e0 8 m pour l&#8217;alimentation en eau et les centres locaux de distribution des eaux<\/p>\n<p><strong>D\u00e9bit de<\/strong><br \/>\njusqu&#8217;\u00e0 80 l\/min<\/p>\n<p><strong>Pression de refoulement de<\/strong><br \/>\njusqu&#8217;\u00e0 50 mFH<\/p>\n<p><strong>Mat\u00e9riaux<\/strong><br \/>\nbronze, laiton, acier CrNi<\/p>\n<p><strong>M\u00e9diums<\/strong><br \/>\neau pure ou l\u00e9g\u00e8rement impure<\/p>","protected":false},"excerpt":{"rendered":"","protected":false},"featured_media":1203,"comment_status":"closed","ping_status":"closed","template":"","meta":[],"product_brand":[],"product_cat":[79,82],"product_tag":[],"class_list":{"0":"post-1727","1":"product","2":"type-product","3":"status-publish","4":"has-post-thumbnail","6":"product_cat-kreiselpumpen","7":"product_cat-selbstansaugende-kreiselpumpen","9":"first","10":"instock","11":"product-type-simple"},"_links":{"self":[{"href":"https:\/\/lukra-pumpen.de\/fr\/wp-json\/wp\/v2\/product\/1727","targetHints":{"allow":["GET"]}}],"collection":[{"href":"https:\/\/lukra-pumpen.de\/fr\/wp-json\/wp\/v2\/product"}],"about":[{"href":"https:\/\/lukra-pumpen.de\/fr\/wp-json\/wp\/v2\/types\/product"}],"replies":[{"embeddable":true,"href":"https:\/\/lukra-pumpen.de\/fr\/wp-json\/wp\/v2\/comments?post=1727"}],"wp:featuredmedia":[{"embeddable":true,"href":"https:\/\/lukra-pumpen.de\/fr\/wp-json\/wp\/v2\/media\/1203"}],"wp:attachment":[{"href":"https:\/\/lukra-pumpen.de\/fr\/wp-json\/wp\/v2\/media?parent=1727"}],"wp:term":[{"taxonomy":"product_brand","embeddable":true,"href":"https:\/\/lukra-pumpen.de\/fr\/wp-json\/wp\/v2\/product_brand?post=1727"},{"taxonomy":"product_cat","embeddable":true,"href":"https:\/\/lukra-pumpen.de\/fr\/wp-json\/wp\/v2\/product_cat?post=1727"},{"taxonomy":"product_tag","embeddable":true,"href":"https:\/\/lukra-pumpen.de\/fr\/wp-json\/wp\/v2\/product_tag?post=1727"}],"curies":[{"name":"wp","href":"https:\/\/api.w.org\/{rel}","templated":true}]}}