{"id":1728,"date":"2018-03-20T11:08:56","date_gmt":"2018-03-20T10:08:56","guid":{"rendered":"http:\/\/kracht-lutz-lukra-pumpen.de\/produkt\/kreiselpumpen-aggregat\/"},"modified":"2018-03-20T17:07:07","modified_gmt":"2018-03-20T16:07:07","slug":"kreiselpumpen-aggregat","status":"publish","type":"product","link":"https:\/\/lukra-pumpen.de\/fr\/product\/kreiselpumpen-aggregat\/","title":{"rendered":"Agr\u00e9gat de pompes centrifuges"},"content":{"rendered":"<p><strong>Agr\u00e9gat de pompes centrifuges avec r\u00e9cipient \u00e0 tuyaux pos\u00e9s et pr\u00eat \u00e0 l&#8217;emploi<\/strong><br \/>\nCommande de la pompe pour la r\u00e9gulation de la vitesse de rotation int\u00e9gr\u00e9e en option ou pour l&#8217;installation dans l&#8217;armoire \u00e9lectrique<\/p>\n<p><strong>D\u00e9bit de<\/strong><br \/>\nen fonction des besoins<\/p>\n<p><strong>Pression de refoulement de<\/strong><br \/>\nen fonction des besoins<\/p>\n<p><strong>Mat\u00e9riaux<\/strong><br \/>\nen fonction des besoins<\/p>\n<p><strong>M\u00e9diums<\/strong><br \/>\ncomme indiqu\u00e9 ci-dessus<\/p>","protected":false},"excerpt":{"rendered":"","protected":false},"featured_media":1151,"comment_status":"closed","ping_status":"closed","template":"","meta":[],"product_brand":[],"product_cat":[80,79,81],"product_tag":[],"class_list":{"0":"post-1728","1":"product","2":"type-product","3":"status-publish","4":"has-post-thumbnail","6":"product_cat-eintauch-pumpen","7":"product_cat-kreiselpumpen","8":"product_cat-normalansaugende-kreiselpumpen","10":"first","11":"instock","12":"product-type-simple"},"_links":{"self":[{"href":"https:\/\/lukra-pumpen.de\/fr\/wp-json\/wp\/v2\/product\/1728","targetHints":{"allow":["GET"]}}],"collection":[{"href":"https:\/\/lukra-pumpen.de\/fr\/wp-json\/wp\/v2\/product"}],"about":[{"href":"https:\/\/lukra-pumpen.de\/fr\/wp-json\/wp\/v2\/types\/product"}],"replies":[{"embeddable":true,"href":"https:\/\/lukra-pumpen.de\/fr\/wp-json\/wp\/v2\/comments?post=1728"}],"wp:featuredmedia":[{"embeddable":true,"href":"https:\/\/lukra-pumpen.de\/fr\/wp-json\/wp\/v2\/media\/1151"}],"wp:attachment":[{"href":"https:\/\/lukra-pumpen.de\/fr\/wp-json\/wp\/v2\/media?parent=1728"}],"wp:term":[{"taxonomy":"product_brand","embeddable":true,"href":"https:\/\/lukra-pumpen.de\/fr\/wp-json\/wp\/v2\/product_brand?post=1728"},{"taxonomy":"product_cat","embeddable":true,"href":"https:\/\/lukra-pumpen.de\/fr\/wp-json\/wp\/v2\/product_cat?post=1728"},{"taxonomy":"product_tag","embeddable":true,"href":"https:\/\/lukra-pumpen.de\/fr\/wp-json\/wp\/v2\/product_tag?post=1728"}],"curies":[{"name":"wp","href":"https:\/\/api.w.org\/{rel}","templated":true}]}}