{"id":1729,"date":"2018-03-20T11:08:56","date_gmt":"2018-03-20T10:08:56","guid":{"rendered":"http:\/\/kracht-lutz-lukra-pumpen.de\/produkt\/kunststoff-doppelmembranpumpe\/"},"modified":"2018-08-09T14:22:24","modified_gmt":"2018-08-09T13:22:24","slug":"kunststoff-doppelmembranpumpe","status":"publish","type":"product","link":"https:\/\/lukra-pumpen.de\/fr\/product\/kunststoff-doppelmembranpumpe\/","title":{"rendered":"Pompe \u00e0 membrane double en plastique"},"content":{"rendered":"<p><strong>Pompe \u00e0 membrane double en plastique<\/strong><br \/>\navec entra\u00eenement extr\u00eamement r\u00e9sistant \u00e0 l&#8217;usure<\/p>\n<p><strong>D\u00e9bit de<\/strong><br \/>\njusqu&#8217;\u00e0 960 l\/min<\/p>\n<p><strong>Pression de refoulement de<\/strong><br \/>\njusqu&#8217;\u00e0 80 mFH<\/p>\n<p><strong>Mat\u00e9riaux<\/strong><br \/>\nPP, PVDF, nylon<\/p>\n<p><strong>M\u00e9diums<\/strong><br \/>\nm\u00e9diums tr\u00e8s liquides, p\u00e2teux, \u00e9pais ainsi qu&#8217;agressifs et facilement inflammables m\u00eame contenant des composants abrasifs comme par exemple les peintures ou les vernis \u00e0 pigments, les m\u00e9diums galvaniques, les produits chimiques<\/p>","protected":false},"excerpt":{"rendered":"<p>Pompe \u00e0 membrane double en plastique avec entra\u00eenement extr\u00eamement r\u00e9sistant \u00e0 l&#8217;usure D\u00e9bit de jusqu&#8217;\u00e0 960 l\/min Pression de refoulement de jusqu&#8217;\u00e0 80 mFH Mat\u00e9riaux PP, PVDF, nylon M\u00e9diums m\u00e9diums tr\u00e8s liquides, p\u00e2teux, \u00e9pais ainsi qu&#8217;agressifs et facilement inflammables m\u00eame contenant des composants abrasifs comme par exemple les peintures ou les vernis \u00e0 pigments, les [&hellip;]<\/p>\n","protected":false},"featured_media":1195,"comment_status":"closed","ping_status":"closed","template":"","meta":[],"product_brand":[],"product_cat":[86,88],"product_tag":[],"class_list":{"0":"post-1729","1":"product","2":"type-product","3":"status-publish","4":"has-post-thumbnail","6":"product_cat-doppelmembran-pumpen","7":"product_cat-membran-pumpen-zubehoer","9":"first","10":"instock","11":"product-type-simple"},"_links":{"self":[{"href":"https:\/\/lukra-pumpen.de\/fr\/wp-json\/wp\/v2\/product\/1729","targetHints":{"allow":["GET"]}}],"collection":[{"href":"https:\/\/lukra-pumpen.de\/fr\/wp-json\/wp\/v2\/product"}],"about":[{"href":"https:\/\/lukra-pumpen.de\/fr\/wp-json\/wp\/v2\/types\/product"}],"replies":[{"embeddable":true,"href":"https:\/\/lukra-pumpen.de\/fr\/wp-json\/wp\/v2\/comments?post=1729"}],"wp:featuredmedia":[{"embeddable":true,"href":"https:\/\/lukra-pumpen.de\/fr\/wp-json\/wp\/v2\/media\/1195"}],"wp:attachment":[{"href":"https:\/\/lukra-pumpen.de\/fr\/wp-json\/wp\/v2\/media?parent=1729"}],"wp:term":[{"taxonomy":"product_brand","embeddable":true,"href":"https:\/\/lukra-pumpen.de\/fr\/wp-json\/wp\/v2\/product_brand?post=1729"},{"taxonomy":"product_cat","embeddable":true,"href":"https:\/\/lukra-pumpen.de\/fr\/wp-json\/wp\/v2\/product_cat?post=1729"},{"taxonomy":"product_tag","embeddable":true,"href":"https:\/\/lukra-pumpen.de\/fr\/wp-json\/wp\/v2\/product_tag?post=1729"}],"curies":[{"name":"wp","href":"https:\/\/api.w.org\/{rel}","templated":true}]}}