{"id":1732,"date":"2018-03-01T11:08:56","date_gmt":"2018-03-01T10:08:56","guid":{"rendered":"http:\/\/kracht-lutz-lukra-pumpen.de\/produkt\/manometer\/"},"modified":"2018-07-12T10:29:21","modified_gmt":"2018-07-12T09:29:21","slug":"manometer","status":"publish","type":"product","link":"https:\/\/lukra-pumpen.de\/fr\/product\/manometer\/","title":{"rendered":"Manom\u00e8tre"},"content":{"rendered":"<p><strong>Savoir comment \u00e7a fonctionne! &#8211; le Manom\u00e8tre<\/strong><br \/>\nImportant lors du contr\u00f4le de service pour d\u00e9terminer le point d&#8217;exploitation sur la courbe caract\u00e9ristique de la pompe.<br \/>\nRecommand\u00e9 pour d\u00e9terminer la pression et le d\u00e9bit volumique indirect.<br \/>\n<strong>Le tachym\u00e8tre de votre pompe &#8211; L&#8217;incontournable pour toutes les installations!<\/strong><\/p>\n<p>Votre pompe a \u00e9t\u00e9 con\u00e7ue pour un secteur ou un point d&#8217;exploitation sp\u00e9cifique de votre installation. Ce secteur doit se trouver dans les limites du domaine d&#8217;utilisation de la pompe utilis\u00e9e.<br \/>\nChaque type de pompe a son propre domaine d&#8217;utilisation qui est donc diff\u00e9rent d&#8217;un type de pompe \u00e0 l&#8217;autre.<\/p>\n<p>Un manom\u00e8tre est le moyen le plus simple et le moins cher pour contr\u00f4ler que la pompe tourne bien conform\u00e9ment \u00e0 la courbe caract\u00e9ristique. Cette information permet d&#8217;\u00e9viter les dommages sur la pompe dus au syst\u00e8me. On peut ainsi anticiper \u00e0 temps une d\u00e9faillance de la pompe.<\/p>\n<p>La pression relev\u00e9e permet de d\u00e9terminer le d\u00e9bit correspondant au moyen de la courbe caract\u00e9ristique de la pompe. Vous avez un aper\u00e7u des informations n\u00e9cessaires \u00e0 votre processus \u00e0 tout moment.<br \/>\nProfitez de nos d\u00e9cennies d&#8217;exp\u00e9rience et de comp\u00e9tence pour contr\u00f4ler vos applications de pompes, nous vous y aiderons volontiers.<\/p>\n<p><b>Le point d&#8217;exploitation de votre pompe toujours \u00e0 l&#8217;\u0153il<\/b><br \/>\n\u2022 La pression de refoulement actuelle est directement lisible<br \/>\n-&gt; donne le d\u00e9bit actuel<\/p>\n<p>\u2022 Respecter la pression de refoulement minimale<br \/>\n-&gt; pr\u00e9venir les d\u00e9g\u00e2ts dus \u00e0 la cavitation<\/p>\n<p>\u2022 Ne pas d\u00e9passer la pression de refoulement maximale<br \/>\n-&gt; \u00e9viter les d\u00e9g\u00e2ts dus \u00e0 la surchauffe<\/p>\n<p>\u2022 Fonctionnement parfait de votre pompe<br \/>\n-&gt;la s\u00e9curit\u00e9 de vos processus est garantie<\/p>\n<p><a href=\"https:\/\/kracht-lutz-lukra-pumpen.de\/wp-content\/uploads\/2018\/03\/block_4.jpg\"><img loading=\"lazy\" decoding=\"async\" class=\"aligncenter size-medium wp-image-1178\" src=\"https:\/\/kracht-lutz-lukra-pumpen.de\/wp-content\/uploads\/2018\/03\/block_4-294x300.jpg\" alt=\"\" width=\"294\" height=\"300\" srcset=\"https:\/\/lukra-pumpen.de\/wp-content\/uploads\/2018\/03\/block_4-294x300.jpg 294w, https:\/\/lukra-pumpen.de\/wp-content\/uploads\/2018\/03\/block_4-768x784.jpg 768w, https:\/\/lukra-pumpen.de\/wp-content\/uploads\/2018\/03\/block_4-36x36.jpg 36w, https:\/\/lukra-pumpen.de\/wp-content\/uploads\/2018\/03\/block_4-690x705.jpg 690w, https:\/\/lukra-pumpen.de\/wp-content\/uploads\/2018\/03\/block_4-450x460.jpg 450w, https:\/\/lukra-pumpen.de\/wp-content\/uploads\/2018\/03\/block_4.jpg 799w\" sizes=\"auto, (max-width: 294px) 100vw, 294px\" \/><\/a><\/p>","protected":false},"excerpt":{"rendered":"<p>Savoir comment \u00e7a fonctionne! &#8211; le Manom\u00e8tre Important lors du contr\u00f4le de service pour d\u00e9terminer le point d&#8217;exploitation sur la courbe caract\u00e9ristique de la pompe. Recommand\u00e9 pour d\u00e9terminer la pression et le d\u00e9bit volumique indirect. Le tachym\u00e8tre de votre pompe &#8211; L&#8217;incontournable pour toutes les installations! Votre pompe a \u00e9t\u00e9 con\u00e7ue pour un secteur ou [&hellip;]<\/p>\n","protected":false},"featured_media":1256,"comment_status":"closed","ping_status":"closed","template":"","meta":[],"product_brand":[],"product_cat":[70,78,84,88],"product_tag":[],"class_list":{"0":"post-1732","1":"product","2":"type-product","3":"status-publish","4":"has-post-thumbnail","6":"product_cat-fasspumpen-zubehoer","7":"product_cat-hydraulik-zubehoer","8":"product_cat-kreiselpumpen-zubehoer","9":"product_cat-membran-pumpen-zubehoer","11":"first","12":"instock","13":"product-type-simple"},"_links":{"self":[{"href":"https:\/\/lukra-pumpen.de\/fr\/wp-json\/wp\/v2\/product\/1732","targetHints":{"allow":["GET"]}}],"collection":[{"href":"https:\/\/lukra-pumpen.de\/fr\/wp-json\/wp\/v2\/product"}],"about":[{"href":"https:\/\/lukra-pumpen.de\/fr\/wp-json\/wp\/v2\/types\/product"}],"replies":[{"embeddable":true,"href":"https:\/\/lukra-pumpen.de\/fr\/wp-json\/wp\/v2\/comments?post=1732"}],"wp:featuredmedia":[{"embeddable":true,"href":"https:\/\/lukra-pumpen.de\/fr\/wp-json\/wp\/v2\/media\/1256"}],"wp:attachment":[{"href":"https:\/\/lukra-pumpen.de\/fr\/wp-json\/wp\/v2\/media?parent=1732"}],"wp:term":[{"taxonomy":"product_brand","embeddable":true,"href":"https:\/\/lukra-pumpen.de\/fr\/wp-json\/wp\/v2\/product_brand?post=1732"},{"taxonomy":"product_cat","embeddable":true,"href":"https:\/\/lukra-pumpen.de\/fr\/wp-json\/wp\/v2\/product_cat?post=1732"},{"taxonomy":"product_tag","embeddable":true,"href":"https:\/\/lukra-pumpen.de\/fr\/wp-json\/wp\/v2\/product_tag?post=1732"}],"curies":[{"name":"wp","href":"https:\/\/api.w.org\/{rel}","templated":true}]}}