{"id":1733,"date":"2018-03-20T11:08:56","date_gmt":"2018-03-20T10:08:56","guid":{"rendered":"http:\/\/kracht-lutz-lukra-pumpen.de\/produkt\/dmp-saugrohre\/"},"modified":"2018-07-02T13:06:33","modified_gmt":"2018-07-02T12:06:33","slug":"dmp-saugrohre","status":"publish","type":"product","link":"https:\/\/lukra-pumpen.de\/fr\/product\/dmp-saugrohre\/","title":{"rendered":"DMP &#8211; tuyaux d&#8217;aspiration adapt\u00e9s"},"content":{"rendered":"<p><strong>tuyaux d&#8217;aspiration adapt\u00e9s sur mesure<\/strong><br \/>\naux pompes \u00e0 membranes par exemple pour aspirer directement \u00e0 partir des tonneaux<\/p>","protected":false},"excerpt":{"rendered":"<p>tuyaux d&#8217;aspiration adapt\u00e9s sur mesure aux pompes \u00e0 membranes par exemple pour aspirer directement \u00e0 partir des tonneaux<\/p>\n","protected":false},"featured_media":2260,"comment_status":"closed","ping_status":"closed","template":"","meta":[],"product_brand":[],"product_cat":[88],"product_tag":[],"class_list":{"0":"post-1733","1":"product","2":"type-product","3":"status-publish","4":"has-post-thumbnail","6":"product_cat-membran-pumpen-zubehoer","8":"first","9":"instock","10":"product-type-simple"},"_links":{"self":[{"href":"https:\/\/lukra-pumpen.de\/fr\/wp-json\/wp\/v2\/product\/1733","targetHints":{"allow":["GET"]}}],"collection":[{"href":"https:\/\/lukra-pumpen.de\/fr\/wp-json\/wp\/v2\/product"}],"about":[{"href":"https:\/\/lukra-pumpen.de\/fr\/wp-json\/wp\/v2\/types\/product"}],"replies":[{"embeddable":true,"href":"https:\/\/lukra-pumpen.de\/fr\/wp-json\/wp\/v2\/comments?post=1733"}],"wp:featuredmedia":[{"embeddable":true,"href":"https:\/\/lukra-pumpen.de\/fr\/wp-json\/wp\/v2\/media\/2260"}],"wp:attachment":[{"href":"https:\/\/lukra-pumpen.de\/fr\/wp-json\/wp\/v2\/media?parent=1733"}],"wp:term":[{"taxonomy":"product_brand","embeddable":true,"href":"https:\/\/lukra-pumpen.de\/fr\/wp-json\/wp\/v2\/product_brand?post=1733"},{"taxonomy":"product_cat","embeddable":true,"href":"https:\/\/lukra-pumpen.de\/fr\/wp-json\/wp\/v2\/product_cat?post=1733"},{"taxonomy":"product_tag","embeddable":true,"href":"https:\/\/lukra-pumpen.de\/fr\/wp-json\/wp\/v2\/product_tag?post=1733"}],"curies":[{"name":"wp","href":"https:\/\/api.w.org\/{rel}","templated":true}]}}