{"id":1734,"date":"2018-03-20T11:08:56","date_gmt":"2018-03-20T10:08:56","guid":{"rendered":"http:\/\/kracht-lutz-lukra-pumpen.de\/produkt\/mehrstufige-eintauch-pumpen\/"},"modified":"2018-03-26T17:48:54","modified_gmt":"2018-03-26T16:48:54","slug":"mehrstufige-eintauch-pumpen","status":"publish","type":"product","link":"https:\/\/lukra-pumpen.de\/fr\/product\/mehrstufige-eintauch-pumpen\/","title":{"rendered":"Pompe \u00e0 plusieurs \u00e9tages d\u2019immersion"},"content":{"rendered":"<p><strong>Pompe \u00e0 plusieurs \u00e9tages d\u2019immersion<\/strong><br \/>\npour l&#8217;augmentation de pression pour les hauteurs de pompage \u00e9lev\u00e9es avec d&#8217;excellentes performances hydrauliques \u00e0 une puissance d&#8217;entra\u00eenement faible. Utilisation par exemple sur les outils, les forets pour trous profonds \u00e0 refroidissement interne, \u00e9lectro-\u00e9rosion par fil<\/p>\n<p><strong>D\u00e9bit de<\/strong><br \/>\njusqu&#8217;\u00e0 600 l\/min<\/p>\n<p><strong>Pression de refoulement de<\/strong><br \/>\njusqu&#8217;\u00e0 230 mFH<\/p>\n<p><strong>Mat\u00e9riaux<\/strong><br \/>\nfonte grise, bronze, acier CrNi, PBTP<\/p>\n<p><strong>M\u00e9diums<\/strong><br \/>\neau, \u00e9mulsions de refroidissement, huile de refroidissement et de coupe, autres m\u00e9diums sur demande<\/p>","protected":false},"excerpt":{"rendered":"<p>Pompe \u00e0 plusieurs \u00e9tages d\u2019immersion pour l&#8217;augmentation de pression pour les hauteurs de pompage \u00e9lev\u00e9es avec d&#8217;excellentes performances hydrauliques \u00e0 une puissance d&#8217;entra\u00eenement faible. Utilisation par exemple sur les outils, les forets pour trous profonds \u00e0 refroidissement interne, \u00e9lectro-\u00e9rosion par fil D\u00e9bit de jusqu&#8217;\u00e0 600 l\/min Pression de refoulement de jusqu&#8217;\u00e0 230 mFH Mat\u00e9riaux fonte [&hellip;]<\/p>\n","protected":false},"featured_media":1258,"comment_status":"closed","ping_status":"closed","template":"","meta":[],"product_brand":[],"product_cat":[97,80,79,98,81],"product_tag":[],"class_list":{"0":"post-1734","1":"product","2":"type-product","3":"status-publish","4":"has-post-thumbnail","6":"product_cat-behaelterpumpen","7":"product_cat-eintauch-pumpen","8":"product_cat-kreiselpumpen","9":"product_cat-kuehlmittelpumpen","10":"product_cat-normalansaugende-kreiselpumpen","12":"first","13":"instock","14":"product-type-simple"},"_links":{"self":[{"href":"https:\/\/lukra-pumpen.de\/fr\/wp-json\/wp\/v2\/product\/1734","targetHints":{"allow":["GET"]}}],"collection":[{"href":"https:\/\/lukra-pumpen.de\/fr\/wp-json\/wp\/v2\/product"}],"about":[{"href":"https:\/\/lukra-pumpen.de\/fr\/wp-json\/wp\/v2\/types\/product"}],"replies":[{"embeddable":true,"href":"https:\/\/lukra-pumpen.de\/fr\/wp-json\/wp\/v2\/comments?post=1734"}],"wp:featuredmedia":[{"embeddable":true,"href":"https:\/\/lukra-pumpen.de\/fr\/wp-json\/wp\/v2\/media\/1258"}],"wp:attachment":[{"href":"https:\/\/lukra-pumpen.de\/fr\/wp-json\/wp\/v2\/media?parent=1734"}],"wp:term":[{"taxonomy":"product_brand","embeddable":true,"href":"https:\/\/lukra-pumpen.de\/fr\/wp-json\/wp\/v2\/product_brand?post=1734"},{"taxonomy":"product_cat","embeddable":true,"href":"https:\/\/lukra-pumpen.de\/fr\/wp-json\/wp\/v2\/product_cat?post=1734"},{"taxonomy":"product_tag","embeddable":true,"href":"https:\/\/lukra-pumpen.de\/fr\/wp-json\/wp\/v2\/product_tag?post=1734"}],"curies":[{"name":"wp","href":"https:\/\/api.w.org\/{rel}","templated":true}]}}