{"id":1735,"date":"2018-03-20T11:08:56","date_gmt":"2018-03-20T10:08:56","guid":{"rendered":"http:\/\/kracht-lutz-lukra-pumpen.de\/produkt\/mehrstufige-eintauchpumpe\/"},"modified":"2018-03-26T17:48:59","modified_gmt":"2018-03-26T16:48:59","slug":"mehrstufige-eintauchpumpe","status":"publish","type":"product","link":"https:\/\/lukra-pumpen.de\/fr\/product\/mehrstufige-eintauchpumpe\/","title":{"rendered":"Pompe d&#8217;immersion \u00e0 plusieurs \u00e9tages"},"content":{"rendered":"<p><strong>Pompe d&#8217;immersion \u00e0 plusieurs \u00e9tages<\/strong><br \/>\net pompe d&#8217;augmentation de pression avec joint d&#8217;\u00e9tanch\u00e9it\u00e9 rotatif et roues de roulement ferm\u00e9es pour les hauteurs de pompage \u00e9lev\u00e9es avec d&#8217;excellentes performances hydrauliques \u00e0 des puissances d&#8217;entra\u00eenement faibles<br \/>\nEn option: Mod\u00e8le pour installation hors d&#8217;eau<br \/>\nUtilisation par exemple sur les outils, les forets pour trous profonds, les ponceuses \u00e0 refroidissement interne (mod\u00e8le E)<\/p>\n<p><strong>D\u00e9bit de<\/strong><br \/>\njusqu&#8217;\u00e0 500 l\/min<\/p>\n<p><strong>Pression de refoulement de<\/strong><br \/>\njusqu&#8217;\u00e0 250 mFH ou de jusqu&#8217;\u00e0 500 mFH en tandem pour augmenter la pression<\/p>\n<p><strong>Mat\u00e9riaux<\/strong><br \/>\nfonte grise, acier CrNi<\/p>\n<p><strong>M\u00e9diums<\/strong><br \/>\neau, \u00e9mulsion de refroidissement, huiles de refroidissement et de coupe<\/p>","protected":false},"excerpt":{"rendered":"<p>Pompe d&#8217;immersion \u00e0 plusieurs \u00e9tages et pompe d&#8217;augmentation de pression avec joint d&#8217;\u00e9tanch\u00e9it\u00e9 rotatif et roues de roulement ferm\u00e9es pour les hauteurs de pompage \u00e9lev\u00e9es avec d&#8217;excellentes performances hydrauliques \u00e0 des puissances d&#8217;entra\u00eenement faibles En option: Mod\u00e8le pour installation hors d&#8217;eau Utilisation par exemple sur les outils, les forets pour trous profonds, les ponceuses \u00e0 [&hellip;]<\/p>\n","protected":false},"featured_media":1259,"comment_status":"closed","ping_status":"closed","template":"","meta":[],"product_brand":[],"product_cat":[97,80,79,98,81],"product_tag":[],"class_list":{"0":"post-1735","1":"product","2":"type-product","3":"status-publish","4":"has-post-thumbnail","6":"product_cat-behaelterpumpen","7":"product_cat-eintauch-pumpen","8":"product_cat-kreiselpumpen","9":"product_cat-kuehlmittelpumpen","10":"product_cat-normalansaugende-kreiselpumpen","12":"first","13":"instock","14":"product-type-simple"},"_links":{"self":[{"href":"https:\/\/lukra-pumpen.de\/fr\/wp-json\/wp\/v2\/product\/1735","targetHints":{"allow":["GET"]}}],"collection":[{"href":"https:\/\/lukra-pumpen.de\/fr\/wp-json\/wp\/v2\/product"}],"about":[{"href":"https:\/\/lukra-pumpen.de\/fr\/wp-json\/wp\/v2\/types\/product"}],"replies":[{"embeddable":true,"href":"https:\/\/lukra-pumpen.de\/fr\/wp-json\/wp\/v2\/comments?post=1735"}],"wp:featuredmedia":[{"embeddable":true,"href":"https:\/\/lukra-pumpen.de\/fr\/wp-json\/wp\/v2\/media\/1259"}],"wp:attachment":[{"href":"https:\/\/lukra-pumpen.de\/fr\/wp-json\/wp\/v2\/media?parent=1735"}],"wp:term":[{"taxonomy":"product_brand","embeddable":true,"href":"https:\/\/lukra-pumpen.de\/fr\/wp-json\/wp\/v2\/product_brand?post=1735"},{"taxonomy":"product_cat","embeddable":true,"href":"https:\/\/lukra-pumpen.de\/fr\/wp-json\/wp\/v2\/product_cat?post=1735"},{"taxonomy":"product_tag","embeddable":true,"href":"https:\/\/lukra-pumpen.de\/fr\/wp-json\/wp\/v2\/product_tag?post=1735"}],"curies":[{"name":"wp","href":"https:\/\/api.w.org\/{rel}","templated":true}]}}