{"id":1736,"date":"2018-03-01T11:15:56","date_gmt":"2018-03-01T10:15:56","guid":{"rendered":"http:\/\/kracht-lutz-lukra-pumpen.de\/produkt\/mengenmesser-fuer-fasspumpen\/"},"modified":"2018-07-02T14:38:28","modified_gmt":"2018-07-02T13:38:28","slug":"mengenmesser-fuer-fasspumpen","status":"publish","type":"product","link":"https:\/\/lukra-pumpen.de\/fr\/product\/mengenmesser-fuer-fasspumpen\/","title":{"rendered":"Compteur volum\u00e9trique"},"content":{"rendered":"<p><strong>Compteur volum\u00e9trique<\/strong><br \/>\ndans un mod\u00e8le prot\u00e9g\u00e9 contre les explosions ou non<\/p>\n<p><strong>D\u00e9bit de<\/strong><br \/>\n3 \u00e0 350 l\/min<\/p>\n<p><strong>Pressions de service de<\/strong><br \/>\n10 \u00e0 55 bars maximum<\/p>\n<p><strong>Mat\u00e9riaux<\/strong><br \/>\nPPS, aluminium, acier inoxydable<br \/>\n<\/p>","protected":false},"excerpt":{"rendered":"<p>Compteur volum\u00e9trique dans un mod\u00e8le prot\u00e9g\u00e9 contre les explosions ou non D\u00e9bit de 3 \u00e0 350 l\/min Pressions de service de 10 \u00e0 55 bars maximum Mat\u00e9riaux PPS, aluminium, acier inoxydable<\/p>\n","protected":false},"featured_media":1262,"comment_status":"closed","ping_status":"closed","template":"","meta":[],"product_brand":[],"product_cat":[70],"product_tag":[],"class_list":{"0":"post-1736","1":"product","2":"type-product","3":"status-publish","4":"has-post-thumbnail","6":"product_cat-fasspumpen-zubehoer","8":"first","9":"instock","10":"product-type-simple"},"_links":{"self":[{"href":"https:\/\/lukra-pumpen.de\/fr\/wp-json\/wp\/v2\/product\/1736","targetHints":{"allow":["GET"]}}],"collection":[{"href":"https:\/\/lukra-pumpen.de\/fr\/wp-json\/wp\/v2\/product"}],"about":[{"href":"https:\/\/lukra-pumpen.de\/fr\/wp-json\/wp\/v2\/types\/product"}],"replies":[{"embeddable":true,"href":"https:\/\/lukra-pumpen.de\/fr\/wp-json\/wp\/v2\/comments?post=1736"}],"wp:featuredmedia":[{"embeddable":true,"href":"https:\/\/lukra-pumpen.de\/fr\/wp-json\/wp\/v2\/media\/1262"}],"wp:attachment":[{"href":"https:\/\/lukra-pumpen.de\/fr\/wp-json\/wp\/v2\/media?parent=1736"}],"wp:term":[{"taxonomy":"product_brand","embeddable":true,"href":"https:\/\/lukra-pumpen.de\/fr\/wp-json\/wp\/v2\/product_brand?post=1736"},{"taxonomy":"product_cat","embeddable":true,"href":"https:\/\/lukra-pumpen.de\/fr\/wp-json\/wp\/v2\/product_cat?post=1736"},{"taxonomy":"product_tag","embeddable":true,"href":"https:\/\/lukra-pumpen.de\/fr\/wp-json\/wp\/v2\/product_tag?post=1736"}],"curies":[{"name":"wp","href":"https:\/\/api.w.org\/{rel}","templated":true}]}}