{"id":1739,"date":"2018-03-20T11:08:56","date_gmt":"2018-03-20T10:08:56","guid":{"rendered":"http:\/\/kracht-lutz-lukra-pumpen.de\/produkt\/peripheralrad-pumpe\/"},"modified":"2018-03-21T09:21:53","modified_gmt":"2018-03-21T08:21:53","slug":"peripheralrad-pumpe","status":"publish","type":"product","link":"https:\/\/lukra-pumpen.de\/fr\/product\/peripheralrad-pumpe\/","title":{"rendered":"Pompe \u00e0 roue \u00e0 acc\u00e9l\u00e9ration p\u00e9riph\u00e9rique"},"content":{"rendered":"<p><strong>Petite pompe p\u00e9riph\u00e9rique \u00e0 un \u00e9tage en construction par blocs avec roues de roulement \u00e0 acc\u00e9l\u00e9ration p\u00e9riph\u00e9rique ouvertes pour les hauteurs de pompage moyennes<\/strong><\/p>\n<p><strong>D\u00e9bit de<\/strong><br \/>\njusqu&#8217;\u00e0 40 l\/min<\/p>\n<p><strong>Pression de refoulement de<\/strong><br \/>\njusqu&#8217;\u00e0 60 mFH<\/p>\n<p><strong>Mat\u00e9riaux<\/strong><br \/>\nbronze, laiton, acier Cr<\/p>\n<p><strong>M\u00e9diums<\/strong><br \/>\neau propre jusqu&#8217;\u00e0 140 \u00b0C, lubrifiants de refroidissement<\/p>","protected":false},"excerpt":{"rendered":"","protected":false},"featured_media":1184,"comment_status":"closed","ping_status":"closed","template":"","meta":[],"product_brand":[],"product_cat":[79,81],"product_tag":[],"class_list":{"0":"post-1739","1":"product","2":"type-product","3":"status-publish","4":"has-post-thumbnail","6":"product_cat-kreiselpumpen","7":"product_cat-normalansaugende-kreiselpumpen","9":"first","10":"instock","11":"product-type-simple"},"_links":{"self":[{"href":"https:\/\/lukra-pumpen.de\/fr\/wp-json\/wp\/v2\/product\/1739","targetHints":{"allow":["GET"]}}],"collection":[{"href":"https:\/\/lukra-pumpen.de\/fr\/wp-json\/wp\/v2\/product"}],"about":[{"href":"https:\/\/lukra-pumpen.de\/fr\/wp-json\/wp\/v2\/types\/product"}],"replies":[{"embeddable":true,"href":"https:\/\/lukra-pumpen.de\/fr\/wp-json\/wp\/v2\/comments?post=1739"}],"wp:featuredmedia":[{"embeddable":true,"href":"https:\/\/lukra-pumpen.de\/fr\/wp-json\/wp\/v2\/media\/1184"}],"wp:attachment":[{"href":"https:\/\/lukra-pumpen.de\/fr\/wp-json\/wp\/v2\/media?parent=1739"}],"wp:term":[{"taxonomy":"product_brand","embeddable":true,"href":"https:\/\/lukra-pumpen.de\/fr\/wp-json\/wp\/v2\/product_brand?post=1739"},{"taxonomy":"product_cat","embeddable":true,"href":"https:\/\/lukra-pumpen.de\/fr\/wp-json\/wp\/v2\/product_cat?post=1739"},{"taxonomy":"product_tag","embeddable":true,"href":"https:\/\/lukra-pumpen.de\/fr\/wp-json\/wp\/v2\/product_tag?post=1739"}],"curies":[{"name":"wp","href":"https:\/\/api.w.org\/{rel}","templated":true}]}}