{"id":1742,"date":"2018-03-05T11:15:12","date_gmt":"2018-03-05T10:15:12","guid":{"rendered":"http:\/\/kracht-lutz-lukra-pumpen.de\/produkt\/fasspumpen-pumpwerk-alu\/"},"modified":"2018-07-02T15:01:11","modified_gmt":"2018-07-02T14:01:11","slug":"fasspumpen-pumpwerk-alu","status":"publish","type":"product","link":"https:\/\/lukra-pumpen.de\/fr\/produkt\/fasspumpen-pumpwerk-alu\/","title":{"rendered":"Installation de pompage Alu"},"content":{"rendered":"<p><strong>Installation de pompage Alu<\/strong><\/p>\n<p><strong>D\u00e9bit de<\/strong><br \/>\njusqu&rsquo;\u00e0 180 l\/min<\/p>\n<p><strong>Pression de refoulement de<\/strong><br \/>\njusqu&rsquo;\u00e0 22 mFH<\/p>\n<p><strong>Mat\u00e9riau<\/strong><br \/>\naluminium<\/p>\n<p><strong>M\u00e9dium<\/strong><br \/>\nliquides neutres, difficilement inflammables<\/p>","protected":false},"excerpt":{"rendered":"<p>Installation de pompage Alu D\u00e9bit de jusqu&rsquo;\u00e0 180 l\/min Pression de refoulement de jusqu&rsquo;\u00e0 22 mFH Mat\u00e9riau aluminium M\u00e9dium liquides neutres, difficilement inflammables<\/p>\n","protected":false},"featured_media":1278,"comment_status":"closed","ping_status":"closed","template":"","meta":[],"product_brand":[],"product_cat":[68,66],"product_tag":[],"class_list":{"0":"post-1742","1":"product","2":"type-product","3":"status-publish","4":"has-post-thumbnail","6":"product_cat-fass-pumpen-pumpwerke","7":"product_cat-fasspumpen-containerpumpen","9":"first","10":"instock","11":"product-type-simple"},"yoast_head":"<!-- This site is optimized with the Yoast SEO plugin v27.3 - https:\/\/yoast.com\/product\/yoast-seo-wordpress\/ -->\n<title>Installation de pompage Alu - LUKRA Pumpen<\/title>\n<meta name=\"robots\" content=\"index, follow, max-snippet:-1, max-image-preview:large, max-video-preview:-1\" \/>\n<link rel=\"canonical\" href=\"https:\/\/lukra-pumpen.de\/produkt\/fasspumpen-pumpwerk-alu\/\" \/>\n<meta property=\"og:locale\" content=\"fr_FR\" \/>\n<meta property=\"og:type\" content=\"article\" \/>\n<meta property=\"og:title\" content=\"Installation de pompage Alu - LUKRA Pumpen\" \/>\n<meta property=\"og:description\" content=\"Installation de pompage Alu D\u00e9bit de jusqu&rsquo;\u00e0 180 l\/min Pression de refoulement de jusqu&rsquo;\u00e0 22 mFH Mat\u00e9riau aluminium M\u00e9dium liquides neutres, difficilement inflammables\" \/>\n<meta property=\"og:url\" content=\"https:\/\/lukra-pumpen.de\/produkt\/fasspumpen-pumpwerk-alu\/\" \/>\n<meta property=\"og:site_name\" content=\"LUKRA Pumpen\" \/>\n<meta property=\"article:modified_time\" content=\"2018-07-02T14:01:11+00:00\" \/>\n<meta property=\"og:image\" content=\"https:\/\/lukra-pumpen.de\/wp-content\/uploads\/2018\/03\/pw_alu.jpg\" \/>\n\t<meta property=\"og:image:width\" content=\"713\" \/>\n\t<meta property=\"og:image:height\" content=\"417\" \/>\n\t<meta property=\"og:image:type\" content=\"image\/jpeg\" \/>\n<meta name=\"twitter:card\" content=\"summary_large_image\" \/>\n<script type=\"application\/ld+json\" class=\"yoast-schema-graph\">{\"@context\":\"https:\\\/\\\/schema.org\",\"@graph\":[{\"@type\":\"WebPage\",\"@id\":\"https:\\\/\\\/lukra-pumpen.de\\\/produkt\\\/fasspumpen-pumpwerk-alu\\\/\",\"url\":\"https:\\\/\\\/lukra-pumpen.de\\\/produkt\\\/fasspumpen-pumpwerk-alu\\\/\",\"name\":\"Installation de pompage Alu - LUKRA Pumpen\",\"isPartOf\":{\"@id\":\"https:\\\/\\\/lukra-pumpen.de\\\/#website\"},\"primaryImageOfPage\":{\"@id\":\"https:\\\/\\\/lukra-pumpen.de\\\/produkt\\\/fasspumpen-pumpwerk-alu\\\/#primaryimage\"},\"image\":{\"@id\":\"https:\\\/\\\/lukra-pumpen.de\\\/produkt\\\/fasspumpen-pumpwerk-alu\\\/#primaryimage\"},\"thumbnailUrl\":\"https:\\\/\\\/lukra-pumpen.de\\\/wp-content\\\/uploads\\\/2018\\\/03\\\/pw_alu.jpg\",\"datePublished\":\"2018-03-05T10:15:12+00:00\",\"dateModified\":\"2018-07-02T14:01:11+00:00\",\"breadcrumb\":{\"@id\":\"https:\\\/\\\/lukra-pumpen.de\\\/produkt\\\/fasspumpen-pumpwerk-alu\\\/#breadcrumb\"},\"inLanguage\":\"fr-FR\",\"potentialAction\":[{\"@type\":\"ReadAction\",\"target\":[\"https:\\\/\\\/lukra-pumpen.de\\\/produkt\\\/fasspumpen-pumpwerk-alu\\\/\"]}]},{\"@type\":\"ImageObject\",\"inLanguage\":\"fr-FR\",\"@id\":\"https:\\\/\\\/lukra-pumpen.de\\\/produkt\\\/fasspumpen-pumpwerk-alu\\\/#primaryimage\",\"url\":\"https:\\\/\\\/lukra-pumpen.de\\\/wp-content\\\/uploads\\\/2018\\\/03\\\/pw_alu.jpg\",\"contentUrl\":\"https:\\\/\\\/lukra-pumpen.de\\\/wp-content\\\/uploads\\\/2018\\\/03\\\/pw_alu.jpg\",\"width\":713,\"height\":417},{\"@type\":\"BreadcrumbList\",\"@id\":\"https:\\\/\\\/lukra-pumpen.de\\\/produkt\\\/fasspumpen-pumpwerk-alu\\\/#breadcrumb\",\"itemListElement\":[{\"@type\":\"ListItem\",\"position\":1,\"name\":\"Startseite\",\"item\":\"https:\\\/\\\/lukra-pumpen.de\\\/home\\\/\"},{\"@type\":\"ListItem\",\"position\":2,\"name\":\"Shop\",\"item\":\"https:\\\/\\\/lukra-pumpen.de\\\/shop\\\/\"},{\"@type\":\"ListItem\",\"position\":3,\"name\":\"Fasspumpen Pumpwerk Alu\"}]},{\"@type\":\"WebSite\",\"@id\":\"https:\\\/\\\/lukra-pumpen.de\\\/#website\",\"url\":\"https:\\\/\\\/lukra-pumpen.de\\\/\",\"name\":\"LUKRA Pumpen\",\"description\":\"Fluid in Motion\",\"potentialAction\":[{\"@type\":\"SearchAction\",\"target\":{\"@type\":\"EntryPoint\",\"urlTemplate\":\"https:\\\/\\\/lukra-pumpen.de\\\/?s={search_term_string}\"},\"query-input\":{\"@type\":\"PropertyValueSpecification\",\"valueRequired\":true,\"valueName\":\"search_term_string\"}}],\"inLanguage\":\"fr-FR\"}]}<\/script>\n<!-- \/ Yoast SEO plugin. -->","yoast_head_json":{"title":"Installation de pompage Alu - LUKRA Pumpen","robots":{"index":"index","follow":"follow","max-snippet":"max-snippet:-1","max-image-preview":"max-image-preview:large","max-video-preview":"max-video-preview:-1"},"canonical":"https:\/\/lukra-pumpen.de\/produkt\/fasspumpen-pumpwerk-alu\/","og_locale":"fr_FR","og_type":"article","og_title":"Installation de pompage Alu - LUKRA Pumpen","og_description":"Installation de pompage Alu D\u00e9bit de jusqu&rsquo;\u00e0 180 l\/min Pression de refoulement de jusqu&rsquo;\u00e0 22 mFH Mat\u00e9riau aluminium M\u00e9dium liquides neutres, difficilement inflammables","og_url":"https:\/\/lukra-pumpen.de\/produkt\/fasspumpen-pumpwerk-alu\/","og_site_name":"LUKRA Pumpen","article_modified_time":"2018-07-02T14:01:11+00:00","og_image":[{"width":713,"height":417,"url":"https:\/\/lukra-pumpen.de\/wp-content\/uploads\/2018\/03\/pw_alu.jpg","type":"image\/jpeg"}],"twitter_card":"summary_large_image","schema":{"@context":"https:\/\/schema.org","@graph":[{"@type":"WebPage","@id":"https:\/\/lukra-pumpen.de\/produkt\/fasspumpen-pumpwerk-alu\/","url":"https:\/\/lukra-pumpen.de\/produkt\/fasspumpen-pumpwerk-alu\/","name":"Installation de pompage Alu - LUKRA Pumpen","isPartOf":{"@id":"https:\/\/lukra-pumpen.de\/#website"},"primaryImageOfPage":{"@id":"https:\/\/lukra-pumpen.de\/produkt\/fasspumpen-pumpwerk-alu\/#primaryimage"},"image":{"@id":"https:\/\/lukra-pumpen.de\/produkt\/fasspumpen-pumpwerk-alu\/#primaryimage"},"thumbnailUrl":"https:\/\/lukra-pumpen.de\/wp-content\/uploads\/2018\/03\/pw_alu.jpg","datePublished":"2018-03-05T10:15:12+00:00","dateModified":"2018-07-02T14:01:11+00:00","breadcrumb":{"@id":"https:\/\/lukra-pumpen.de\/produkt\/fasspumpen-pumpwerk-alu\/#breadcrumb"},"inLanguage":"fr-FR","potentialAction":[{"@type":"ReadAction","target":["https:\/\/lukra-pumpen.de\/produkt\/fasspumpen-pumpwerk-alu\/"]}]},{"@type":"ImageObject","inLanguage":"fr-FR","@id":"https:\/\/lukra-pumpen.de\/produkt\/fasspumpen-pumpwerk-alu\/#primaryimage","url":"https:\/\/lukra-pumpen.de\/wp-content\/uploads\/2018\/03\/pw_alu.jpg","contentUrl":"https:\/\/lukra-pumpen.de\/wp-content\/uploads\/2018\/03\/pw_alu.jpg","width":713,"height":417},{"@type":"BreadcrumbList","@id":"https:\/\/lukra-pumpen.de\/produkt\/fasspumpen-pumpwerk-alu\/#breadcrumb","itemListElement":[{"@type":"ListItem","position":1,"name":"Startseite","item":"https:\/\/lukra-pumpen.de\/home\/"},{"@type":"ListItem","position":2,"name":"Shop","item":"https:\/\/lukra-pumpen.de\/shop\/"},{"@type":"ListItem","position":3,"name":"Fasspumpen Pumpwerk Alu"}]},{"@type":"WebSite","@id":"https:\/\/lukra-pumpen.de\/#website","url":"https:\/\/lukra-pumpen.de\/","name":"LUKRA Pumpen","description":"Fluid in Motion","potentialAction":[{"@type":"SearchAction","target":{"@type":"EntryPoint","urlTemplate":"https:\/\/lukra-pumpen.de\/?s={search_term_string}"},"query-input":{"@type":"PropertyValueSpecification","valueRequired":true,"valueName":"search_term_string"}}],"inLanguage":"fr-FR"}]}},"_links":{"self":[{"href":"https:\/\/lukra-pumpen.de\/fr\/wp-json\/wp\/v2\/product\/1742","targetHints":{"allow":["GET"]}}],"collection":[{"href":"https:\/\/lukra-pumpen.de\/fr\/wp-json\/wp\/v2\/product"}],"about":[{"href":"https:\/\/lukra-pumpen.de\/fr\/wp-json\/wp\/v2\/types\/product"}],"replies":[{"embeddable":true,"href":"https:\/\/lukra-pumpen.de\/fr\/wp-json\/wp\/v2\/comments?post=1742"}],"wp:featuredmedia":[{"embeddable":true,"href":"https:\/\/lukra-pumpen.de\/fr\/wp-json\/wp\/v2\/media\/1278"}],"wp:attachment":[{"href":"https:\/\/lukra-pumpen.de\/fr\/wp-json\/wp\/v2\/media?parent=1742"}],"wp:term":[{"taxonomy":"product_brand","embeddable":true,"href":"https:\/\/lukra-pumpen.de\/fr\/wp-json\/wp\/v2\/product_brand?post=1742"},{"taxonomy":"product_cat","embeddable":true,"href":"https:\/\/lukra-pumpen.de\/fr\/wp-json\/wp\/v2\/product_cat?post=1742"},{"taxonomy":"product_tag","embeddable":true,"href":"https:\/\/lukra-pumpen.de\/fr\/wp-json\/wp\/v2\/product_tag?post=1742"}],"curies":[{"name":"wp","href":"https:\/\/api.w.org\/{rel}","templated":true}]}}