{"id":1745,"date":"2018-03-05T11:15:12","date_gmt":"2018-03-05T10:15:12","guid":{"rendered":"http:\/\/kracht-lutz-lukra-pumpen.de\/produkt\/fasspumpen-pumpwerk-hc\/"},"modified":"2018-07-02T15:03:03","modified_gmt":"2018-07-02T14:03:03","slug":"fasspumpen-pumpwerk-hc","status":"publish","type":"product","link":"https:\/\/lukra-pumpen.de\/fr\/product\/fasspumpen-pumpwerk-hc\/","title":{"rendered":"Installation de pompage HC"},"content":{"rendered":"<p><strong>Installation de pompage HC<\/strong><\/p>\n<p><strong>D\u00e9bit de<\/strong><br \/>\njusqu&#8217;\u00e0 180 l\/min<\/p>\n<p><strong>Pression de refoulement de<\/strong><br \/>\njusqu&#8217;\u00e0 14,5 m<\/p>\n<p><strong>Mat\u00e9riaux<\/strong><br \/>\nHastelloy<\/p>\n<p><strong>M\u00e9dium<\/strong><br \/>\nproduits chimiques extr\u00eamement corrosifs, produits chimiques facilement inflammables<\/p>\n<p><\/p>","protected":false},"excerpt":{"rendered":"<p>Installation de pompage HC D\u00e9bit de jusqu&#8217;\u00e0 180 l\/min Pression de refoulement de jusqu&#8217;\u00e0 14,5 m Mat\u00e9riaux Hastelloy M\u00e9dium produits chimiques extr\u00eamement corrosifs, produits chimiques facilement inflammables<\/p>\n","protected":false},"featured_media":1280,"comment_status":"closed","ping_status":"closed","template":"","meta":[],"product_brand":[],"product_cat":[68,66],"product_tag":[],"class_list":{"0":"post-1745","1":"product","2":"type-product","3":"status-publish","4":"has-post-thumbnail","6":"product_cat-fass-pumpen-pumpwerke","7":"product_cat-fasspumpen-containerpumpen","9":"first","10":"instock","11":"product-type-simple"},"_links":{"self":[{"href":"https:\/\/lukra-pumpen.de\/fr\/wp-json\/wp\/v2\/product\/1745","targetHints":{"allow":["GET"]}}],"collection":[{"href":"https:\/\/lukra-pumpen.de\/fr\/wp-json\/wp\/v2\/product"}],"about":[{"href":"https:\/\/lukra-pumpen.de\/fr\/wp-json\/wp\/v2\/types\/product"}],"replies":[{"embeddable":true,"href":"https:\/\/lukra-pumpen.de\/fr\/wp-json\/wp\/v2\/comments?post=1745"}],"wp:featuredmedia":[{"embeddable":true,"href":"https:\/\/lukra-pumpen.de\/fr\/wp-json\/wp\/v2\/media\/1280"}],"wp:attachment":[{"href":"https:\/\/lukra-pumpen.de\/fr\/wp-json\/wp\/v2\/media?parent=1745"}],"wp:term":[{"taxonomy":"product_brand","embeddable":true,"href":"https:\/\/lukra-pumpen.de\/fr\/wp-json\/wp\/v2\/product_brand?post=1745"},{"taxonomy":"product_cat","embeddable":true,"href":"https:\/\/lukra-pumpen.de\/fr\/wp-json\/wp\/v2\/product_cat?post=1745"},{"taxonomy":"product_tag","embeddable":true,"href":"https:\/\/lukra-pumpen.de\/fr\/wp-json\/wp\/v2\/product_tag?post=1745"}],"curies":[{"name":"wp","href":"https:\/\/api.w.org\/{rel}","templated":true}]}}