{"id":1746,"date":"2018-03-05T11:10:12","date_gmt":"2018-03-05T10:10:12","guid":{"rendered":"http:\/\/kracht-lutz-lukra-pumpen.de\/produkt\/fasspumpen-pumpwerk-hd-e\/"},"modified":"2018-07-02T15:02:42","modified_gmt":"2018-07-02T14:02:42","slug":"fasspumpen-pumpwerk-hd-e","status":"publish","type":"product","link":"https:\/\/lukra-pumpen.de\/fr\/product\/fasspumpen-pumpwerk-hd-e\/","title":{"rendered":"Installation de pompage HD-E"},"content":{"rendered":"<p><strong>Installation de pompage HD-E<\/strong><br \/>\nCes pompes \u00e0 tambour sont con\u00e7ues pour les milieux abrasifs, solides et sensibles au cisaillement.<\/p>\n<p><strong>D\u00e9bit de<\/strong><br \/>\njusqu&#8217;\u00e0 20 l\/min<\/p>\n<p><strong>Pression de refoulement de<\/strong><br \/>\njusqu&#8217;\u00e0 4 bars<\/p>\n<p><strong>Mat\u00e9riau<\/strong><br \/>\nacier inoxydable<\/p>\n<p><strong>M\u00e9diums<\/strong><br \/>\npour des viscosit\u00e9s de 500 \u00e0 4\u00a0000 mPas<\/p>","protected":false},"excerpt":{"rendered":"<p>Installation de pompage HD-E Ces pompes \u00e0 tambour sont con\u00e7ues pour les milieux abrasifs, solides et sensibles au cisaillement. D\u00e9bit de jusqu&#8217;\u00e0 20 l\/min Pression de refoulement de jusqu&#8217;\u00e0 4 bars Mat\u00e9riau acier inoxydable M\u00e9diums pour des viscosit\u00e9s de 500 \u00e0 4\u00a0000 mPas<\/p>\n","protected":false},"featured_media":2251,"comment_status":"closed","ping_status":"closed","template":"","meta":[],"product_brand":[],"product_cat":[68,66],"product_tag":[],"class_list":{"0":"post-1746","1":"product","2":"type-product","3":"status-publish","4":"has-post-thumbnail","6":"product_cat-fass-pumpen-pumpwerke","7":"product_cat-fasspumpen-containerpumpen","9":"first","10":"instock","11":"product-type-simple"},"_links":{"self":[{"href":"https:\/\/lukra-pumpen.de\/fr\/wp-json\/wp\/v2\/product\/1746","targetHints":{"allow":["GET"]}}],"collection":[{"href":"https:\/\/lukra-pumpen.de\/fr\/wp-json\/wp\/v2\/product"}],"about":[{"href":"https:\/\/lukra-pumpen.de\/fr\/wp-json\/wp\/v2\/types\/product"}],"replies":[{"embeddable":true,"href":"https:\/\/lukra-pumpen.de\/fr\/wp-json\/wp\/v2\/comments?post=1746"}],"wp:featuredmedia":[{"embeddable":true,"href":"https:\/\/lukra-pumpen.de\/fr\/wp-json\/wp\/v2\/media\/2251"}],"wp:attachment":[{"href":"https:\/\/lukra-pumpen.de\/fr\/wp-json\/wp\/v2\/media?parent=1746"}],"wp:term":[{"taxonomy":"product_brand","embeddable":true,"href":"https:\/\/lukra-pumpen.de\/fr\/wp-json\/wp\/v2\/product_brand?post=1746"},{"taxonomy":"product_cat","embeddable":true,"href":"https:\/\/lukra-pumpen.de\/fr\/wp-json\/wp\/v2\/product_cat?post=1746"},{"taxonomy":"product_tag","embeddable":true,"href":"https:\/\/lukra-pumpen.de\/fr\/wp-json\/wp\/v2\/product_tag?post=1746"}],"curies":[{"name":"wp","href":"https:\/\/api.w.org\/{rel}","templated":true}]}}