{"id":1751,"date":"2018-03-05T11:15:12","date_gmt":"2018-03-05T10:15:12","guid":{"rendered":"http:\/\/kracht-lutz-lukra-pumpen.de\/produkt\/fasspumpen-pumpwerk-re-pp\/"},"modified":"2018-07-02T15:04:20","modified_gmt":"2018-07-02T14:04:20","slug":"fasspumpen-pumpwerk-re-pp","status":"publish","type":"product","link":"https:\/\/lukra-pumpen.de\/fr\/product\/fasspumpen-pumpwerk-re-pp\/","title":{"rendered":"Installation de pompage RE-PP"},"content":{"rendered":"<p><strong>Installation de pompage RE-PP<\/strong><br \/>\nUn bouchon d&#8217;\u00e9tanch\u00e9it\u00e9 dans le pied de la pompe emp\u00eache le fluide de refluer dans le r\u00e9cipient, permettant ainsi de vider compl\u00e8tement les r\u00e9cipients.<\/p>\n<p><strong>D\u00e9bit de<\/strong><br \/>\njusqu&#8217;\u00e0 70 l\/min<\/p>\n<p><strong>Pression de refoulement de<\/strong><br \/>\njusqu&#8217;\u00e0 15 mFH<\/p>\n<p><strong>Mat\u00e9riaux<\/strong><br \/>\nPP<\/p>\n<p><strong>M\u00e9dium<\/strong><br \/>\nextr\u00eamement corrosifs et liquides neutres<\/p>","protected":false},"excerpt":{"rendered":"<p>Installation de pompage RE-PP Un bouchon d&#8217;\u00e9tanch\u00e9it\u00e9 dans le pied de la pompe emp\u00eache le fluide de refluer dans le r\u00e9cipient, permettant ainsi de vider compl\u00e8tement les r\u00e9cipients. D\u00e9bit de jusqu&#8217;\u00e0 70 l\/min Pression de refoulement de jusqu&#8217;\u00e0 15 mFH Mat\u00e9riaux PP M\u00e9dium extr\u00eamement corrosifs et liquides neutres<\/p>\n","protected":false},"featured_media":1285,"comment_status":"closed","ping_status":"closed","template":"","meta":[],"product_brand":[],"product_cat":[68,66],"product_tag":[],"class_list":{"0":"post-1751","1":"product","2":"type-product","3":"status-publish","4":"has-post-thumbnail","6":"product_cat-fass-pumpen-pumpwerke","7":"product_cat-fasspumpen-containerpumpen","9":"first","10":"instock","11":"product-type-simple"},"_links":{"self":[{"href":"https:\/\/lukra-pumpen.de\/fr\/wp-json\/wp\/v2\/product\/1751","targetHints":{"allow":["GET"]}}],"collection":[{"href":"https:\/\/lukra-pumpen.de\/fr\/wp-json\/wp\/v2\/product"}],"about":[{"href":"https:\/\/lukra-pumpen.de\/fr\/wp-json\/wp\/v2\/types\/product"}],"replies":[{"embeddable":true,"href":"https:\/\/lukra-pumpen.de\/fr\/wp-json\/wp\/v2\/comments?post=1751"}],"wp:featuredmedia":[{"embeddable":true,"href":"https:\/\/lukra-pumpen.de\/fr\/wp-json\/wp\/v2\/media\/1285"}],"wp:attachment":[{"href":"https:\/\/lukra-pumpen.de\/fr\/wp-json\/wp\/v2\/media?parent=1751"}],"wp:term":[{"taxonomy":"product_brand","embeddable":true,"href":"https:\/\/lukra-pumpen.de\/fr\/wp-json\/wp\/v2\/product_brand?post=1751"},{"taxonomy":"product_cat","embeddable":true,"href":"https:\/\/lukra-pumpen.de\/fr\/wp-json\/wp\/v2\/product_cat?post=1751"},{"taxonomy":"product_tag","embeddable":true,"href":"https:\/\/lukra-pumpen.de\/fr\/wp-json\/wp\/v2\/product_tag?post=1751"}],"curies":[{"name":"wp","href":"https:\/\/api.w.org\/{rel}","templated":true}]}}