{"id":1754,"date":"2018-03-20T11:10:38","date_gmt":"2018-03-20T10:10:38","guid":{"rendered":"http:\/\/kracht-lutz-lukra-pumpen.de\/produkt\/schmieroelanlagen\/"},"modified":"2018-03-26T17:37:40","modified_gmt":"2018-03-26T16:37:40","slug":"schmieroelanlagen","status":"publish","type":"product","link":"https:\/\/lukra-pumpen.de\/fr\/produkt\/schmieroelanlagen\/","title":{"rendered":"Installations d&rsquo;huile de lubrification"},"content":{"rendered":"<p><strong>Installations d&rsquo;huile de lubrification<\/strong><br \/>\nconform\u00e9ment aux sp\u00e9cifications du client<\/p>\n<p><strong>D\u00e9bit de<\/strong><br \/>\nen fonction des besoins<\/p>\n<p><strong>Pression de refoulement de<\/strong><br \/>\njusqu&rsquo;\u00e0 25 bars<\/p>\n<p><strong>Mat\u00e9riaux<\/strong><br \/>\nfonte grise, bronze, acier inoxydable<\/p>\n<p><strong>M\u00e9diums<\/strong><br \/>\nl&rsquo;huile<\/p>","protected":false},"excerpt":{"rendered":"<p>Installations d&rsquo;huile de lubrification conform\u00e9ment aux sp\u00e9cifications du client D\u00e9bit de en fonction des besoins Pression de refoulement de jusqu&rsquo;\u00e0 25 bars Mat\u00e9riaux fonte grise, bronze, acier inoxydable M\u00e9diums l&rsquo;huile<\/p>\n","protected":false},"featured_media":1299,"comment_status":"closed","ping_status":"closed","template":"","meta":[],"product_brand":[],"product_cat":[72,75,96,71,76,73,89,90],"product_tag":[],"class_list":{"0":"post-1754","1":"product","2":"type-product","3":"status-publish","4":"has-post-thumbnail","6":"product_cat-foerderpumpen","7":"product_cat-hydraulik-zylinder","8":"product_cat-hydraulikanlagen","9":"product_cat-hydraulikpumpen","10":"product_cat-hydraulikventile","11":"product_cat-niederdruck-pumpen","12":"product_cat-schmieroelpumpen","13":"product_cat-zahnradpumpen","15":"first","16":"instock","17":"product-type-simple"},"yoast_head":"<!-- This site is optimized with the Yoast SEO plugin v27.2 - https:\/\/yoast.com\/product\/yoast-seo-wordpress\/ -->\n<title>Installations d&#039;huile de lubrification - LUKRA Pumpen<\/title>\n<meta name=\"robots\" content=\"index, follow, max-snippet:-1, max-image-preview:large, max-video-preview:-1\" \/>\n<link rel=\"canonical\" href=\"https:\/\/lukra-pumpen.de\/produkt\/schmieroelanlagen\/\" \/>\n<meta property=\"og:locale\" content=\"fr_FR\" \/>\n<meta property=\"og:type\" content=\"article\" \/>\n<meta property=\"og:title\" content=\"Installations d&#039;huile de lubrification - LUKRA Pumpen\" \/>\n<meta property=\"og:description\" content=\"Installations d&rsquo;huile de lubrification conform\u00e9ment aux sp\u00e9cifications du client D\u00e9bit de en fonction des besoins Pression de refoulement de jusqu&rsquo;\u00e0 25 bars Mat\u00e9riaux fonte grise, bronze, acier inoxydable M\u00e9diums l&rsquo;huile\" \/>\n<meta property=\"og:url\" content=\"https:\/\/lukra-pumpen.de\/produkt\/schmieroelanlagen\/\" \/>\n<meta property=\"og:site_name\" content=\"LUKRA Pumpen\" \/>\n<meta property=\"article:modified_time\" content=\"2018-03-26T16:37:40+00:00\" \/>\n<meta property=\"og:image\" content=\"https:\/\/lukra-pumpen.de\/wp-content\/uploads\/2018\/03\/Schmieroelanlagen.jpg\" \/>\n\t<meta property=\"og:image:width\" content=\"713\" \/>\n\t<meta property=\"og:image:height\" content=\"417\" \/>\n\t<meta property=\"og:image:type\" content=\"image\/jpeg\" \/>\n<meta name=\"twitter:card\" content=\"summary_large_image\" \/>\n<script type=\"application\/ld+json\" class=\"yoast-schema-graph\">{\"@context\":\"https:\/\/schema.org\",\"@graph\":[{\"@type\":\"WebPage\",\"@id\":\"https:\/\/lukra-pumpen.de\/produkt\/schmieroelanlagen\/\",\"url\":\"https:\/\/lukra-pumpen.de\/produkt\/schmieroelanlagen\/\",\"name\":\"Installations d'huile de lubrification - LUKRA Pumpen\",\"isPartOf\":{\"@id\":\"https:\/\/lukra-pumpen.de\/#website\"},\"primaryImageOfPage\":{\"@id\":\"https:\/\/lukra-pumpen.de\/produkt\/schmieroelanlagen\/#primaryimage\"},\"image\":{\"@id\":\"https:\/\/lukra-pumpen.de\/produkt\/schmieroelanlagen\/#primaryimage\"},\"thumbnailUrl\":\"https:\/\/lukra-pumpen.de\/wp-content\/uploads\/2018\/03\/Schmieroelanlagen.jpg\",\"datePublished\":\"2018-03-20T10:10:38+00:00\",\"dateModified\":\"2018-03-26T16:37:40+00:00\",\"breadcrumb\":{\"@id\":\"https:\/\/lukra-pumpen.de\/produkt\/schmieroelanlagen\/#breadcrumb\"},\"inLanguage\":\"fr-FR\",\"potentialAction\":[{\"@type\":\"ReadAction\",\"target\":[\"https:\/\/lukra-pumpen.de\/produkt\/schmieroelanlagen\/\"]}]},{\"@type\":\"ImageObject\",\"inLanguage\":\"fr-FR\",\"@id\":\"https:\/\/lukra-pumpen.de\/produkt\/schmieroelanlagen\/#primaryimage\",\"url\":\"https:\/\/lukra-pumpen.de\/wp-content\/uploads\/2018\/03\/Schmieroelanlagen.jpg\",\"contentUrl\":\"https:\/\/lukra-pumpen.de\/wp-content\/uploads\/2018\/03\/Schmieroelanlagen.jpg\",\"width\":713,\"height\":417,\"caption\":\"Beh\u00e4lteraggregat mit Druckbegrenzungsventil\"},{\"@type\":\"BreadcrumbList\",\"@id\":\"https:\/\/lukra-pumpen.de\/produkt\/schmieroelanlagen\/#breadcrumb\",\"itemListElement\":[{\"@type\":\"ListItem\",\"position\":1,\"name\":\"Startseite\",\"item\":\"https:\/\/lukra-pumpen.de\/home\/\"},{\"@type\":\"ListItem\",\"position\":2,\"name\":\"Shop\",\"item\":\"https:\/\/lukra-pumpen.de\/shop\/\"},{\"@type\":\"ListItem\",\"position\":3,\"name\":\"Schmier\u00f6lanlagen\"}]},{\"@type\":\"WebSite\",\"@id\":\"https:\/\/lukra-pumpen.de\/#website\",\"url\":\"https:\/\/lukra-pumpen.de\/\",\"name\":\"LUKRA Pumpen\",\"description\":\"Fluid in Motion\",\"potentialAction\":[{\"@type\":\"SearchAction\",\"target\":{\"@type\":\"EntryPoint\",\"urlTemplate\":\"https:\/\/lukra-pumpen.de\/?s={search_term_string}\"},\"query-input\":{\"@type\":\"PropertyValueSpecification\",\"valueRequired\":true,\"valueName\":\"search_term_string\"}}],\"inLanguage\":\"fr-FR\"}]}<\/script>\n<!-- \/ Yoast SEO plugin. -->","yoast_head_json":{"title":"Installations d'huile de lubrification - LUKRA Pumpen","robots":{"index":"index","follow":"follow","max-snippet":"max-snippet:-1","max-image-preview":"max-image-preview:large","max-video-preview":"max-video-preview:-1"},"canonical":"https:\/\/lukra-pumpen.de\/produkt\/schmieroelanlagen\/","og_locale":"fr_FR","og_type":"article","og_title":"Installations d'huile de lubrification - LUKRA Pumpen","og_description":"Installations d&rsquo;huile de lubrification conform\u00e9ment aux sp\u00e9cifications du client D\u00e9bit de en fonction des besoins Pression de refoulement de jusqu&rsquo;\u00e0 25 bars Mat\u00e9riaux fonte grise, bronze, acier inoxydable M\u00e9diums l&rsquo;huile","og_url":"https:\/\/lukra-pumpen.de\/produkt\/schmieroelanlagen\/","og_site_name":"LUKRA Pumpen","article_modified_time":"2018-03-26T16:37:40+00:00","og_image":[{"width":713,"height":417,"url":"https:\/\/lukra-pumpen.de\/wp-content\/uploads\/2018\/03\/Schmieroelanlagen.jpg","type":"image\/jpeg"}],"twitter_card":"summary_large_image","schema":{"@context":"https:\/\/schema.org","@graph":[{"@type":"WebPage","@id":"https:\/\/lukra-pumpen.de\/produkt\/schmieroelanlagen\/","url":"https:\/\/lukra-pumpen.de\/produkt\/schmieroelanlagen\/","name":"Installations d'huile de lubrification - LUKRA Pumpen","isPartOf":{"@id":"https:\/\/lukra-pumpen.de\/#website"},"primaryImageOfPage":{"@id":"https:\/\/lukra-pumpen.de\/produkt\/schmieroelanlagen\/#primaryimage"},"image":{"@id":"https:\/\/lukra-pumpen.de\/produkt\/schmieroelanlagen\/#primaryimage"},"thumbnailUrl":"https:\/\/lukra-pumpen.de\/wp-content\/uploads\/2018\/03\/Schmieroelanlagen.jpg","datePublished":"2018-03-20T10:10:38+00:00","dateModified":"2018-03-26T16:37:40+00:00","breadcrumb":{"@id":"https:\/\/lukra-pumpen.de\/produkt\/schmieroelanlagen\/#breadcrumb"},"inLanguage":"fr-FR","potentialAction":[{"@type":"ReadAction","target":["https:\/\/lukra-pumpen.de\/produkt\/schmieroelanlagen\/"]}]},{"@type":"ImageObject","inLanguage":"fr-FR","@id":"https:\/\/lukra-pumpen.de\/produkt\/schmieroelanlagen\/#primaryimage","url":"https:\/\/lukra-pumpen.de\/wp-content\/uploads\/2018\/03\/Schmieroelanlagen.jpg","contentUrl":"https:\/\/lukra-pumpen.de\/wp-content\/uploads\/2018\/03\/Schmieroelanlagen.jpg","width":713,"height":417,"caption":"Beh\u00e4lteraggregat mit Druckbegrenzungsventil"},{"@type":"BreadcrumbList","@id":"https:\/\/lukra-pumpen.de\/produkt\/schmieroelanlagen\/#breadcrumb","itemListElement":[{"@type":"ListItem","position":1,"name":"Startseite","item":"https:\/\/lukra-pumpen.de\/home\/"},{"@type":"ListItem","position":2,"name":"Shop","item":"https:\/\/lukra-pumpen.de\/shop\/"},{"@type":"ListItem","position":3,"name":"Schmier\u00f6lanlagen"}]},{"@type":"WebSite","@id":"https:\/\/lukra-pumpen.de\/#website","url":"https:\/\/lukra-pumpen.de\/","name":"LUKRA Pumpen","description":"Fluid in Motion","potentialAction":[{"@type":"SearchAction","target":{"@type":"EntryPoint","urlTemplate":"https:\/\/lukra-pumpen.de\/?s={search_term_string}"},"query-input":{"@type":"PropertyValueSpecification","valueRequired":true,"valueName":"search_term_string"}}],"inLanguage":"fr-FR"}]}},"_links":{"self":[{"href":"https:\/\/lukra-pumpen.de\/fr\/wp-json\/wp\/v2\/product\/1754","targetHints":{"allow":["GET"]}}],"collection":[{"href":"https:\/\/lukra-pumpen.de\/fr\/wp-json\/wp\/v2\/product"}],"about":[{"href":"https:\/\/lukra-pumpen.de\/fr\/wp-json\/wp\/v2\/types\/product"}],"replies":[{"embeddable":true,"href":"https:\/\/lukra-pumpen.de\/fr\/wp-json\/wp\/v2\/comments?post=1754"}],"wp:featuredmedia":[{"embeddable":true,"href":"https:\/\/lukra-pumpen.de\/fr\/wp-json\/wp\/v2\/media\/1299"}],"wp:attachment":[{"href":"https:\/\/lukra-pumpen.de\/fr\/wp-json\/wp\/v2\/media?parent=1754"}],"wp:term":[{"taxonomy":"product_brand","embeddable":true,"href":"https:\/\/lukra-pumpen.de\/fr\/wp-json\/wp\/v2\/product_brand?post=1754"},{"taxonomy":"product_cat","embeddable":true,"href":"https:\/\/lukra-pumpen.de\/fr\/wp-json\/wp\/v2\/product_cat?post=1754"},{"taxonomy":"product_tag","embeddable":true,"href":"https:\/\/lukra-pumpen.de\/fr\/wp-json\/wp\/v2\/product_tag?post=1754"}],"curies":[{"name":"wp","href":"https:\/\/api.w.org\/{rel}","templated":true}]}}