{"id":1756,"date":"2018-03-20T11:10:38","date_gmt":"2018-03-20T10:10:38","guid":{"rendered":"http:\/\/kracht-lutz-lukra-pumpen.de\/produkt\/schmutzwasserpumpen\/"},"modified":"2018-03-26T16:44:47","modified_gmt":"2018-03-26T15:44:47","slug":"schmutzwasserpumpen","status":"publish","type":"product","link":"https:\/\/lukra-pumpen.de\/fr\/product\/schmutzwasserpumpen\/","title":{"rendered":"Pompes \u00e0 eau sale"},"content":{"rendered":"<p><strong>Pompes \u00e0 eau sale et pompe \u00e0 mati\u00e8res f\u00e9cales d&#8217;un mod\u00e8le prot\u00e9g\u00e9 EX<\/strong><br \/>\nEn option: syst\u00e8me de s\u00e9paration<\/p>\n<p><strong>D\u00e9bit de<\/strong><br \/>\njusqu&#8217;\u00e0 460 m3\/h<\/p>\n<p><strong>Pression de refoulement de<\/strong><br \/>\njusqu&#8217;\u00e0 22 mFH<\/p>\n<p><strong>Mat\u00e9riaux<\/strong><br \/>\nfonte grise<\/p>\n<p><strong>M\u00e9diums<\/strong><br \/>\neau, eaux usag\u00e9es sans ou avec mati\u00e8res f\u00e9cales, eaux r\u00e9siduaires avec solides<\/p>","protected":false},"excerpt":{"rendered":"<p>Pompes \u00e0 eau sale et pompe \u00e0 mati\u00e8res f\u00e9cales d&#8217;un mod\u00e8le prot\u00e9g\u00e9 EX En option: syst\u00e8me de s\u00e9paration D\u00e9bit de jusqu&#8217;\u00e0 460 m3\/h Pression de refoulement de jusqu&#8217;\u00e0 22 mFH Mat\u00e9riaux fonte grise M\u00e9diums eau, eaux usag\u00e9es sans ou avec mati\u00e8res f\u00e9cales, eaux r\u00e9siduaires avec solides<\/p>\n","protected":false},"featured_media":1300,"comment_status":"closed","ping_status":"closed","template":"","meta":[],"product_brand":[],"product_cat":[79,91,83],"product_tag":[],"class_list":{"0":"post-1756","1":"product","2":"type-product","3":"status-publish","4":"has-post-thumbnail","6":"product_cat-kreiselpumpen","7":"product_cat-schmutzwasserpumpen","8":"product_cat-tauchpumpen","10":"first","11":"instock","12":"product-type-simple"},"_links":{"self":[{"href":"https:\/\/lukra-pumpen.de\/fr\/wp-json\/wp\/v2\/product\/1756","targetHints":{"allow":["GET"]}}],"collection":[{"href":"https:\/\/lukra-pumpen.de\/fr\/wp-json\/wp\/v2\/product"}],"about":[{"href":"https:\/\/lukra-pumpen.de\/fr\/wp-json\/wp\/v2\/types\/product"}],"replies":[{"embeddable":true,"href":"https:\/\/lukra-pumpen.de\/fr\/wp-json\/wp\/v2\/comments?post=1756"}],"wp:featuredmedia":[{"embeddable":true,"href":"https:\/\/lukra-pumpen.de\/fr\/wp-json\/wp\/v2\/media\/1300"}],"wp:attachment":[{"href":"https:\/\/lukra-pumpen.de\/fr\/wp-json\/wp\/v2\/media?parent=1756"}],"wp:term":[{"taxonomy":"product_brand","embeddable":true,"href":"https:\/\/lukra-pumpen.de\/fr\/wp-json\/wp\/v2\/product_brand?post=1756"},{"taxonomy":"product_cat","embeddable":true,"href":"https:\/\/lukra-pumpen.de\/fr\/wp-json\/wp\/v2\/product_cat?post=1756"},{"taxonomy":"product_tag","embeddable":true,"href":"https:\/\/lukra-pumpen.de\/fr\/wp-json\/wp\/v2\/product_tag?post=1756"}],"curies":[{"name":"wp","href":"https:\/\/api.w.org\/{rel}","templated":true}]}}