{"id":1758,"date":"2018-03-20T11:10:38","date_gmt":"2018-03-20T10:10:38","guid":{"rendered":"http:\/\/kracht-lutz-lukra-pumpen.de\/produkt\/kc-seitenkanalpumpen\/"},"modified":"2018-03-26T17:49:05","modified_gmt":"2018-03-26T16:49:05","slug":"kc-seitenkanalpumpen","status":"publish","type":"product","link":"https:\/\/lukra-pumpen.de\/fr\/product\/kc-seitenkanalpumpen\/","title":{"rendered":"KC &#8211; Pompe selon le principe du canal lat\u00e9ral"},"content":{"rendered":"<p>Pompe centrifuge auto-amor\u00e7ante \u00e0 un \u00e9tage \u00e0 forme de construction en blocs<br \/>\nselon le principe du canal lat\u00e9ral avec moteur triphas\u00e9 ou \u00e0 courant alternatif<\/p>\n<p><strong>D\u00e9bit de<\/strong><br \/>\njusqu&#8217;\u00e0 45 l\/min<\/p>\n<p><strong>Pression de refoulement de<\/strong><br \/>\njusqu&#8217;\u00e0 45 mFH<\/p>\n<p><strong>Mat\u00e9riaux<\/strong><br \/>\nbronze, laiton, acier CrNi<\/p>\n<p><strong>M\u00e9diums<\/strong><br \/>\neau, lubrifiant de refroidissement, fioul d&#8217;une viscosit\u00e9 de 12 cSt maximum, temp\u00e9rature jusqu&#8217;\u00e0 80 \u00b0C<\/p>","protected":false},"excerpt":{"rendered":"<p>Pompe centrifuge auto-amor\u00e7ante \u00e0 un \u00e9tage \u00e0 forme de construction en blocs selon le principe du canal lat\u00e9ral avec moteur triphas\u00e9 ou \u00e0 courant alternatif D\u00e9bit de jusqu&#8217;\u00e0 45 l\/min Pression de refoulement de jusqu&#8217;\u00e0 45 mFH Mat\u00e9riaux bronze, laiton, acier CrNi M\u00e9diums eau, lubrifiant de refroidissement, fioul d&#8217;une viscosit\u00e9 de 12 cSt maximum, temp\u00e9rature [&hellip;]<\/p>\n","protected":false},"featured_media":1204,"comment_status":"closed","ping_status":"closed","template":"","meta":[],"product_brand":[],"product_cat":[79,98,82],"product_tag":[],"class_list":{"0":"post-1758","1":"product","2":"type-product","3":"status-publish","4":"has-post-thumbnail","6":"product_cat-kreiselpumpen","7":"product_cat-kuehlmittelpumpen","8":"product_cat-selbstansaugende-kreiselpumpen","10":"first","11":"instock","12":"product-type-simple"},"_links":{"self":[{"href":"https:\/\/lukra-pumpen.de\/fr\/wp-json\/wp\/v2\/product\/1758","targetHints":{"allow":["GET"]}}],"collection":[{"href":"https:\/\/lukra-pumpen.de\/fr\/wp-json\/wp\/v2\/product"}],"about":[{"href":"https:\/\/lukra-pumpen.de\/fr\/wp-json\/wp\/v2\/types\/product"}],"replies":[{"embeddable":true,"href":"https:\/\/lukra-pumpen.de\/fr\/wp-json\/wp\/v2\/comments?post=1758"}],"wp:featuredmedia":[{"embeddable":true,"href":"https:\/\/lukra-pumpen.de\/fr\/wp-json\/wp\/v2\/media\/1204"}],"wp:attachment":[{"href":"https:\/\/lukra-pumpen.de\/fr\/wp-json\/wp\/v2\/media?parent=1758"}],"wp:term":[{"taxonomy":"product_brand","embeddable":true,"href":"https:\/\/lukra-pumpen.de\/fr\/wp-json\/wp\/v2\/product_brand?post=1758"},{"taxonomy":"product_cat","embeddable":true,"href":"https:\/\/lukra-pumpen.de\/fr\/wp-json\/wp\/v2\/product_cat?post=1758"},{"taxonomy":"product_tag","embeddable":true,"href":"https:\/\/lukra-pumpen.de\/fr\/wp-json\/wp\/v2\/product_tag?post=1758"}],"curies":[{"name":"wp","href":"https:\/\/api.w.org\/{rel}","templated":true}]}}