{"id":1759,"date":"2018-03-20T11:10:38","date_gmt":"2018-03-20T10:10:38","guid":{"rendered":"http:\/\/kracht-lutz-lukra-pumpen.de\/produkt\/ss-seitenkanalpumpe\/"},"modified":"2018-03-26T17:49:09","modified_gmt":"2018-03-26T16:49:09","slug":"ss-seitenkanalpumpe","status":"publish","type":"product","link":"https:\/\/lukra-pumpen.de\/fr\/product\/ss-seitenkanalpumpe\/","title":{"rendered":"SS &#8211; Pompe p\u00e9riph\u00e9rique \u00e0 un \u00e9tage"},"content":{"rendered":"<p><strong>Pompe p\u00e9riph\u00e9rique \u00e0 un \u00e9tage et \u00e0 prise automatique<\/strong><br \/>\nen construction par blocs avec joint d&#8217;\u00e9tanch\u00e9it\u00e9 rotatif et roues de roulement ouvertes pour les hauteurs de pompage basses comme pompe in-line.<br \/>\nConforme \u00e0 la norme EN 12157 (DIN 5440)<\/p>\n<p><strong>D\u00e9bit de<\/strong><br \/>\njusqu&#8217;\u00e0 60 l\/min<\/p>\n<p><strong>Pression de refoulement de<\/strong><br \/>\njusqu&#8217;\u00e0 60 mFH<\/p>\n<p><strong>Mat\u00e9riaux<\/strong><br \/>\nfonte grise, bronze, laiton, acier Cr<\/p>\n<p><strong>M\u00e9diums<\/strong><br \/>\neau, \u00e9mulsion de refroidissement, huiles de refroidissement et de coupe, fioul<\/p>","protected":false},"excerpt":{"rendered":"<p>Pompe p\u00e9riph\u00e9rique \u00e0 un \u00e9tage et \u00e0 prise automatique en construction par blocs avec joint d&#8217;\u00e9tanch\u00e9it\u00e9 rotatif et roues de roulement ouvertes pour les hauteurs de pompage basses comme pompe in-line. Conforme \u00e0 la norme EN 12157 (DIN 5440) D\u00e9bit de jusqu&#8217;\u00e0 60 l\/min Pression de refoulement de jusqu&#8217;\u00e0 60 mFH Mat\u00e9riaux fonte grise, bronze, [&hellip;]<\/p>\n","protected":false},"featured_media":1205,"comment_status":"closed","ping_status":"closed","template":"","meta":[],"product_brand":[],"product_cat":[79,98,82],"product_tag":[],"class_list":{"0":"post-1759","1":"product","2":"type-product","3":"status-publish","4":"has-post-thumbnail","6":"product_cat-kreiselpumpen","7":"product_cat-kuehlmittelpumpen","8":"product_cat-selbstansaugende-kreiselpumpen","10":"first","11":"instock","12":"product-type-simple"},"_links":{"self":[{"href":"https:\/\/lukra-pumpen.de\/fr\/wp-json\/wp\/v2\/product\/1759","targetHints":{"allow":["GET"]}}],"collection":[{"href":"https:\/\/lukra-pumpen.de\/fr\/wp-json\/wp\/v2\/product"}],"about":[{"href":"https:\/\/lukra-pumpen.de\/fr\/wp-json\/wp\/v2\/types\/product"}],"replies":[{"embeddable":true,"href":"https:\/\/lukra-pumpen.de\/fr\/wp-json\/wp\/v2\/comments?post=1759"}],"wp:featuredmedia":[{"embeddable":true,"href":"https:\/\/lukra-pumpen.de\/fr\/wp-json\/wp\/v2\/media\/1205"}],"wp:attachment":[{"href":"https:\/\/lukra-pumpen.de\/fr\/wp-json\/wp\/v2\/media?parent=1759"}],"wp:term":[{"taxonomy":"product_brand","embeddable":true,"href":"https:\/\/lukra-pumpen.de\/fr\/wp-json\/wp\/v2\/product_brand?post=1759"},{"taxonomy":"product_cat","embeddable":true,"href":"https:\/\/lukra-pumpen.de\/fr\/wp-json\/wp\/v2\/product_cat?post=1759"},{"taxonomy":"product_tag","embeddable":true,"href":"https:\/\/lukra-pumpen.de\/fr\/wp-json\/wp\/v2\/product_tag?post=1759"}],"curies":[{"name":"wp","href":"https:\/\/api.w.org\/{rel}","templated":true}]}}