{"id":1760,"date":"2018-03-01T11:15:38","date_gmt":"2018-03-01T10:15:38","guid":{"rendered":"http:\/\/kracht-lutz-lukra-pumpen.de\/produkt\/ms-ueberdruckventile\/"},"modified":"2018-07-02T14:38:51","modified_gmt":"2018-07-02T13:38:51","slug":"ms-ueberdruckventile","status":"publish","type":"product","link":"https:\/\/lukra-pumpen.de\/fr\/produkt\/ms-ueberdruckventile\/","title":{"rendered":"MS &#8211; Soupape de Surpression"},"content":{"rendered":"<p><strong>La s\u00e9curit\u00e9 pour les composants de votre installation<\/strong><br \/>\nSoupape de surpression MS pour les liquides, la vapeur et les m\u00e9diums contenant du gaz.<br \/>\nPlombage du r\u00e9glage possible, pression r\u00e9gl\u00e9e par d\u00e9faut en usine sur demande.<\/p>","protected":false},"excerpt":{"rendered":"<p>La s\u00e9curit\u00e9 pour les composants de votre installation Soupape de surpression MS pour les liquides, la vapeur et les m\u00e9diums contenant du gaz. Plombage du r\u00e9glage possible, pression r\u00e9gl\u00e9e par d\u00e9faut en usine sur demande.<\/p>\n","protected":false},"featured_media":1305,"comment_status":"closed","ping_status":"closed","template":"","meta":[],"product_brand":[],"product_cat":[70,84],"product_tag":[],"class_list":{"0":"post-1760","1":"product","2":"type-product","3":"status-publish","4":"has-post-thumbnail","6":"product_cat-fasspumpen-zubehoer","7":"product_cat-kreiselpumpen-zubehoer","9":"first","10":"instock","11":"product-type-simple"},"yoast_head":"<!-- This site is optimized with the Yoast SEO plugin v27.3 - https:\/\/yoast.com\/product\/yoast-seo-wordpress\/ -->\n<title>MS - Soupape de Surpression - LUKRA Pumpen<\/title>\n<meta name=\"robots\" content=\"index, follow, max-snippet:-1, max-image-preview:large, max-video-preview:-1\" \/>\n<link rel=\"canonical\" href=\"https:\/\/lukra-pumpen.de\/produkt\/ms-ueberdruckventile\/\" \/>\n<meta property=\"og:locale\" content=\"fr_FR\" \/>\n<meta property=\"og:type\" content=\"article\" \/>\n<meta property=\"og:title\" content=\"MS - Soupape de Surpression - LUKRA Pumpen\" \/>\n<meta property=\"og:description\" content=\"La s\u00e9curit\u00e9 pour les composants de votre installation Soupape de surpression MS pour les liquides, la vapeur et les m\u00e9diums contenant du gaz. Plombage du r\u00e9glage possible, pression r\u00e9gl\u00e9e par d\u00e9faut en usine sur demande.\" \/>\n<meta property=\"og:url\" content=\"https:\/\/lukra-pumpen.de\/produkt\/ms-ueberdruckventile\/\" \/>\n<meta property=\"og:site_name\" content=\"LUKRA Pumpen\" \/>\n<meta property=\"article:modified_time\" content=\"2018-07-02T13:38:51+00:00\" \/>\n<meta property=\"og:image\" content=\"https:\/\/lukra-pumpen.de\/wp-content\/uploads\/2018\/03\/Sicherheitsventile.jpg\" \/>\n\t<meta property=\"og:image:width\" content=\"713\" \/>\n\t<meta property=\"og:image:height\" content=\"417\" \/>\n\t<meta property=\"og:image:type\" content=\"image\/jpeg\" \/>\n<meta name=\"twitter:card\" content=\"summary_large_image\" \/>\n<script type=\"application\/ld+json\" class=\"yoast-schema-graph\">{\"@context\":\"https:\\\/\\\/schema.org\",\"@graph\":[{\"@type\":\"WebPage\",\"@id\":\"https:\\\/\\\/lukra-pumpen.de\\\/produkt\\\/ms-ueberdruckventile\\\/\",\"url\":\"https:\\\/\\\/lukra-pumpen.de\\\/produkt\\\/ms-ueberdruckventile\\\/\",\"name\":\"MS - Soupape de Surpression - LUKRA Pumpen\",\"isPartOf\":{\"@id\":\"https:\\\/\\\/lukra-pumpen.de\\\/#website\"},\"primaryImageOfPage\":{\"@id\":\"https:\\\/\\\/lukra-pumpen.de\\\/produkt\\\/ms-ueberdruckventile\\\/#primaryimage\"},\"image\":{\"@id\":\"https:\\\/\\\/lukra-pumpen.de\\\/produkt\\\/ms-ueberdruckventile\\\/#primaryimage\"},\"thumbnailUrl\":\"https:\\\/\\\/lukra-pumpen.de\\\/wp-content\\\/uploads\\\/2018\\\/03\\\/Sicherheitsventile.jpg\",\"datePublished\":\"2018-03-01T10:15:38+00:00\",\"dateModified\":\"2018-07-02T13:38:51+00:00\",\"breadcrumb\":{\"@id\":\"https:\\\/\\\/lukra-pumpen.de\\\/produkt\\\/ms-ueberdruckventile\\\/#breadcrumb\"},\"inLanguage\":\"fr-FR\",\"potentialAction\":[{\"@type\":\"ReadAction\",\"target\":[\"https:\\\/\\\/lukra-pumpen.de\\\/produkt\\\/ms-ueberdruckventile\\\/\"]}]},{\"@type\":\"ImageObject\",\"inLanguage\":\"fr-FR\",\"@id\":\"https:\\\/\\\/lukra-pumpen.de\\\/produkt\\\/ms-ueberdruckventile\\\/#primaryimage\",\"url\":\"https:\\\/\\\/lukra-pumpen.de\\\/wp-content\\\/uploads\\\/2018\\\/03\\\/Sicherheitsventile.jpg\",\"contentUrl\":\"https:\\\/\\\/lukra-pumpen.de\\\/wp-content\\\/uploads\\\/2018\\\/03\\\/Sicherheitsventile.jpg\",\"width\":713,\"height\":417},{\"@type\":\"BreadcrumbList\",\"@id\":\"https:\\\/\\\/lukra-pumpen.de\\\/produkt\\\/ms-ueberdruckventile\\\/#breadcrumb\",\"itemListElement\":[{\"@type\":\"ListItem\",\"position\":1,\"name\":\"Startseite\",\"item\":\"https:\\\/\\\/lukra-pumpen.de\\\/home\\\/\"},{\"@type\":\"ListItem\",\"position\":2,\"name\":\"Shop\",\"item\":\"https:\\\/\\\/lukra-pumpen.de\\\/shop\\\/\"},{\"@type\":\"ListItem\",\"position\":3,\"name\":\"MS &#8211; Pressure Reliefe Valve\"}]},{\"@type\":\"WebSite\",\"@id\":\"https:\\\/\\\/lukra-pumpen.de\\\/#website\",\"url\":\"https:\\\/\\\/lukra-pumpen.de\\\/\",\"name\":\"LUKRA Pumpen\",\"description\":\"Fluid in Motion\",\"potentialAction\":[{\"@type\":\"SearchAction\",\"target\":{\"@type\":\"EntryPoint\",\"urlTemplate\":\"https:\\\/\\\/lukra-pumpen.de\\\/?s={search_term_string}\"},\"query-input\":{\"@type\":\"PropertyValueSpecification\",\"valueRequired\":true,\"valueName\":\"search_term_string\"}}],\"inLanguage\":\"fr-FR\"}]}<\/script>\n<!-- \/ Yoast SEO plugin. -->","yoast_head_json":{"title":"MS - Soupape de Surpression - LUKRA Pumpen","robots":{"index":"index","follow":"follow","max-snippet":"max-snippet:-1","max-image-preview":"max-image-preview:large","max-video-preview":"max-video-preview:-1"},"canonical":"https:\/\/lukra-pumpen.de\/produkt\/ms-ueberdruckventile\/","og_locale":"fr_FR","og_type":"article","og_title":"MS - Soupape de Surpression - LUKRA Pumpen","og_description":"La s\u00e9curit\u00e9 pour les composants de votre installation Soupape de surpression MS pour les liquides, la vapeur et les m\u00e9diums contenant du gaz. Plombage du r\u00e9glage possible, pression r\u00e9gl\u00e9e par d\u00e9faut en usine sur demande.","og_url":"https:\/\/lukra-pumpen.de\/produkt\/ms-ueberdruckventile\/","og_site_name":"LUKRA Pumpen","article_modified_time":"2018-07-02T13:38:51+00:00","og_image":[{"width":713,"height":417,"url":"https:\/\/lukra-pumpen.de\/wp-content\/uploads\/2018\/03\/Sicherheitsventile.jpg","type":"image\/jpeg"}],"twitter_card":"summary_large_image","schema":{"@context":"https:\/\/schema.org","@graph":[{"@type":"WebPage","@id":"https:\/\/lukra-pumpen.de\/produkt\/ms-ueberdruckventile\/","url":"https:\/\/lukra-pumpen.de\/produkt\/ms-ueberdruckventile\/","name":"MS - Soupape de Surpression - LUKRA Pumpen","isPartOf":{"@id":"https:\/\/lukra-pumpen.de\/#website"},"primaryImageOfPage":{"@id":"https:\/\/lukra-pumpen.de\/produkt\/ms-ueberdruckventile\/#primaryimage"},"image":{"@id":"https:\/\/lukra-pumpen.de\/produkt\/ms-ueberdruckventile\/#primaryimage"},"thumbnailUrl":"https:\/\/lukra-pumpen.de\/wp-content\/uploads\/2018\/03\/Sicherheitsventile.jpg","datePublished":"2018-03-01T10:15:38+00:00","dateModified":"2018-07-02T13:38:51+00:00","breadcrumb":{"@id":"https:\/\/lukra-pumpen.de\/produkt\/ms-ueberdruckventile\/#breadcrumb"},"inLanguage":"fr-FR","potentialAction":[{"@type":"ReadAction","target":["https:\/\/lukra-pumpen.de\/produkt\/ms-ueberdruckventile\/"]}]},{"@type":"ImageObject","inLanguage":"fr-FR","@id":"https:\/\/lukra-pumpen.de\/produkt\/ms-ueberdruckventile\/#primaryimage","url":"https:\/\/lukra-pumpen.de\/wp-content\/uploads\/2018\/03\/Sicherheitsventile.jpg","contentUrl":"https:\/\/lukra-pumpen.de\/wp-content\/uploads\/2018\/03\/Sicherheitsventile.jpg","width":713,"height":417},{"@type":"BreadcrumbList","@id":"https:\/\/lukra-pumpen.de\/produkt\/ms-ueberdruckventile\/#breadcrumb","itemListElement":[{"@type":"ListItem","position":1,"name":"Startseite","item":"https:\/\/lukra-pumpen.de\/home\/"},{"@type":"ListItem","position":2,"name":"Shop","item":"https:\/\/lukra-pumpen.de\/shop\/"},{"@type":"ListItem","position":3,"name":"MS &#8211; Pressure Reliefe Valve"}]},{"@type":"WebSite","@id":"https:\/\/lukra-pumpen.de\/#website","url":"https:\/\/lukra-pumpen.de\/","name":"LUKRA Pumpen","description":"Fluid in Motion","potentialAction":[{"@type":"SearchAction","target":{"@type":"EntryPoint","urlTemplate":"https:\/\/lukra-pumpen.de\/?s={search_term_string}"},"query-input":{"@type":"PropertyValueSpecification","valueRequired":true,"valueName":"search_term_string"}}],"inLanguage":"fr-FR"}]}},"_links":{"self":[{"href":"https:\/\/lukra-pumpen.de\/fr\/wp-json\/wp\/v2\/product\/1760","targetHints":{"allow":["GET"]}}],"collection":[{"href":"https:\/\/lukra-pumpen.de\/fr\/wp-json\/wp\/v2\/product"}],"about":[{"href":"https:\/\/lukra-pumpen.de\/fr\/wp-json\/wp\/v2\/types\/product"}],"replies":[{"embeddable":true,"href":"https:\/\/lukra-pumpen.de\/fr\/wp-json\/wp\/v2\/comments?post=1760"}],"wp:featuredmedia":[{"embeddable":true,"href":"https:\/\/lukra-pumpen.de\/fr\/wp-json\/wp\/v2\/media\/1305"}],"wp:attachment":[{"href":"https:\/\/lukra-pumpen.de\/fr\/wp-json\/wp\/v2\/media?parent=1760"}],"wp:term":[{"taxonomy":"product_brand","embeddable":true,"href":"https:\/\/lukra-pumpen.de\/fr\/wp-json\/wp\/v2\/product_brand?post=1760"},{"taxonomy":"product_cat","embeddable":true,"href":"https:\/\/lukra-pumpen.de\/fr\/wp-json\/wp\/v2\/product_cat?post=1760"},{"taxonomy":"product_tag","embeddable":true,"href":"https:\/\/lukra-pumpen.de\/fr\/wp-json\/wp\/v2\/product_tag?post=1760"}],"curies":[{"name":"wp","href":"https:\/\/api.w.org\/{rel}","templated":true}]}}