{"id":1761,"date":"2018-03-20T11:10:38","date_gmt":"2018-03-20T10:10:38","guid":{"rendered":"http:\/\/kracht-lutz-lukra-pumpen.de\/produkt\/steuerungsbau-fuer-die-pumpensteuerung\/"},"modified":"2018-03-26T17:39:40","modified_gmt":"2018-03-26T16:39:40","slug":"steuerungsbau-fuer-die-pumpensteuerung","status":"publish","type":"product","link":"https:\/\/lukra-pumpen.de\/fr\/produkt\/steuerungsbau-fuer-die-pumpensteuerung\/","title":{"rendered":"Construction de la commande de la commande de la pompe"},"content":{"rendered":"<p><strong>Construction de l&rsquo;armoire \u00e9lectrique de la commande de la pompe<\/strong><br \/>\nNous fabriquons les armoires \u00e9lectriques et de commande conform\u00e9ment aux sp\u00e9cifications que vous nous fournissez.<br \/>\nSch\u00e9mas \u00e9lectriques et ing\u00e9nierie Made in Germany.<br \/>\nNous vous fournissons:<br \/>\ndes bo\u00eetiers de connexion jusqu&rsquo;aux grandes armoires \u00e9lectriques<br \/>\ndes entra\u00eenements simples jusqu&rsquo;aux lignes d&rsquo;entra\u00eenements compl\u00e8tes.<\/p>\n<p>Lors de la construction de nos armoires \u00e9lectriques, nous accordons une attention toute particuli\u00e8re aux points suivants:<br \/>\nune technique de r\u00e9gulation des plus modernes, flexibilit\u00e9 et respect des d\u00e9lais<br \/>\nla qualit\u00e9 \u00e9lev\u00e9e est garantie par la norme ISO 9001:2008<br \/>\nnous appliquons r\u00e9guli\u00e8rement les r\u00e9glementations DIN\/VDE, les r\u00e9glementations sp\u00e9cifiques des usines et les<br \/>\nnormes internationales (UL, CCC, GOST-TR + EAC par exemple.<\/p>\n<p>\u00c0 la demande, nous mettons votre installation en service avec vous, peu importe que ce soit chez vous sur place ou dans le monde entier chez vos clients. Vous pouvez vous y fier.<\/p>","protected":false},"excerpt":{"rendered":"<p>Construction de l&rsquo;armoire \u00e9lectrique de la commande de la pompe Nous fabriquons les armoires \u00e9lectriques et de commande conform\u00e9ment aux sp\u00e9cifications que vous nous fournissez. Sch\u00e9mas \u00e9lectriques et ing\u00e9nierie Made in Germany. Nous vous fournissons: des bo\u00eetiers de connexion jusqu&rsquo;aux grandes armoires \u00e9lectriques des entra\u00eenements simples jusqu&rsquo;aux lignes d&rsquo;entra\u00eenements compl\u00e8tes. Lors de la construction de [&hellip;]<\/p>\n","protected":false},"featured_media":1296,"comment_status":"closed","ping_status":"closed","template":"","meta":[],"product_brand":[],"product_cat":[94,78,96,71,79,84],"product_tag":[],"class_list":{"0":"post-1761","1":"product","2":"type-product","3":"status-publish","4":"has-post-thumbnail","6":"product_cat-druckerhoehungsanlagen","7":"product_cat-hydraulik-zubehoer","8":"product_cat-hydraulikanlagen","9":"product_cat-hydraulikpumpen","10":"product_cat-kreiselpumpen","11":"product_cat-kreiselpumpen-zubehoer","13":"first","14":"instock","15":"product-type-simple"},"yoast_head":"<!-- This site is optimized with the Yoast SEO plugin v27.3 - https:\/\/yoast.com\/product\/yoast-seo-wordpress\/ -->\n<title>Construction de la commande de la commande de la pompe - LUKRA Pumpen<\/title>\n<meta name=\"robots\" content=\"index, follow, max-snippet:-1, max-image-preview:large, max-video-preview:-1\" \/>\n<link rel=\"canonical\" href=\"https:\/\/lukra-pumpen.de\/produkt\/steuerungsbau-fuer-die-pumpensteuerung\/\" \/>\n<meta property=\"og:locale\" content=\"fr_FR\" \/>\n<meta property=\"og:type\" content=\"article\" \/>\n<meta property=\"og:title\" content=\"Construction de la commande de la commande de la pompe - LUKRA Pumpen\" \/>\n<meta property=\"og:description\" content=\"Construction de l&rsquo;armoire \u00e9lectrique de la commande de la pompe Nous fabriquons les armoires \u00e9lectriques et de commande conform\u00e9ment aux sp\u00e9cifications que vous nous fournissez. Sch\u00e9mas \u00e9lectriques et ing\u00e9nierie Made in Germany. Nous vous fournissons: des bo\u00eetiers de connexion jusqu&rsquo;aux grandes armoires \u00e9lectriques des entra\u00eenements simples jusqu&rsquo;aux lignes d&rsquo;entra\u00eenements compl\u00e8tes. Lors de la construction de [&hellip;]\" \/>\n<meta property=\"og:url\" content=\"https:\/\/lukra-pumpen.de\/produkt\/steuerungsbau-fuer-die-pumpensteuerung\/\" \/>\n<meta property=\"og:site_name\" content=\"LUKRA Pumpen\" \/>\n<meta property=\"article:modified_time\" content=\"2018-03-26T16:39:40+00:00\" \/>\n<meta property=\"og:image\" content=\"https:\/\/lukra-pumpen.de\/wp-content\/uploads\/2018\/03\/schaltschrank.png\" \/>\n\t<meta property=\"og:image:width\" content=\"713\" \/>\n\t<meta property=\"og:image:height\" content=\"417\" \/>\n\t<meta property=\"og:image:type\" content=\"image\/png\" \/>\n<meta name=\"twitter:card\" content=\"summary_large_image\" \/>\n<meta name=\"twitter:label1\" content=\"Dur\u00e9e de lecture estim\u00e9e\" \/>\n\t<meta name=\"twitter:data1\" content=\"2 minutes\" \/>\n<script type=\"application\/ld+json\" class=\"yoast-schema-graph\">{\"@context\":\"https:\\\/\\\/schema.org\",\"@graph\":[{\"@type\":\"WebPage\",\"@id\":\"https:\\\/\\\/lukra-pumpen.de\\\/produkt\\\/steuerungsbau-fuer-die-pumpensteuerung\\\/\",\"url\":\"https:\\\/\\\/lukra-pumpen.de\\\/produkt\\\/steuerungsbau-fuer-die-pumpensteuerung\\\/\",\"name\":\"Construction de la commande de la commande de la pompe - LUKRA Pumpen\",\"isPartOf\":{\"@id\":\"https:\\\/\\\/lukra-pumpen.de\\\/#website\"},\"primaryImageOfPage\":{\"@id\":\"https:\\\/\\\/lukra-pumpen.de\\\/produkt\\\/steuerungsbau-fuer-die-pumpensteuerung\\\/#primaryimage\"},\"image\":{\"@id\":\"https:\\\/\\\/lukra-pumpen.de\\\/produkt\\\/steuerungsbau-fuer-die-pumpensteuerung\\\/#primaryimage\"},\"thumbnailUrl\":\"https:\\\/\\\/lukra-pumpen.de\\\/wp-content\\\/uploads\\\/2018\\\/03\\\/schaltschrank.png\",\"datePublished\":\"2018-03-20T10:10:38+00:00\",\"dateModified\":\"2018-03-26T16:39:40+00:00\",\"breadcrumb\":{\"@id\":\"https:\\\/\\\/lukra-pumpen.de\\\/produkt\\\/steuerungsbau-fuer-die-pumpensteuerung\\\/#breadcrumb\"},\"inLanguage\":\"fr-FR\",\"potentialAction\":[{\"@type\":\"ReadAction\",\"target\":[\"https:\\\/\\\/lukra-pumpen.de\\\/produkt\\\/steuerungsbau-fuer-die-pumpensteuerung\\\/\"]}]},{\"@type\":\"ImageObject\",\"inLanguage\":\"fr-FR\",\"@id\":\"https:\\\/\\\/lukra-pumpen.de\\\/produkt\\\/steuerungsbau-fuer-die-pumpensteuerung\\\/#primaryimage\",\"url\":\"https:\\\/\\\/lukra-pumpen.de\\\/wp-content\\\/uploads\\\/2018\\\/03\\\/schaltschrank.png\",\"contentUrl\":\"https:\\\/\\\/lukra-pumpen.de\\\/wp-content\\\/uploads\\\/2018\\\/03\\\/schaltschrank.png\",\"width\":713,\"height\":417,\"caption\":\"Steuerungsbau nach Kundenspezifikation\"},{\"@type\":\"BreadcrumbList\",\"@id\":\"https:\\\/\\\/lukra-pumpen.de\\\/produkt\\\/steuerungsbau-fuer-die-pumpensteuerung\\\/#breadcrumb\",\"itemListElement\":[{\"@type\":\"ListItem\",\"position\":1,\"name\":\"Startseite\",\"item\":\"https:\\\/\\\/lukra-pumpen.de\\\/home\\\/\"},{\"@type\":\"ListItem\",\"position\":2,\"name\":\"Shop\",\"item\":\"https:\\\/\\\/lukra-pumpen.de\\\/shop\\\/\"},{\"@type\":\"ListItem\",\"position\":3,\"name\":\"Control cabinets for pump control\"}]},{\"@type\":\"WebSite\",\"@id\":\"https:\\\/\\\/lukra-pumpen.de\\\/#website\",\"url\":\"https:\\\/\\\/lukra-pumpen.de\\\/\",\"name\":\"LUKRA Pumpen\",\"description\":\"Fluid in Motion\",\"potentialAction\":[{\"@type\":\"SearchAction\",\"target\":{\"@type\":\"EntryPoint\",\"urlTemplate\":\"https:\\\/\\\/lukra-pumpen.de\\\/?s={search_term_string}\"},\"query-input\":{\"@type\":\"PropertyValueSpecification\",\"valueRequired\":true,\"valueName\":\"search_term_string\"}}],\"inLanguage\":\"fr-FR\"}]}<\/script>\n<!-- \/ Yoast SEO plugin. -->","yoast_head_json":{"title":"Construction de la commande de la commande de la pompe - LUKRA Pumpen","robots":{"index":"index","follow":"follow","max-snippet":"max-snippet:-1","max-image-preview":"max-image-preview:large","max-video-preview":"max-video-preview:-1"},"canonical":"https:\/\/lukra-pumpen.de\/produkt\/steuerungsbau-fuer-die-pumpensteuerung\/","og_locale":"fr_FR","og_type":"article","og_title":"Construction de la commande de la commande de la pompe - LUKRA Pumpen","og_description":"Construction de l&rsquo;armoire \u00e9lectrique de la commande de la pompe Nous fabriquons les armoires \u00e9lectriques et de commande conform\u00e9ment aux sp\u00e9cifications que vous nous fournissez. Sch\u00e9mas \u00e9lectriques et ing\u00e9nierie Made in Germany. Nous vous fournissons: des bo\u00eetiers de connexion jusqu&rsquo;aux grandes armoires \u00e9lectriques des entra\u00eenements simples jusqu&rsquo;aux lignes d&rsquo;entra\u00eenements compl\u00e8tes. Lors de la construction de [&hellip;]","og_url":"https:\/\/lukra-pumpen.de\/produkt\/steuerungsbau-fuer-die-pumpensteuerung\/","og_site_name":"LUKRA Pumpen","article_modified_time":"2018-03-26T16:39:40+00:00","og_image":[{"width":713,"height":417,"url":"https:\/\/lukra-pumpen.de\/wp-content\/uploads\/2018\/03\/schaltschrank.png","type":"image\/png"}],"twitter_card":"summary_large_image","twitter_misc":{"Dur\u00e9e de lecture estim\u00e9e":"2 minutes"},"schema":{"@context":"https:\/\/schema.org","@graph":[{"@type":"WebPage","@id":"https:\/\/lukra-pumpen.de\/produkt\/steuerungsbau-fuer-die-pumpensteuerung\/","url":"https:\/\/lukra-pumpen.de\/produkt\/steuerungsbau-fuer-die-pumpensteuerung\/","name":"Construction de la commande de la commande de la pompe - LUKRA Pumpen","isPartOf":{"@id":"https:\/\/lukra-pumpen.de\/#website"},"primaryImageOfPage":{"@id":"https:\/\/lukra-pumpen.de\/produkt\/steuerungsbau-fuer-die-pumpensteuerung\/#primaryimage"},"image":{"@id":"https:\/\/lukra-pumpen.de\/produkt\/steuerungsbau-fuer-die-pumpensteuerung\/#primaryimage"},"thumbnailUrl":"https:\/\/lukra-pumpen.de\/wp-content\/uploads\/2018\/03\/schaltschrank.png","datePublished":"2018-03-20T10:10:38+00:00","dateModified":"2018-03-26T16:39:40+00:00","breadcrumb":{"@id":"https:\/\/lukra-pumpen.de\/produkt\/steuerungsbau-fuer-die-pumpensteuerung\/#breadcrumb"},"inLanguage":"fr-FR","potentialAction":[{"@type":"ReadAction","target":["https:\/\/lukra-pumpen.de\/produkt\/steuerungsbau-fuer-die-pumpensteuerung\/"]}]},{"@type":"ImageObject","inLanguage":"fr-FR","@id":"https:\/\/lukra-pumpen.de\/produkt\/steuerungsbau-fuer-die-pumpensteuerung\/#primaryimage","url":"https:\/\/lukra-pumpen.de\/wp-content\/uploads\/2018\/03\/schaltschrank.png","contentUrl":"https:\/\/lukra-pumpen.de\/wp-content\/uploads\/2018\/03\/schaltschrank.png","width":713,"height":417,"caption":"Steuerungsbau nach Kundenspezifikation"},{"@type":"BreadcrumbList","@id":"https:\/\/lukra-pumpen.de\/produkt\/steuerungsbau-fuer-die-pumpensteuerung\/#breadcrumb","itemListElement":[{"@type":"ListItem","position":1,"name":"Startseite","item":"https:\/\/lukra-pumpen.de\/home\/"},{"@type":"ListItem","position":2,"name":"Shop","item":"https:\/\/lukra-pumpen.de\/shop\/"},{"@type":"ListItem","position":3,"name":"Control cabinets for pump control"}]},{"@type":"WebSite","@id":"https:\/\/lukra-pumpen.de\/#website","url":"https:\/\/lukra-pumpen.de\/","name":"LUKRA Pumpen","description":"Fluid in Motion","potentialAction":[{"@type":"SearchAction","target":{"@type":"EntryPoint","urlTemplate":"https:\/\/lukra-pumpen.de\/?s={search_term_string}"},"query-input":{"@type":"PropertyValueSpecification","valueRequired":true,"valueName":"search_term_string"}}],"inLanguage":"fr-FR"}]}},"_links":{"self":[{"href":"https:\/\/lukra-pumpen.de\/fr\/wp-json\/wp\/v2\/product\/1761","targetHints":{"allow":["GET"]}}],"collection":[{"href":"https:\/\/lukra-pumpen.de\/fr\/wp-json\/wp\/v2\/product"}],"about":[{"href":"https:\/\/lukra-pumpen.de\/fr\/wp-json\/wp\/v2\/types\/product"}],"replies":[{"embeddable":true,"href":"https:\/\/lukra-pumpen.de\/fr\/wp-json\/wp\/v2\/comments?post=1761"}],"wp:featuredmedia":[{"embeddable":true,"href":"https:\/\/lukra-pumpen.de\/fr\/wp-json\/wp\/v2\/media\/1296"}],"wp:attachment":[{"href":"https:\/\/lukra-pumpen.de\/fr\/wp-json\/wp\/v2\/media?parent=1761"}],"wp:term":[{"taxonomy":"product_brand","embeddable":true,"href":"https:\/\/lukra-pumpen.de\/fr\/wp-json\/wp\/v2\/product_brand?post=1761"},{"taxonomy":"product_cat","embeddable":true,"href":"https:\/\/lukra-pumpen.de\/fr\/wp-json\/wp\/v2\/product_cat?post=1761"},{"taxonomy":"product_tag","embeddable":true,"href":"https:\/\/lukra-pumpen.de\/fr\/wp-json\/wp\/v2\/product_tag?post=1761"}],"curies":[{"name":"wp","href":"https:\/\/api.w.org\/{rel}","templated":true}]}}