{"id":1763,"date":"2018-03-20T11:10:44","date_gmt":"2018-03-20T10:10:44","guid":{"rendered":"http:\/\/kracht-lutz-lukra-pumpen.de\/produkt\/dea-vollautomatische-druckerhoehungsanlagen\/"},"modified":"2018-03-26T17:21:18","modified_gmt":"2018-03-26T16:21:18","slug":"dea-vollautomatische-druckerhoehungsanlagen","status":"publish","type":"product","link":"https:\/\/lukra-pumpen.de\/fr\/produkt\/dea-vollautomatische-druckerhoehungsanlagen\/","title":{"rendered":"Installations d&rsquo;augmentation de la pression enti\u00e8rement automatiques"},"content":{"rendered":"<p><strong>Installations d&rsquo;augmentation de la pression enti\u00e8rement automatiques pour l\u2019alimentation en eau ou comme installation d&rsquo;extinction<\/strong><br \/>\navec commande habituelle ou \u00e0 r\u00e9gulation par variation de fr\u00e9quence, r\u00e9servoir sous pression \u00e0 vessie, robinetteries, manom\u00e8tres d&rsquo;aspiration et de pression, un capteur de pression par pompe, valves, tuyauterie pos\u00e9e pr\u00eate \u00e0 l\u2019emploi et avec interrupteur principal r\u00e9gl\u00e9 au pr\u00e9alable en usine conform\u00e9ment \u00e0 l\u2019armoire \u00e9lectrique<\/p>\n<p><strong>D\u00e9bit de<\/strong><br \/>\n11 m\u00b3\/h bis 1.280 m\u00b3\/h<\/p>\n<p><strong>Pression de service<\/strong><br \/>\njusqu&rsquo;\u00e0 250 mFH<\/p>\n<p><strong>Mat\u00e9riaux<\/strong><br \/>\nacier inoxydable, laiton<\/p>\n<p><strong>M\u00e9diums<\/strong><br \/>\neau potable<\/p>","protected":false},"excerpt":{"rendered":"<p>Installations d&rsquo;augmentation de la pression enti\u00e8rement automatiques pour l\u2019alimentation en eau ou comme installation d&rsquo;extinction avec commande habituelle ou \u00e0 r\u00e9gulation par variation de fr\u00e9quence, r\u00e9servoir sous pression \u00e0 vessie, robinetteries, manom\u00e8tres d&rsquo;aspiration et de pression, un capteur de pression par pompe, valves, tuyauterie pos\u00e9e pr\u00eate \u00e0 l\u2019emploi et avec interrupteur principal r\u00e9gl\u00e9 au pr\u00e9alable [&hellip;]<\/p>\n","protected":false},"featured_media":1199,"comment_status":"closed","ping_status":"closed","template":"","meta":[],"product_brand":[],"product_cat":[94,79,81],"product_tag":[],"class_list":{"0":"post-1763","1":"product","2":"type-product","3":"status-publish","4":"has-post-thumbnail","6":"product_cat-druckerhoehungsanlagen","7":"product_cat-kreiselpumpen","8":"product_cat-normalansaugende-kreiselpumpen","10":"first","11":"instock","12":"product-type-simple"},"yoast_head":"<!-- This site is optimized with the Yoast SEO plugin v27.3 - https:\/\/yoast.com\/product\/yoast-seo-wordpress\/ -->\n<title>Installations d&#039;augmentation de la pression enti\u00e8rement automatiques - LUKRA Pumpen<\/title>\n<meta name=\"robots\" content=\"index, follow, max-snippet:-1, max-image-preview:large, max-video-preview:-1\" \/>\n<link rel=\"canonical\" href=\"https:\/\/lukra-pumpen.de\/en\/produkt\/dea-vollautomatische-druckerhoehungsanlagen\/\" \/>\n<meta property=\"og:locale\" content=\"fr_FR\" \/>\n<meta property=\"og:type\" content=\"article\" \/>\n<meta property=\"og:title\" content=\"Installations d&#039;augmentation de la pression enti\u00e8rement automatiques - LUKRA Pumpen\" \/>\n<meta property=\"og:description\" content=\"Installations d&rsquo;augmentation de la pression enti\u00e8rement automatiques pour l\u2019alimentation en eau ou comme installation d&rsquo;extinction avec commande habituelle ou \u00e0 r\u00e9gulation par variation de fr\u00e9quence, r\u00e9servoir sous pression \u00e0 vessie, robinetteries, manom\u00e8tres d&rsquo;aspiration et de pression, un capteur de pression par pompe, valves, tuyauterie pos\u00e9e pr\u00eate \u00e0 l\u2019emploi et avec interrupteur principal r\u00e9gl\u00e9 au pr\u00e9alable [&hellip;]\" \/>\n<meta property=\"og:url\" content=\"https:\/\/lukra-pumpen.de\/en\/produkt\/dea-vollautomatische-druckerhoehungsanlagen\/\" \/>\n<meta property=\"og:site_name\" content=\"LUKRA Pumpen\" \/>\n<meta property=\"article:modified_time\" content=\"2018-03-26T16:21:18+00:00\" \/>\n<meta property=\"og:image\" content=\"https:\/\/lukra-pumpen.de\/wp-content\/uploads\/2018\/03\/druckerhoehungsanlage.jpg\" \/>\n\t<meta property=\"og:image:width\" content=\"713\" \/>\n\t<meta property=\"og:image:height\" content=\"417\" \/>\n\t<meta property=\"og:image:type\" content=\"image\/jpeg\" \/>\n<meta name=\"twitter:card\" content=\"summary_large_image\" \/>\n<meta name=\"twitter:label1\" content=\"Dur\u00e9e de lecture estim\u00e9e\" \/>\n\t<meta name=\"twitter:data1\" content=\"1 minute\" \/>\n<script type=\"application\/ld+json\" class=\"yoast-schema-graph\">{\"@context\":\"https:\\\/\\\/schema.org\",\"@graph\":[{\"@type\":\"WebPage\",\"@id\":\"https:\\\/\\\/lukra-pumpen.de\\\/en\\\/produkt\\\/dea-vollautomatische-druckerhoehungsanlagen\\\/\",\"url\":\"https:\\\/\\\/lukra-pumpen.de\\\/en\\\/produkt\\\/dea-vollautomatische-druckerhoehungsanlagen\\\/\",\"name\":\"Installations d'augmentation de la pression enti\u00e8rement automatiques - LUKRA Pumpen\",\"isPartOf\":{\"@id\":\"https:\\\/\\\/lukra-pumpen.de\\\/#website\"},\"primaryImageOfPage\":{\"@id\":\"https:\\\/\\\/lukra-pumpen.de\\\/en\\\/produkt\\\/dea-vollautomatische-druckerhoehungsanlagen\\\/#primaryimage\"},\"image\":{\"@id\":\"https:\\\/\\\/lukra-pumpen.de\\\/en\\\/produkt\\\/dea-vollautomatische-druckerhoehungsanlagen\\\/#primaryimage\"},\"thumbnailUrl\":\"https:\\\/\\\/lukra-pumpen.de\\\/wp-content\\\/uploads\\\/2018\\\/03\\\/druckerhoehungsanlage.jpg\",\"datePublished\":\"2018-03-20T10:10:44+00:00\",\"dateModified\":\"2018-03-26T16:21:18+00:00\",\"breadcrumb\":{\"@id\":\"https:\\\/\\\/lukra-pumpen.de\\\/en\\\/produkt\\\/dea-vollautomatische-druckerhoehungsanlagen\\\/#breadcrumb\"},\"inLanguage\":\"fr-FR\",\"potentialAction\":[{\"@type\":\"ReadAction\",\"target\":[\"https:\\\/\\\/lukra-pumpen.de\\\/en\\\/produkt\\\/dea-vollautomatische-druckerhoehungsanlagen\\\/\"]}]},{\"@type\":\"ImageObject\",\"inLanguage\":\"fr-FR\",\"@id\":\"https:\\\/\\\/lukra-pumpen.de\\\/en\\\/produkt\\\/dea-vollautomatische-druckerhoehungsanlagen\\\/#primaryimage\",\"url\":\"https:\\\/\\\/lukra-pumpen.de\\\/wp-content\\\/uploads\\\/2018\\\/03\\\/druckerhoehungsanlage.jpg\",\"contentUrl\":\"https:\\\/\\\/lukra-pumpen.de\\\/wp-content\\\/uploads\\\/2018\\\/03\\\/druckerhoehungsanlage.jpg\",\"width\":713,\"height\":417,\"caption\":\"|\"},{\"@type\":\"BreadcrumbList\",\"@id\":\"https:\\\/\\\/lukra-pumpen.de\\\/en\\\/produkt\\\/dea-vollautomatische-druckerhoehungsanlagen\\\/#breadcrumb\",\"itemListElement\":[{\"@type\":\"ListItem\",\"position\":1,\"name\":\"Startseite\",\"item\":\"https:\\\/\\\/lukra-pumpen.de\\\/home\\\/\"},{\"@type\":\"ListItem\",\"position\":2,\"name\":\"Shop\",\"item\":\"https:\\\/\\\/lukra-pumpen.de\\\/shop\\\/\"},{\"@type\":\"ListItem\",\"position\":3,\"name\":\"Fully Automatic Booster Set\"}]},{\"@type\":\"WebSite\",\"@id\":\"https:\\\/\\\/lukra-pumpen.de\\\/#website\",\"url\":\"https:\\\/\\\/lukra-pumpen.de\\\/\",\"name\":\"LUKRA Pumpen\",\"description\":\"Fluid in Motion\",\"potentialAction\":[{\"@type\":\"SearchAction\",\"target\":{\"@type\":\"EntryPoint\",\"urlTemplate\":\"https:\\\/\\\/lukra-pumpen.de\\\/?s={search_term_string}\"},\"query-input\":{\"@type\":\"PropertyValueSpecification\",\"valueRequired\":true,\"valueName\":\"search_term_string\"}}],\"inLanguage\":\"fr-FR\"}]}<\/script>\n<!-- \/ Yoast SEO plugin. -->","yoast_head_json":{"title":"Installations d'augmentation de la pression enti\u00e8rement automatiques - LUKRA Pumpen","robots":{"index":"index","follow":"follow","max-snippet":"max-snippet:-1","max-image-preview":"max-image-preview:large","max-video-preview":"max-video-preview:-1"},"canonical":"https:\/\/lukra-pumpen.de\/en\/produkt\/dea-vollautomatische-druckerhoehungsanlagen\/","og_locale":"fr_FR","og_type":"article","og_title":"Installations d'augmentation de la pression enti\u00e8rement automatiques - LUKRA Pumpen","og_description":"Installations d&rsquo;augmentation de la pression enti\u00e8rement automatiques pour l\u2019alimentation en eau ou comme installation d&rsquo;extinction avec commande habituelle ou \u00e0 r\u00e9gulation par variation de fr\u00e9quence, r\u00e9servoir sous pression \u00e0 vessie, robinetteries, manom\u00e8tres d&rsquo;aspiration et de pression, un capteur de pression par pompe, valves, tuyauterie pos\u00e9e pr\u00eate \u00e0 l\u2019emploi et avec interrupteur principal r\u00e9gl\u00e9 au pr\u00e9alable [&hellip;]","og_url":"https:\/\/lukra-pumpen.de\/en\/produkt\/dea-vollautomatische-druckerhoehungsanlagen\/","og_site_name":"LUKRA Pumpen","article_modified_time":"2018-03-26T16:21:18+00:00","og_image":[{"width":713,"height":417,"url":"https:\/\/lukra-pumpen.de\/wp-content\/uploads\/2018\/03\/druckerhoehungsanlage.jpg","type":"image\/jpeg"}],"twitter_card":"summary_large_image","twitter_misc":{"Dur\u00e9e de lecture estim\u00e9e":"1 minute"},"schema":{"@context":"https:\/\/schema.org","@graph":[{"@type":"WebPage","@id":"https:\/\/lukra-pumpen.de\/en\/produkt\/dea-vollautomatische-druckerhoehungsanlagen\/","url":"https:\/\/lukra-pumpen.de\/en\/produkt\/dea-vollautomatische-druckerhoehungsanlagen\/","name":"Installations d'augmentation de la pression enti\u00e8rement automatiques - LUKRA Pumpen","isPartOf":{"@id":"https:\/\/lukra-pumpen.de\/#website"},"primaryImageOfPage":{"@id":"https:\/\/lukra-pumpen.de\/en\/produkt\/dea-vollautomatische-druckerhoehungsanlagen\/#primaryimage"},"image":{"@id":"https:\/\/lukra-pumpen.de\/en\/produkt\/dea-vollautomatische-druckerhoehungsanlagen\/#primaryimage"},"thumbnailUrl":"https:\/\/lukra-pumpen.de\/wp-content\/uploads\/2018\/03\/druckerhoehungsanlage.jpg","datePublished":"2018-03-20T10:10:44+00:00","dateModified":"2018-03-26T16:21:18+00:00","breadcrumb":{"@id":"https:\/\/lukra-pumpen.de\/en\/produkt\/dea-vollautomatische-druckerhoehungsanlagen\/#breadcrumb"},"inLanguage":"fr-FR","potentialAction":[{"@type":"ReadAction","target":["https:\/\/lukra-pumpen.de\/en\/produkt\/dea-vollautomatische-druckerhoehungsanlagen\/"]}]},{"@type":"ImageObject","inLanguage":"fr-FR","@id":"https:\/\/lukra-pumpen.de\/en\/produkt\/dea-vollautomatische-druckerhoehungsanlagen\/#primaryimage","url":"https:\/\/lukra-pumpen.de\/wp-content\/uploads\/2018\/03\/druckerhoehungsanlage.jpg","contentUrl":"https:\/\/lukra-pumpen.de\/wp-content\/uploads\/2018\/03\/druckerhoehungsanlage.jpg","width":713,"height":417,"caption":"|"},{"@type":"BreadcrumbList","@id":"https:\/\/lukra-pumpen.de\/en\/produkt\/dea-vollautomatische-druckerhoehungsanlagen\/#breadcrumb","itemListElement":[{"@type":"ListItem","position":1,"name":"Startseite","item":"https:\/\/lukra-pumpen.de\/home\/"},{"@type":"ListItem","position":2,"name":"Shop","item":"https:\/\/lukra-pumpen.de\/shop\/"},{"@type":"ListItem","position":3,"name":"Fully Automatic Booster Set"}]},{"@type":"WebSite","@id":"https:\/\/lukra-pumpen.de\/#website","url":"https:\/\/lukra-pumpen.de\/","name":"LUKRA Pumpen","description":"Fluid in Motion","potentialAction":[{"@type":"SearchAction","target":{"@type":"EntryPoint","urlTemplate":"https:\/\/lukra-pumpen.de\/?s={search_term_string}"},"query-input":{"@type":"PropertyValueSpecification","valueRequired":true,"valueName":"search_term_string"}}],"inLanguage":"fr-FR"}]}},"_links":{"self":[{"href":"https:\/\/lukra-pumpen.de\/fr\/wp-json\/wp\/v2\/product\/1763","targetHints":{"allow":["GET"]}}],"collection":[{"href":"https:\/\/lukra-pumpen.de\/fr\/wp-json\/wp\/v2\/product"}],"about":[{"href":"https:\/\/lukra-pumpen.de\/fr\/wp-json\/wp\/v2\/types\/product"}],"replies":[{"embeddable":true,"href":"https:\/\/lukra-pumpen.de\/fr\/wp-json\/wp\/v2\/comments?post=1763"}],"wp:featuredmedia":[{"embeddable":true,"href":"https:\/\/lukra-pumpen.de\/fr\/wp-json\/wp\/v2\/media\/1199"}],"wp:attachment":[{"href":"https:\/\/lukra-pumpen.de\/fr\/wp-json\/wp\/v2\/media?parent=1763"}],"wp:term":[{"taxonomy":"product_brand","embeddable":true,"href":"https:\/\/lukra-pumpen.de\/fr\/wp-json\/wp\/v2\/product_brand?post=1763"},{"taxonomy":"product_cat","embeddable":true,"href":"https:\/\/lukra-pumpen.de\/fr\/wp-json\/wp\/v2\/product_cat?post=1763"},{"taxonomy":"product_tag","embeddable":true,"href":"https:\/\/lukra-pumpen.de\/fr\/wp-json\/wp\/v2\/product_tag?post=1763"}],"curies":[{"name":"wp","href":"https:\/\/api.w.org\/{rel}","templated":true}]}}