{"id":1766,"date":"2018-03-20T11:10:44","date_gmt":"2018-03-20T10:10:44","guid":{"rendered":"http:\/\/kracht-lutz-lukra-pumpen.de\/produkt\/zysternen-tauchpumpen\/"},"modified":"2018-03-21T10:08:58","modified_gmt":"2018-03-21T09:08:58","slug":"zysternen-tauchpumpen","status":"publish","type":"product","link":"https:\/\/lukra-pumpen.de\/fr\/product\/zysternen-tauchpumpen\/","title":{"rendered":"Pompes \u00e0 Citernes"},"content":{"rendered":"<p><strong>Pompes \u00e0 citernes avec aspiration flottante et pani\u00e8re de filtre d&#8217;aspiration.<\/strong><br \/>\nEn option: r\u00e9gulation moderne de la pompe pour \u00e9conomiser de l&#8217;\u00e9nergie, adaptation de la puissance aux variations des quantit\u00e9s pr\u00e9lev\u00e9es, r\u00e9duction des coups secs.<\/p>\n<p><strong>D\u00e9bit de<\/strong><br \/>\njusqu&#8217;\u00e0 116 l\/min<\/p>\n<p><strong>Pression de service<\/strong><br \/>\njusqu&#8217;\u00e0 80 mFH<\/p>\n<p><strong>Mat\u00e9riaux<\/strong><br \/>\nacier inoxydable<\/p>\n<p><strong>M\u00e9diums<\/strong><br \/>\neau potable, eau de pluie, eau industrielle<\/p>","protected":false},"excerpt":{"rendered":"","protected":false},"featured_media":1328,"comment_status":"closed","ping_status":"closed","template":"","meta":[],"product_brand":[],"product_cat":[79,83],"product_tag":[],"class_list":{"0":"post-1766","1":"product","2":"type-product","3":"status-publish","4":"has-post-thumbnail","6":"product_cat-kreiselpumpen","7":"product_cat-tauchpumpen","9":"first","10":"instock","11":"product-type-simple"},"_links":{"self":[{"href":"https:\/\/lukra-pumpen.de\/fr\/wp-json\/wp\/v2\/product\/1766","targetHints":{"allow":["GET"]}}],"collection":[{"href":"https:\/\/lukra-pumpen.de\/fr\/wp-json\/wp\/v2\/product"}],"about":[{"href":"https:\/\/lukra-pumpen.de\/fr\/wp-json\/wp\/v2\/types\/product"}],"replies":[{"embeddable":true,"href":"https:\/\/lukra-pumpen.de\/fr\/wp-json\/wp\/v2\/comments?post=1766"}],"wp:featuredmedia":[{"embeddable":true,"href":"https:\/\/lukra-pumpen.de\/fr\/wp-json\/wp\/v2\/media\/1328"}],"wp:attachment":[{"href":"https:\/\/lukra-pumpen.de\/fr\/wp-json\/wp\/v2\/media?parent=1766"}],"wp:term":[{"taxonomy":"product_brand","embeddable":true,"href":"https:\/\/lukra-pumpen.de\/fr\/wp-json\/wp\/v2\/product_brand?post=1766"},{"taxonomy":"product_cat","embeddable":true,"href":"https:\/\/lukra-pumpen.de\/fr\/wp-json\/wp\/v2\/product_cat?post=1766"},{"taxonomy":"product_tag","embeddable":true,"href":"https:\/\/lukra-pumpen.de\/fr\/wp-json\/wp\/v2\/product_tag?post=1766"}],"curies":[{"name":"wp","href":"https:\/\/api.w.org\/{rel}","templated":true}]}}