{"id":1767,"date":"2018-03-20T11:10:44","date_gmt":"2018-03-20T10:10:44","guid":{"rendered":"http:\/\/kracht-lutz-lukra-pumpen.de\/produkt\/acl-selbstansaugende-kreiselpumpen\/"},"modified":"2018-03-20T15:47:23","modified_gmt":"2018-03-20T14:47:23","slug":"acl-selbstansaugende-kreiselpumpen","status":"publish","type":"product","link":"https:\/\/lukra-pumpen.de\/fr\/product\/acl-selbstansaugende-kreiselpumpen\/","title":{"rendered":"ACL &#8211; Pompe Centrifuge \u00e0 Prise Automatique"},"content":{"rendered":"<p><strong>Pompe p\u00e9riph\u00e9rique horizontale avec jusqu&#8217;\u00e0 six \u00e9tages de pression, ovale ou brides rondes et paliers \u00e0 roulement \u00e0 l&#8217;ext\u00e9rieur.<\/strong><br \/>\nLe type: ACL, ACLD, ACLRD<\/p>\n<p><strong>D\u00e9bit de<\/strong><br \/>\n30 l\/min \u00e0 600 l\/min<\/p>\n<p><strong>Pression de refoulement de<\/strong><br \/>\njusqu&#8217;\u00e0 100 mFH<\/p>\n<p><strong>Mat\u00e9riaux<\/strong><br \/>\nfonte grise, bronze, acier inoxydable, laiton<\/p>\n<p><strong>M\u00e9diums<\/strong><br \/>\neau, lubrifiant de refroidissement, combustible, huiles, solvants, eau de mer, hydrocarbures, eau condens\u00e9e<\/p>","protected":false},"excerpt":{"rendered":"","protected":false},"featured_media":1147,"comment_status":"closed","ping_status":"closed","template":"","meta":[],"product_brand":[],"product_cat":[79,82],"product_tag":[],"class_list":{"0":"post-1767","1":"product","2":"type-product","3":"status-publish","4":"has-post-thumbnail","6":"product_cat-kreiselpumpen","7":"product_cat-selbstansaugende-kreiselpumpen","9":"first","10":"instock","11":"product-type-simple"},"_links":{"self":[{"href":"https:\/\/lukra-pumpen.de\/fr\/wp-json\/wp\/v2\/product\/1767","targetHints":{"allow":["GET"]}}],"collection":[{"href":"https:\/\/lukra-pumpen.de\/fr\/wp-json\/wp\/v2\/product"}],"about":[{"href":"https:\/\/lukra-pumpen.de\/fr\/wp-json\/wp\/v2\/types\/product"}],"replies":[{"embeddable":true,"href":"https:\/\/lukra-pumpen.de\/fr\/wp-json\/wp\/v2\/comments?post=1767"}],"wp:featuredmedia":[{"embeddable":true,"href":"https:\/\/lukra-pumpen.de\/fr\/wp-json\/wp\/v2\/media\/1147"}],"wp:attachment":[{"href":"https:\/\/lukra-pumpen.de\/fr\/wp-json\/wp\/v2\/media?parent=1767"}],"wp:term":[{"taxonomy":"product_brand","embeddable":true,"href":"https:\/\/lukra-pumpen.de\/fr\/wp-json\/wp\/v2\/product_brand?post=1767"},{"taxonomy":"product_cat","embeddable":true,"href":"https:\/\/lukra-pumpen.de\/fr\/wp-json\/wp\/v2\/product_cat?post=1767"},{"taxonomy":"product_tag","embeddable":true,"href":"https:\/\/lukra-pumpen.de\/fr\/wp-json\/wp\/v2\/product_tag?post=1767"}],"curies":[{"name":"wp","href":"https:\/\/api.w.org\/{rel}","templated":true}]}}