{"id":1768,"date":"2018-03-20T11:10:44","date_gmt":"2018-03-20T10:10:44","guid":{"rendered":"http:\/\/kracht-lutz-lukra-pumpen.de\/produkt\/dbd-druckbegrenzungsventile\/"},"modified":"2018-03-26T16:13:59","modified_gmt":"2018-03-26T15:13:59","slug":"dbd-druckbegrenzungsventile","status":"publish","type":"product","link":"https:\/\/lukra-pumpen.de\/fr\/product\/dbd-druckbegrenzungsventile\/","title":{"rendered":"DBD &#8211; Soupapes de D\u00e9charge"},"content":{"rendered":"<p>Soupapes de d\u00e9charge pour le garnissage \u00e0 plaques<\/p>\n<p><strong>D\u00e9bit de<\/strong><br \/>\njusqu&#8217;\u00e0 750 l\/min<\/p>\n<p><strong>Pression de refoulement de<\/strong><br \/>\njusqu&#8217;\u00e0 350 bars<\/p>\n<p><strong>Mat\u00e9riaux<\/strong><br \/>\nfonte grise<\/p>\n<p><strong>M\u00e9diums<\/strong><br \/>\nhuile hydraulique<\/p>","protected":false},"excerpt":{"rendered":"<p>Soupapes de d\u00e9charge pour le garnissage \u00e0 plaques D\u00e9bit de jusqu&#8217;\u00e0 750 l\/min Pression de refoulement de jusqu&#8217;\u00e0 350 bars Mat\u00e9riaux fonte grise M\u00e9diums huile hydraulique<\/p>\n","protected":false},"featured_media":1188,"comment_status":"closed","ping_status":"closed","template":"","meta":[],"product_brand":[],"product_cat":[78,76,89],"product_tag":[],"class_list":{"0":"post-1768","1":"product","2":"type-product","3":"status-publish","4":"has-post-thumbnail","6":"product_cat-hydraulik-zubehoer","7":"product_cat-hydraulikventile","8":"product_cat-schmieroelpumpen","10":"first","11":"instock","12":"product-type-simple"},"_links":{"self":[{"href":"https:\/\/lukra-pumpen.de\/fr\/wp-json\/wp\/v2\/product\/1768","targetHints":{"allow":["GET"]}}],"collection":[{"href":"https:\/\/lukra-pumpen.de\/fr\/wp-json\/wp\/v2\/product"}],"about":[{"href":"https:\/\/lukra-pumpen.de\/fr\/wp-json\/wp\/v2\/types\/product"}],"replies":[{"embeddable":true,"href":"https:\/\/lukra-pumpen.de\/fr\/wp-json\/wp\/v2\/comments?post=1768"}],"wp:featuredmedia":[{"embeddable":true,"href":"https:\/\/lukra-pumpen.de\/fr\/wp-json\/wp\/v2\/media\/1188"}],"wp:attachment":[{"href":"https:\/\/lukra-pumpen.de\/fr\/wp-json\/wp\/v2\/media?parent=1768"}],"wp:term":[{"taxonomy":"product_brand","embeddable":true,"href":"https:\/\/lukra-pumpen.de\/fr\/wp-json\/wp\/v2\/product_brand?post=1768"},{"taxonomy":"product_cat","embeddable":true,"href":"https:\/\/lukra-pumpen.de\/fr\/wp-json\/wp\/v2\/product_cat?post=1768"},{"taxonomy":"product_tag","embeddable":true,"href":"https:\/\/lukra-pumpen.de\/fr\/wp-json\/wp\/v2\/product_tag?post=1768"}],"curies":[{"name":"wp","href":"https:\/\/api.w.org\/{rel}","templated":true}]}}