{"id":1769,"date":"2018-03-20T11:10:44","date_gmt":"2018-03-20T10:10:44","guid":{"rendered":"http:\/\/kracht-lutz-lukra-pumpen.de\/produkt\/ef-durchflussmesser\/"},"modified":"2018-03-26T16:14:35","modified_gmt":"2018-03-26T15:14:35","slug":"ef-durchflussmesser","status":"publish","type":"product","link":"https:\/\/lukra-pumpen.de\/fr\/product\/ef-durchflussmesser\/","title":{"rendered":"EF &#8211; Compteur Volum\u00e9trique"},"content":{"rendered":"<p><strong>Compteur volum\u00e9trique extr\u00eamement pr\u00e9cis<\/strong><\/p>\n<p><strong>Taux d&#8217;\u00e9coulement de<\/strong><br \/>\n0,05 \u00e0 150 l\/min<\/p>\n<p><strong>Pression de refoulement de<\/strong><br \/>\njusqu&#8217;\u00e0 200 bars<\/p>\n<p><strong>Mat\u00e9riaux<\/strong><br \/>\naluminium, acier inoxydable<\/p>\n<p><strong>M\u00e9diums<\/strong><br \/>\nviscosit\u00e9s de jusqu&#8217;\u00e0 10 000 mm\u00b2\/s<\/p>","protected":false},"excerpt":{"rendered":"<p>Compteur volum\u00e9trique extr\u00eamement pr\u00e9cis Taux d&#8217;\u00e9coulement de 0,05 \u00e0 150 l\/min Pression de refoulement de jusqu&#8217;\u00e0 200 bars Mat\u00e9riaux aluminium, acier inoxydable M\u00e9diums viscosit\u00e9s de jusqu&#8217;\u00e0 10 000 mm\u00b2\/s<\/p>\n","protected":false},"featured_media":1319,"comment_status":"closed","ping_status":"closed","template":"","meta":[],"product_brand":[],"product_cat":[78,89,77],"product_tag":[],"class_list":{"0":"post-1769","1":"product","2":"type-product","3":"status-publish","4":"has-post-thumbnail","6":"product_cat-hydraulik-zubehoer","7":"product_cat-schmieroelpumpen","8":"product_cat-volumenzaehler","10":"first","11":"instock","12":"product-type-simple"},"_links":{"self":[{"href":"https:\/\/lukra-pumpen.de\/fr\/wp-json\/wp\/v2\/product\/1769","targetHints":{"allow":["GET"]}}],"collection":[{"href":"https:\/\/lukra-pumpen.de\/fr\/wp-json\/wp\/v2\/product"}],"about":[{"href":"https:\/\/lukra-pumpen.de\/fr\/wp-json\/wp\/v2\/types\/product"}],"replies":[{"embeddable":true,"href":"https:\/\/lukra-pumpen.de\/fr\/wp-json\/wp\/v2\/comments?post=1769"}],"wp:featuredmedia":[{"embeddable":true,"href":"https:\/\/lukra-pumpen.de\/fr\/wp-json\/wp\/v2\/media\/1319"}],"wp:attachment":[{"href":"https:\/\/lukra-pumpen.de\/fr\/wp-json\/wp\/v2\/media?parent=1769"}],"wp:term":[{"taxonomy":"product_brand","embeddable":true,"href":"https:\/\/lukra-pumpen.de\/fr\/wp-json\/wp\/v2\/product_brand?post=1769"},{"taxonomy":"product_cat","embeddable":true,"href":"https:\/\/lukra-pumpen.de\/fr\/wp-json\/wp\/v2\/product_cat?post=1769"},{"taxonomy":"product_tag","embeddable":true,"href":"https:\/\/lukra-pumpen.de\/fr\/wp-json\/wp\/v2\/product_tag?post=1769"}],"curies":[{"name":"wp","href":"https:\/\/api.w.org\/{rel}","templated":true}]}}