{"id":1770,"date":"2018-03-20T11:10:44","date_gmt":"2018-03-20T10:10:44","guid":{"rendered":"http:\/\/kracht-lutz-lukra-pumpen.de\/produkt\/kh-getriebeoelpumpe\/"},"modified":"2019-08-05T15:33:18","modified_gmt":"2019-08-05T14:33:18","slug":"kh-getriebeoelpumpe","status":"publish","type":"product","link":"https:\/\/lukra-pumpen.de\/fr\/product\/kh-getriebeoelpumpe\/","title":{"rendered":"KH &#8211; Pompe sur les Transmissions"},"content":{"rendered":"<p><strong>Pompe \u00e0 engrenages annulaires pour l&#8217;entra\u00eenement direct sur les transmissions<\/strong><br \/>\nEn option: pas de modification du sens de transport lors du changement du sens de rotation conform\u00e9ment \u00e0 la norme DIN 69001 partie 17 Forme A<\/p>\n<p><strong>D\u00e9bit de<\/strong><br \/>\n4 cm\u00b3\/tr \u00e0 14 cm\u00b3\/tr<\/p>\n<p><strong>Pression de refoulement de<\/strong><br \/>\njusqu&#8217;\u00e0 50 bars<\/p>\n<p><strong>Mat\u00e9riaux<\/strong><br \/>\nacier<\/p>\n<p><strong>M\u00e9diums<\/strong><br \/>\nhuile de transmission, huile hydraulique, huile de lubrification<\/p>","protected":false},"excerpt":{"rendered":"<p>Pompe \u00e0 engrenages annulaires pour l&#8217;entra\u00eenement direct sur les transmissions En option: pas de modification du sens de transport lors du changement du sens de rotation conform\u00e9ment \u00e0 la norme DIN 69001 partie 17 Forme A D\u00e9bit de 4 cm\u00b3\/tr \u00e0 14 cm\u00b3\/tr Pression de refoulement de jusqu&#8217;\u00e0 50 bars Mat\u00e9riaux acier M\u00e9diums huile de [&hellip;]<\/p>\n","protected":false},"featured_media":1325,"comment_status":"closed","ping_status":"closed","template":"","meta":[],"product_brand":[],"product_cat":[72,71,73,89,90],"product_tag":[],"class_list":{"0":"post-1770","1":"product","2":"type-product","3":"status-publish","4":"has-post-thumbnail","6":"product_cat-foerderpumpen","7":"product_cat-hydraulikpumpen","8":"product_cat-niederdruck-pumpen","9":"product_cat-schmieroelpumpen","10":"product_cat-zahnradpumpen","12":"first","13":"instock","14":"product-type-simple"},"_links":{"self":[{"href":"https:\/\/lukra-pumpen.de\/fr\/wp-json\/wp\/v2\/product\/1770","targetHints":{"allow":["GET"]}}],"collection":[{"href":"https:\/\/lukra-pumpen.de\/fr\/wp-json\/wp\/v2\/product"}],"about":[{"href":"https:\/\/lukra-pumpen.de\/fr\/wp-json\/wp\/v2\/types\/product"}],"replies":[{"embeddable":true,"href":"https:\/\/lukra-pumpen.de\/fr\/wp-json\/wp\/v2\/comments?post=1770"}],"wp:featuredmedia":[{"embeddable":true,"href":"https:\/\/lukra-pumpen.de\/fr\/wp-json\/wp\/v2\/media\/1325"}],"wp:attachment":[{"href":"https:\/\/lukra-pumpen.de\/fr\/wp-json\/wp\/v2\/media?parent=1770"}],"wp:term":[{"taxonomy":"product_brand","embeddable":true,"href":"https:\/\/lukra-pumpen.de\/fr\/wp-json\/wp\/v2\/product_brand?post=1770"},{"taxonomy":"product_cat","embeddable":true,"href":"https:\/\/lukra-pumpen.de\/fr\/wp-json\/wp\/v2\/product_cat?post=1770"},{"taxonomy":"product_tag","embeddable":true,"href":"https:\/\/lukra-pumpen.de\/fr\/wp-json\/wp\/v2\/product_tag?post=1770"}],"curies":[{"name":"wp","href":"https:\/\/api.w.org\/{rel}","templated":true}]}}