{"id":1771,"date":"2018-03-20T11:10:44","date_gmt":"2018-03-20T10:10:44","guid":{"rendered":"http:\/\/kracht-lutz-lukra-pumpen.de\/produkt\/kohb-selbstansaugende-kreiselpumpen\/"},"modified":"2018-03-26T17:16:47","modified_gmt":"2018-03-26T16:16:47","slug":"kohb-selbstansaugende-kreiselpumpen","status":"publish","type":"product","link":"https:\/\/lukra-pumpen.de\/fr\/product\/kohb-selbstansaugende-kreiselpumpen\/","title":{"rendered":"KOHB &#8211; Pompe Centrifuge \u00e0 Prise Automatique"},"content":{"rendered":"<p>Pompe p\u00e9riph\u00e9rique horizontale \u00e0 forme de construction en blocs avec jusqu&#8217;\u00e0 quatre \u00e9tages de pression.<br \/>\nEn option: Certification Atex et accouplement magn\u00e9tique (mod\u00e8le successeur de Hilmo AC).<\/p>\n<p><strong>D\u00e9bit de<\/strong><br \/>\njusqu&#8217;\u00e0 125 l\/min<\/p>\n<p><strong>Pression de refoulement de<\/strong><br \/>\njusqu&#8217;\u00e0 130 mFH<\/p>\n<p><strong>Mat\u00e9riaux<\/strong><br \/>\nfonte grise, acier inoxydable, laiton<\/p>\n<p><strong>M\u00e9diums<\/strong><br \/>\neau, lubrifiant de refroidissement, combustible, huiles, solvants, eau de mer, hydrocarbures, eau condens\u00e9e<\/p>","protected":false},"excerpt":{"rendered":"<p>Pompe p\u00e9riph\u00e9rique horizontale \u00e0 forme de construction en blocs avec jusqu&#8217;\u00e0 quatre \u00e9tages de pression. En option: Certification Atex et accouplement magn\u00e9tique (mod\u00e8le successeur de Hilmo AC). D\u00e9bit de jusqu&#8217;\u00e0 125 l\/min Pression de refoulement de jusqu&#8217;\u00e0 130 mFH Mat\u00e9riaux fonte grise, acier inoxydable, laiton M\u00e9diums eau, lubrifiant de refroidissement, combustible, huiles, solvants, eau de [&hellip;]<\/p>\n","protected":false},"featured_media":1238,"comment_status":"closed","ping_status":"closed","template":"","meta":[],"product_brand":[],"product_cat":[93,79,82],"product_tag":[],"class_list":{"0":"post-1771","1":"product","2":"type-product","3":"status-publish","4":"has-post-thumbnail","6":"product_cat-dichtungslose-kreiselpumpen","7":"product_cat-kreiselpumpen","8":"product_cat-selbstansaugende-kreiselpumpen","10":"first","11":"instock","12":"product-type-simple"},"_links":{"self":[{"href":"https:\/\/lukra-pumpen.de\/fr\/wp-json\/wp\/v2\/product\/1771","targetHints":{"allow":["GET"]}}],"collection":[{"href":"https:\/\/lukra-pumpen.de\/fr\/wp-json\/wp\/v2\/product"}],"about":[{"href":"https:\/\/lukra-pumpen.de\/fr\/wp-json\/wp\/v2\/types\/product"}],"replies":[{"embeddable":true,"href":"https:\/\/lukra-pumpen.de\/fr\/wp-json\/wp\/v2\/comments?post=1771"}],"wp:featuredmedia":[{"embeddable":true,"href":"https:\/\/lukra-pumpen.de\/fr\/wp-json\/wp\/v2\/media\/1238"}],"wp:attachment":[{"href":"https:\/\/lukra-pumpen.de\/fr\/wp-json\/wp\/v2\/media?parent=1771"}],"wp:term":[{"taxonomy":"product_brand","embeddable":true,"href":"https:\/\/lukra-pumpen.de\/fr\/wp-json\/wp\/v2\/product_brand?post=1771"},{"taxonomy":"product_cat","embeddable":true,"href":"https:\/\/lukra-pumpen.de\/fr\/wp-json\/wp\/v2\/product_cat?post=1771"},{"taxonomy":"product_tag","embeddable":true,"href":"https:\/\/lukra-pumpen.de\/fr\/wp-json\/wp\/v2\/product_tag?post=1771"}],"curies":[{"name":"wp","href":"https:\/\/api.w.org\/{rel}","templated":true}]}}