{"id":1772,"date":"2018-03-20T11:10:52","date_gmt":"2018-03-20T10:10:52","guid":{"rendered":"http:\/\/kracht-lutz-lukra-pumpen.de\/produkt\/lk-zahnradpumpen\/"},"modified":"2018-03-26T17:59:02","modified_gmt":"2018-03-26T16:59:02","slug":"lk-zahnradpumpen","status":"publish","type":"product","link":"https:\/\/lukra-pumpen.de\/fr\/product\/lk-zahnradpumpen\/","title":{"rendered":"LK &#8211; Pompe \u00e0 Roue Dent\u00e9e"},"content":{"rendered":"<p>Pompe \u00e0 roue dent\u00e9e ext\u00e9rieure<br \/>\nLe type: LK, KF, SF<\/p>\n<p><strong>D\u00e9bit de<\/strong><br \/>\n4 cm\u00b3\/tr \u00e0 1\u00a0400 cm\u00b3\/tr<\/p>\n<p><strong>Pression de refoulement de<\/strong><br \/>\njusqu&#8217;\u00e0 25 bars<\/p>\n<p><strong>Mat\u00e9riaux<\/strong><br \/>\nfonte grise, acier<\/p>\n<p><strong>M\u00e9diums<\/strong><br \/>\nhuile, huile hydraulique, huile de lubrification, huile caloporteuse, diesel, \u00e9mulsions, peintures, etc.<\/p>","protected":false},"excerpt":{"rendered":"<p class=\"qtranxs-available-languages-message qtranxs-available-languages-message-fr\">D\u00e9sol\u00e9, cet article est seulement disponible en <a href=\"https:\/\/lukra-pumpen.de\/de\/wp-json\/wp\/v2\/product\/1772\" class=\"qtranxs-available-language-link qtranxs-available-language-link-de\" title=\"Deutsch\">Deutsch<\/a>.<\/p>\n","protected":false},"featured_media":1246,"comment_status":"closed","ping_status":"closed","template":"","meta":[],"product_brand":[],"product_cat":[72,71,73,89,90],"product_tag":[],"class_list":{"0":"post-1772","1":"product","2":"type-product","3":"status-publish","4":"has-post-thumbnail","6":"product_cat-foerderpumpen","7":"product_cat-hydraulikpumpen","8":"product_cat-niederdruck-pumpen","9":"product_cat-schmieroelpumpen","10":"product_cat-zahnradpumpen","12":"first","13":"instock","14":"product-type-simple"},"_links":{"self":[{"href":"https:\/\/lukra-pumpen.de\/fr\/wp-json\/wp\/v2\/product\/1772","targetHints":{"allow":["GET"]}}],"collection":[{"href":"https:\/\/lukra-pumpen.de\/fr\/wp-json\/wp\/v2\/product"}],"about":[{"href":"https:\/\/lukra-pumpen.de\/fr\/wp-json\/wp\/v2\/types\/product"}],"replies":[{"embeddable":true,"href":"https:\/\/lukra-pumpen.de\/fr\/wp-json\/wp\/v2\/comments?post=1772"}],"wp:featuredmedia":[{"embeddable":true,"href":"https:\/\/lukra-pumpen.de\/fr\/wp-json\/wp\/v2\/media\/1246"}],"wp:attachment":[{"href":"https:\/\/lukra-pumpen.de\/fr\/wp-json\/wp\/v2\/media?parent=1772"}],"wp:term":[{"taxonomy":"product_brand","embeddable":true,"href":"https:\/\/lukra-pumpen.de\/fr\/wp-json\/wp\/v2\/product_brand?post=1772"},{"taxonomy":"product_cat","embeddable":true,"href":"https:\/\/lukra-pumpen.de\/fr\/wp-json\/wp\/v2\/product_cat?post=1772"},{"taxonomy":"product_tag","embeddable":true,"href":"https:\/\/lukra-pumpen.de\/fr\/wp-json\/wp\/v2\/product_tag?post=1772"}],"curies":[{"name":"wp","href":"https:\/\/api.w.org\/{rel}","templated":true}]}}