{"id":1774,"date":"2018-03-20T11:10:52","date_gmt":"2018-03-20T10:10:52","guid":{"rendered":"http:\/\/kracht-lutz-lukra-pumpen.de\/produkt\/ltm-zahnrad-foerderpumpen\/"},"modified":"2018-09-25T15:31:27","modified_gmt":"2018-09-25T14:31:27","slug":"ltm-zahnrad-foerderpumpen","status":"publish","type":"product","link":"https:\/\/lukra-pumpen.de\/fr\/product\/ltm-zahnrad-foerderpumpen\/","title":{"rendered":"LTM &#8211; Pompe d&#8217;Alimentation"},"content":{"rendered":"<p>Pompe \u00e0 roue dent\u00e9e ext\u00e9rieure avec enveloppe chauffante ou refroidisseur pour temp\u00e9rer le m\u00e9dium<br \/>\nLe type: LTM, BTH<\/p>\n<p><strong>D\u00e9bit de<\/strong><br \/>\n4 cm\u00b3\/tr \u00e0 1 500 cm\u00b3\/tr<\/p>\n<p><strong>Pression de refoulement de<\/strong><br \/>\njusqu&#8217;\u00e0 8 bars<\/p>\n<p><strong>Mat\u00e9riaux<\/strong><br \/>\nfonte grise, bronze, acier inoxydable<\/p>\n<p><strong>M\u00e9diums<\/strong><br \/>\nhuile, paraffine, bitumes, peintures, colles, etc.<\/p>\n<p>Les pompes LTM sont fabriqu\u00e9es dans diff\u00e9rentes tailles. Les d\u00e9bits n\u00e9cessaires peuvent alors \u00eatre r\u00e9alis\u00e9s facilement.<br \/>\nCette pompe solide est capable de transporter presque tous les m\u00e9diums possibles jusqu&#8217;\u00e0 une viscosit\u00e9 de 80.000 cP.<br \/>\nD&#8217;une mani\u00e8re g\u00e9n\u00e9rale, la vitesse de rotation est d\u00e9termin\u00e9e par la viscosit\u00e9 ou l&#8217;onctuosit\u00e9 du m\u00e9dium, les pompes LTM sont cependant habituellement utilis\u00e9es \u00e0 des vitesses de rotation allant jusqu&#8217;\u00e0 1 500 n maximum.<\/p>\n<p>Les mod\u00e8les les plus populaires sont disponibles directement en stocks.<br \/>\n(Les pompes LT constituent l&#8217;alternative de m\u00eame puissance et aux m\u00eames raccords aux pompes STEIMEL T et TM)<\/p>\n<p>&nbsp;<\/p>\n<hr \/>\n<p><a href=\"http:\/\/www.lukra-pumpen.de\/lukra-pumpen.de\/produkte\/membranpumpen\/#category_id_57\">\u25c4 Retour \u00e0 la cat\u00e9gorie<\/a><\/p>","protected":false},"excerpt":{"rendered":"<p>Pompe \u00e0 roue dent\u00e9e ext\u00e9rieure avec enveloppe chauffante ou refroidisseur pour temp\u00e9rer le m\u00e9dium Le type: LTM, BTH D\u00e9bit de 4 cm\u00b3\/tr \u00e0 1 500 cm\u00b3\/tr Pression de refoulement de jusqu&#8217;\u00e0 8 bars Mat\u00e9riaux fonte grise, bronze, acier inoxydable M\u00e9diums huile, paraffine, bitumes, peintures, colles, etc. Les pompes LTM sont fabriqu\u00e9es dans diff\u00e9rentes tailles. Les [&hellip;]<\/p>\n","protected":false},"featured_media":1252,"comment_status":"closed","ping_status":"closed","template":"","meta":[],"product_brand":[],"product_cat":[72,71,73,90],"product_tag":[],"class_list":{"0":"post-1774","1":"product","2":"type-product","3":"status-publish","4":"has-post-thumbnail","6":"product_cat-foerderpumpen","7":"product_cat-hydraulikpumpen","8":"product_cat-niederdruck-pumpen","9":"product_cat-zahnradpumpen","11":"first","12":"instock","13":"product-type-simple"},"_links":{"self":[{"href":"https:\/\/lukra-pumpen.de\/fr\/wp-json\/wp\/v2\/product\/1774","targetHints":{"allow":["GET"]}}],"collection":[{"href":"https:\/\/lukra-pumpen.de\/fr\/wp-json\/wp\/v2\/product"}],"about":[{"href":"https:\/\/lukra-pumpen.de\/fr\/wp-json\/wp\/v2\/types\/product"}],"replies":[{"embeddable":true,"href":"https:\/\/lukra-pumpen.de\/fr\/wp-json\/wp\/v2\/comments?post=1774"}],"wp:featuredmedia":[{"embeddable":true,"href":"https:\/\/lukra-pumpen.de\/fr\/wp-json\/wp\/v2\/media\/1252"}],"wp:attachment":[{"href":"https:\/\/lukra-pumpen.de\/fr\/wp-json\/wp\/v2\/media?parent=1774"}],"wp:term":[{"taxonomy":"product_brand","embeddable":true,"href":"https:\/\/lukra-pumpen.de\/fr\/wp-json\/wp\/v2\/product_brand?post=1774"},{"taxonomy":"product_cat","embeddable":true,"href":"https:\/\/lukra-pumpen.de\/fr\/wp-json\/wp\/v2\/product_cat?post=1774"},{"taxonomy":"product_tag","embeddable":true,"href":"https:\/\/lukra-pumpen.de\/fr\/wp-json\/wp\/v2\/product_tag?post=1774"}],"curies":[{"name":"wp","href":"https:\/\/api.w.org\/{rel}","templated":true}]}}