{"id":1775,"date":"2018-03-20T11:10:52","date_gmt":"2018-03-20T10:10:52","guid":{"rendered":"http:\/\/kracht-lutz-lukra-pumpen.de\/produkt\/rn-rnb-einstufige-normalansaugende-kreiselpumpe\/"},"modified":"2018-07-12T10:36:35","modified_gmt":"2018-07-12T09:36:35","slug":"rn-rnb-einstufige-normalansaugende-kreiselpumpe","status":"publish","type":"product","link":"https:\/\/lukra-pumpen.de\/fr\/product\/rn-rnb-einstufige-normalansaugende-kreiselpumpe\/","title":{"rendered":"RN, RNb &#8211; Pompe Centrifuge Normalis\u00e9e"},"content":{"rendered":"<p>Pompe centrifuge normalis\u00e9e \u00e0 un \u00e9tage avec supports de paliers ou \u00e0 forme de construction en blocs.<br \/>\nPuissances et dimensions de la pompe conformes \u00e0 la norme EN 733 (DIN 24255)<br \/>\n<strong>RNb-MK<\/strong>: disponible maintenant \u00e9galement avec accouplement magn\u00e9tique \u00e9tanche herm\u00e9tique<em><br \/>\n<\/em><br \/>\n<strong>D\u00e9bit de<\/strong><br \/>\njusqu&#8217;\u00e0 400 m\u00b3\/h<\/p>\n<p><strong>Pression de refoulement de<\/strong><br \/>\njusqu&#8217;\u00e0 100 mFH<\/p>\n<p><strong>Mat\u00e9riaux<\/strong><br \/>\nfonte grise, bronze, acier inoxydable<\/p>\n<p><strong>M\u00e9diums<\/strong><br \/>\neau, liquides purs, l\u00e9g\u00e8rement impurs ou agressifs<\/p>","protected":false},"excerpt":{"rendered":"<p>Pompe centrifuge normalis\u00e9e \u00e0 un \u00e9tage avec supports de paliers ou \u00e0 forme de construction en blocs. Puissances et dimensions de la pompe conformes \u00e0 la norme EN 733 (DIN 24255) RNb-MK: disponible maintenant \u00e9galement avec accouplement magn\u00e9tique \u00e9tanche herm\u00e9tique D\u00e9bit de jusqu&#8217;\u00e0 400 m\u00b3\/h Pression de refoulement de jusqu&#8217;\u00e0 100 mFH Mat\u00e9riaux fonte grise, [&hellip;]<\/p>\n","protected":false},"featured_media":1289,"comment_status":"closed","ping_status":"closed","template":"","meta":[],"product_brand":[],"product_cat":[79,81],"product_tag":[],"class_list":{"0":"post-1775","1":"product","2":"type-product","3":"status-publish","4":"has-post-thumbnail","6":"product_cat-kreiselpumpen","7":"product_cat-normalansaugende-kreiselpumpen","9":"first","10":"instock","11":"product-type-simple"},"_links":{"self":[{"href":"https:\/\/lukra-pumpen.de\/fr\/wp-json\/wp\/v2\/product\/1775","targetHints":{"allow":["GET"]}}],"collection":[{"href":"https:\/\/lukra-pumpen.de\/fr\/wp-json\/wp\/v2\/product"}],"about":[{"href":"https:\/\/lukra-pumpen.de\/fr\/wp-json\/wp\/v2\/types\/product"}],"replies":[{"embeddable":true,"href":"https:\/\/lukra-pumpen.de\/fr\/wp-json\/wp\/v2\/comments?post=1775"}],"wp:featuredmedia":[{"embeddable":true,"href":"https:\/\/lukra-pumpen.de\/fr\/wp-json\/wp\/v2\/media\/1289"}],"wp:attachment":[{"href":"https:\/\/lukra-pumpen.de\/fr\/wp-json\/wp\/v2\/media?parent=1775"}],"wp:term":[{"taxonomy":"product_brand","embeddable":true,"href":"https:\/\/lukra-pumpen.de\/fr\/wp-json\/wp\/v2\/product_brand?post=1775"},{"taxonomy":"product_cat","embeddable":true,"href":"https:\/\/lukra-pumpen.de\/fr\/wp-json\/wp\/v2\/product_cat?post=1775"},{"taxonomy":"product_tag","embeddable":true,"href":"https:\/\/lukra-pumpen.de\/fr\/wp-json\/wp\/v2\/product_tag?post=1775"}],"curies":[{"name":"wp","href":"https:\/\/api.w.org\/{rel}","templated":true}]}}