{"id":1776,"date":"2018-03-20T11:10:52","date_gmt":"2018-03-20T10:10:52","guid":{"rendered":"http:\/\/kracht-lutz-lukra-pumpen.de\/produkt\/rsd-druckbegrenzungventile-fuer-den-rohrleitungseinbau\/"},"modified":"2018-03-26T15:59:35","modified_gmt":"2018-03-26T14:59:35","slug":"rsd-druckbegrenzungventile-fuer-den-rohrleitungseinbau","status":"publish","type":"product","link":"https:\/\/lukra-pumpen.de\/fr\/product\/rsd-druckbegrenzungventile-fuer-den-rohrleitungseinbau\/","title":{"rendered":"RSD &#8211; Soupapes de D\u00e9charge pour le Montage de Conduites de Tuyau"},"content":{"rendered":"<p>Soupapes de d\u00e9charge pour le montage de conduites de tuyau avec filetage ou raccord SAE<\/p>\n<p><strong>D\u00e9bit de<\/strong><br \/>\njusqu&#8217;\u00e0 1\u00a0800 l\/min<\/p>\n<p><strong>Pression de refoulement de<\/strong><br \/>\njusqu&#8217;\u00e0 40 bars<\/p>\n<p><strong>Mat\u00e9riaux<\/strong><br \/>\nfonte grise, fonte \u00e0 graphite sph\u00e9ro\u00efdale, acier inoxydable<\/p>\n<p><strong>M\u00e9diums<\/strong><br \/>\nhuile hydraulique, huiles de lubrification, huiles \u00e0 capacit\u00e9 graissante d&#8217;une viscosit\u00e9 de 10 \u00e0 1 500 mm\u00b2\/s<\/p>","protected":false},"excerpt":{"rendered":"<p>Soupapes de d\u00e9charge pour le montage de conduites de tuyau avec filetage ou raccord SAE D\u00e9bit de jusqu&#8217;\u00e0 1\u00a0800 l\/min Pression de refoulement de jusqu&#8217;\u00e0 40 bars Mat\u00e9riaux fonte grise, fonte \u00e0 graphite sph\u00e9ro\u00efdale, acier inoxydable M\u00e9diums huile hydraulique, huiles de lubrification, huiles \u00e0 capacit\u00e9 graissante d&#8217;une viscosit\u00e9 de 10 \u00e0 1 500 mm\u00b2\/s<\/p>\n","protected":false},"featured_media":1293,"comment_status":"closed","ping_status":"closed","template":"","meta":[],"product_brand":[],"product_cat":[78,71,76,89],"product_tag":[],"class_list":{"0":"post-1776","1":"product","2":"type-product","3":"status-publish","4":"has-post-thumbnail","6":"product_cat-hydraulik-zubehoer","7":"product_cat-hydraulikpumpen","8":"product_cat-hydraulikventile","9":"product_cat-schmieroelpumpen","11":"first","12":"instock","13":"product-type-simple"},"_links":{"self":[{"href":"https:\/\/lukra-pumpen.de\/fr\/wp-json\/wp\/v2\/product\/1776","targetHints":{"allow":["GET"]}}],"collection":[{"href":"https:\/\/lukra-pumpen.de\/fr\/wp-json\/wp\/v2\/product"}],"about":[{"href":"https:\/\/lukra-pumpen.de\/fr\/wp-json\/wp\/v2\/types\/product"}],"replies":[{"embeddable":true,"href":"https:\/\/lukra-pumpen.de\/fr\/wp-json\/wp\/v2\/comments?post=1776"}],"wp:featuredmedia":[{"embeddable":true,"href":"https:\/\/lukra-pumpen.de\/fr\/wp-json\/wp\/v2\/media\/1293"}],"wp:attachment":[{"href":"https:\/\/lukra-pumpen.de\/fr\/wp-json\/wp\/v2\/media?parent=1776"}],"wp:term":[{"taxonomy":"product_brand","embeddable":true,"href":"https:\/\/lukra-pumpen.de\/fr\/wp-json\/wp\/v2\/product_brand?post=1776"},{"taxonomy":"product_cat","embeddable":true,"href":"https:\/\/lukra-pumpen.de\/fr\/wp-json\/wp\/v2\/product_cat?post=1776"},{"taxonomy":"product_tag","embeddable":true,"href":"https:\/\/lukra-pumpen.de\/fr\/wp-json\/wp\/v2\/product_tag?post=1776"}],"curies":[{"name":"wp","href":"https:\/\/api.w.org\/{rel}","templated":true}]}}