{"id":1777,"date":"2018-03-20T11:10:52","date_gmt":"2018-03-20T10:10:52","guid":{"rendered":"http:\/\/kracht-lutz-lukra-pumpen.de\/produkt\/rt-innenzahnradpumpen\/"},"modified":"2023-01-23T08:32:04","modified_gmt":"2023-01-23T07:32:04","slug":"rt-innenzahnradpumpen","status":"publish","type":"product","link":"https:\/\/lukra-pumpen.de\/fr\/produkt\/rt-innenzahnradpumpen\/","title":{"rendered":"RT &#8211; Pompe \u00e0 Roue Dent\u00e9e Int\u00e9rieure"},"content":{"rendered":"<p>Pompe \u00e0 roue dent\u00e9e int\u00e9rieure<br \/>\nEn option: avec enveloppe chauffante ou refroidisseur comme RTM<\/p>\n<p><strong>D\u00e9bit de<\/strong><br \/>\n4 cm\u00b3\/tr \u00e0 2\u00a0100 cm\u00b3\/tr<\/p>\n<p><strong>Pression de refoulement de<\/strong><br \/>\njusqu&rsquo;\u00e0 16 bars<\/p>\n<p><strong>Mat\u00e9riaux<\/strong><br \/>\nfonte grise, fonte \u00e0 graphite sph\u00e9ro\u00efdale, acier inoxydable<\/p>\n<p><strong>M\u00e9diums<\/strong><br \/>\ngraisses, peintures, produits alimentaires et liquides avec pigments abrasifs<\/p>","protected":false},"excerpt":{"rendered":"<p>Pompe \u00e0 roue dent\u00e9e int\u00e9rieure En option: avec enveloppe chauffante ou refroidisseur comme RTM D\u00e9bit de 4 cm\u00b3\/tr \u00e0 2\u00a0100 cm\u00b3\/tr Pression de refoulement de jusqu&rsquo;\u00e0 16 bars Mat\u00e9riaux fonte grise, fonte \u00e0 graphite sph\u00e9ro\u00efdale, acier inoxydable M\u00e9diums graisses, peintures, produits alimentaires et liquides avec pigments abrasifs<\/p>\n","protected":false},"featured_media":1287,"comment_status":"closed","ping_status":"closed","template":"","meta":[],"product_brand":[],"product_cat":[72,71,73,90],"product_tag":[102,103,104],"class_list":{"0":"post-1777","1":"product","2":"type-product","3":"status-publish","4":"has-post-thumbnail","6":"product_cat-foerderpumpen","7":"product_cat-hydraulikpumpen","8":"product_cat-niederdruck-pumpen","9":"product_cat-zahnradpumpen","10":"product_tag-farbenpumpe","11":"product_tag-farbenpumpen","12":"product_tag-paintpump","14":"first","15":"instock","16":"product-type-simple"},"yoast_head":"<!-- This site is optimized with the Yoast SEO plugin v27.3 - https:\/\/yoast.com\/product\/yoast-seo-wordpress\/ -->\n<title>RT - Pompe \u00e0 Roue Dent\u00e9e Int\u00e9rieure - LUKRA Pumpen<\/title>\n<meta name=\"robots\" content=\"index, follow, max-snippet:-1, max-image-preview:large, max-video-preview:-1\" \/>\n<link rel=\"canonical\" href=\"https:\/\/lukra-pumpen.de\/produkt\/rt-innenzahnradpumpen\/\" \/>\n<meta property=\"og:locale\" content=\"fr_FR\" \/>\n<meta property=\"og:type\" content=\"article\" \/>\n<meta property=\"og:title\" content=\"RT - Pompe \u00e0 Roue Dent\u00e9e Int\u00e9rieure - LUKRA Pumpen\" \/>\n<meta property=\"og:description\" content=\"Pompe \u00e0 roue dent\u00e9e int\u00e9rieure En option: avec enveloppe chauffante ou refroidisseur comme RTM D\u00e9bit de 4 cm\u00b3\/tr \u00e0 2\u00a0100 cm\u00b3\/tr Pression de refoulement de jusqu&rsquo;\u00e0 16 bars Mat\u00e9riaux fonte grise, fonte \u00e0 graphite sph\u00e9ro\u00efdale, acier inoxydable M\u00e9diums graisses, peintures, produits alimentaires et liquides avec pigments abrasifs\" \/>\n<meta property=\"og:url\" content=\"https:\/\/lukra-pumpen.de\/produkt\/rt-innenzahnradpumpen\/\" \/>\n<meta property=\"og:site_name\" content=\"LUKRA Pumpen\" \/>\n<meta property=\"article:modified_time\" content=\"2023-01-23T07:32:04+00:00\" \/>\n<meta property=\"og:image\" content=\"https:\/\/lukra-pumpen.de\/wp-content\/uploads\/2018\/03\/R200-12-2.jpg\" \/>\n\t<meta property=\"og:image:width\" content=\"938\" \/>\n\t<meta property=\"og:image:height\" content=\"767\" \/>\n\t<meta property=\"og:image:type\" content=\"image\/jpeg\" \/>\n<meta name=\"twitter:card\" content=\"summary_large_image\" \/>\n<meta name=\"twitter:label1\" content=\"Dur\u00e9e de lecture estim\u00e9e\" \/>\n\t<meta name=\"twitter:data1\" content=\"1 minute\" \/>\n<script type=\"application\/ld+json\" class=\"yoast-schema-graph\">{\"@context\":\"https:\\\/\\\/schema.org\",\"@graph\":[{\"@type\":\"WebPage\",\"@id\":\"https:\\\/\\\/lukra-pumpen.de\\\/produkt\\\/rt-innenzahnradpumpen\\\/\",\"url\":\"https:\\\/\\\/lukra-pumpen.de\\\/produkt\\\/rt-innenzahnradpumpen\\\/\",\"name\":\"RT - Pompe \u00e0 Roue Dent\u00e9e Int\u00e9rieure - LUKRA Pumpen\",\"isPartOf\":{\"@id\":\"https:\\\/\\\/lukra-pumpen.de\\\/#website\"},\"primaryImageOfPage\":{\"@id\":\"https:\\\/\\\/lukra-pumpen.de\\\/produkt\\\/rt-innenzahnradpumpen\\\/#primaryimage\"},\"image\":{\"@id\":\"https:\\\/\\\/lukra-pumpen.de\\\/produkt\\\/rt-innenzahnradpumpen\\\/#primaryimage\"},\"thumbnailUrl\":\"https:\\\/\\\/lukra-pumpen.de\\\/wp-content\\\/uploads\\\/2018\\\/03\\\/R200-12-2.jpg\",\"datePublished\":\"2018-03-20T10:10:52+00:00\",\"dateModified\":\"2023-01-23T07:32:04+00:00\",\"breadcrumb\":{\"@id\":\"https:\\\/\\\/lukra-pumpen.de\\\/produkt\\\/rt-innenzahnradpumpen\\\/#breadcrumb\"},\"inLanguage\":\"fr-FR\",\"potentialAction\":[{\"@type\":\"ReadAction\",\"target\":[\"https:\\\/\\\/lukra-pumpen.de\\\/produkt\\\/rt-innenzahnradpumpen\\\/\"]}]},{\"@type\":\"ImageObject\",\"inLanguage\":\"fr-FR\",\"@id\":\"https:\\\/\\\/lukra-pumpen.de\\\/produkt\\\/rt-innenzahnradpumpen\\\/#primaryimage\",\"url\":\"https:\\\/\\\/lukra-pumpen.de\\\/wp-content\\\/uploads\\\/2018\\\/03\\\/R200-12-2.jpg\",\"contentUrl\":\"https:\\\/\\\/lukra-pumpen.de\\\/wp-content\\\/uploads\\\/2018\\\/03\\\/R200-12-2.jpg\",\"width\":938,\"height\":767},{\"@type\":\"BreadcrumbList\",\"@id\":\"https:\\\/\\\/lukra-pumpen.de\\\/produkt\\\/rt-innenzahnradpumpen\\\/#breadcrumb\",\"itemListElement\":[{\"@type\":\"ListItem\",\"position\":1,\"name\":\"Startseite\",\"item\":\"https:\\\/\\\/lukra-pumpen.de\\\/home\\\/\"},{\"@type\":\"ListItem\",\"position\":2,\"name\":\"Shop\",\"item\":\"https:\\\/\\\/lukra-pumpen.de\\\/shop\\\/\"},{\"@type\":\"ListItem\",\"position\":3,\"name\":\"RT &#8211; Innenzahnradpumpen\"}]},{\"@type\":\"WebSite\",\"@id\":\"https:\\\/\\\/lukra-pumpen.de\\\/#website\",\"url\":\"https:\\\/\\\/lukra-pumpen.de\\\/\",\"name\":\"LUKRA Pumpen\",\"description\":\"Fluid in Motion\",\"potentialAction\":[{\"@type\":\"SearchAction\",\"target\":{\"@type\":\"EntryPoint\",\"urlTemplate\":\"https:\\\/\\\/lukra-pumpen.de\\\/?s={search_term_string}\"},\"query-input\":{\"@type\":\"PropertyValueSpecification\",\"valueRequired\":true,\"valueName\":\"search_term_string\"}}],\"inLanguage\":\"fr-FR\"}]}<\/script>\n<!-- \/ Yoast SEO plugin. -->","yoast_head_json":{"title":"RT - Pompe \u00e0 Roue Dent\u00e9e Int\u00e9rieure - LUKRA Pumpen","robots":{"index":"index","follow":"follow","max-snippet":"max-snippet:-1","max-image-preview":"max-image-preview:large","max-video-preview":"max-video-preview:-1"},"canonical":"https:\/\/lukra-pumpen.de\/produkt\/rt-innenzahnradpumpen\/","og_locale":"fr_FR","og_type":"article","og_title":"RT - Pompe \u00e0 Roue Dent\u00e9e Int\u00e9rieure - LUKRA Pumpen","og_description":"Pompe \u00e0 roue dent\u00e9e int\u00e9rieure En option: avec enveloppe chauffante ou refroidisseur comme RTM D\u00e9bit de 4 cm\u00b3\/tr \u00e0 2\u00a0100 cm\u00b3\/tr Pression de refoulement de jusqu&rsquo;\u00e0 16 bars Mat\u00e9riaux fonte grise, fonte \u00e0 graphite sph\u00e9ro\u00efdale, acier inoxydable M\u00e9diums graisses, peintures, produits alimentaires et liquides avec pigments abrasifs","og_url":"https:\/\/lukra-pumpen.de\/produkt\/rt-innenzahnradpumpen\/","og_site_name":"LUKRA Pumpen","article_modified_time":"2023-01-23T07:32:04+00:00","og_image":[{"width":938,"height":767,"url":"https:\/\/lukra-pumpen.de\/wp-content\/uploads\/2018\/03\/R200-12-2.jpg","type":"image\/jpeg"}],"twitter_card":"summary_large_image","twitter_misc":{"Dur\u00e9e de lecture estim\u00e9e":"1 minute"},"schema":{"@context":"https:\/\/schema.org","@graph":[{"@type":"WebPage","@id":"https:\/\/lukra-pumpen.de\/produkt\/rt-innenzahnradpumpen\/","url":"https:\/\/lukra-pumpen.de\/produkt\/rt-innenzahnradpumpen\/","name":"RT - Pompe \u00e0 Roue Dent\u00e9e Int\u00e9rieure - LUKRA Pumpen","isPartOf":{"@id":"https:\/\/lukra-pumpen.de\/#website"},"primaryImageOfPage":{"@id":"https:\/\/lukra-pumpen.de\/produkt\/rt-innenzahnradpumpen\/#primaryimage"},"image":{"@id":"https:\/\/lukra-pumpen.de\/produkt\/rt-innenzahnradpumpen\/#primaryimage"},"thumbnailUrl":"https:\/\/lukra-pumpen.de\/wp-content\/uploads\/2018\/03\/R200-12-2.jpg","datePublished":"2018-03-20T10:10:52+00:00","dateModified":"2023-01-23T07:32:04+00:00","breadcrumb":{"@id":"https:\/\/lukra-pumpen.de\/produkt\/rt-innenzahnradpumpen\/#breadcrumb"},"inLanguage":"fr-FR","potentialAction":[{"@type":"ReadAction","target":["https:\/\/lukra-pumpen.de\/produkt\/rt-innenzahnradpumpen\/"]}]},{"@type":"ImageObject","inLanguage":"fr-FR","@id":"https:\/\/lukra-pumpen.de\/produkt\/rt-innenzahnradpumpen\/#primaryimage","url":"https:\/\/lukra-pumpen.de\/wp-content\/uploads\/2018\/03\/R200-12-2.jpg","contentUrl":"https:\/\/lukra-pumpen.de\/wp-content\/uploads\/2018\/03\/R200-12-2.jpg","width":938,"height":767},{"@type":"BreadcrumbList","@id":"https:\/\/lukra-pumpen.de\/produkt\/rt-innenzahnradpumpen\/#breadcrumb","itemListElement":[{"@type":"ListItem","position":1,"name":"Startseite","item":"https:\/\/lukra-pumpen.de\/home\/"},{"@type":"ListItem","position":2,"name":"Shop","item":"https:\/\/lukra-pumpen.de\/shop\/"},{"@type":"ListItem","position":3,"name":"RT &#8211; Innenzahnradpumpen"}]},{"@type":"WebSite","@id":"https:\/\/lukra-pumpen.de\/#website","url":"https:\/\/lukra-pumpen.de\/","name":"LUKRA Pumpen","description":"Fluid in Motion","potentialAction":[{"@type":"SearchAction","target":{"@type":"EntryPoint","urlTemplate":"https:\/\/lukra-pumpen.de\/?s={search_term_string}"},"query-input":{"@type":"PropertyValueSpecification","valueRequired":true,"valueName":"search_term_string"}}],"inLanguage":"fr-FR"}]}},"_links":{"self":[{"href":"https:\/\/lukra-pumpen.de\/fr\/wp-json\/wp\/v2\/product\/1777","targetHints":{"allow":["GET"]}}],"collection":[{"href":"https:\/\/lukra-pumpen.de\/fr\/wp-json\/wp\/v2\/product"}],"about":[{"href":"https:\/\/lukra-pumpen.de\/fr\/wp-json\/wp\/v2\/types\/product"}],"replies":[{"embeddable":true,"href":"https:\/\/lukra-pumpen.de\/fr\/wp-json\/wp\/v2\/comments?post=1777"}],"wp:featuredmedia":[{"embeddable":true,"href":"https:\/\/lukra-pumpen.de\/fr\/wp-json\/wp\/v2\/media\/1287"}],"wp:attachment":[{"href":"https:\/\/lukra-pumpen.de\/fr\/wp-json\/wp\/v2\/media?parent=1777"}],"wp:term":[{"taxonomy":"product_brand","embeddable":true,"href":"https:\/\/lukra-pumpen.de\/fr\/wp-json\/wp\/v2\/product_brand?post=1777"},{"taxonomy":"product_cat","embeddable":true,"href":"https:\/\/lukra-pumpen.de\/fr\/wp-json\/wp\/v2\/product_cat?post=1777"},{"taxonomy":"product_tag","embeddable":true,"href":"https:\/\/lukra-pumpen.de\/fr\/wp-json\/wp\/v2\/product_tag?post=1777"}],"curies":[{"name":"wp","href":"https:\/\/api.w.org\/{rel}","templated":true}]}}