{"id":1778,"date":"2018-03-20T11:10:52","date_gmt":"2018-03-20T10:10:52","guid":{"rendered":"http:\/\/kracht-lutz-lukra-pumpen.de\/produkt\/s-horizontale-selbstansaugende-kreiselpumpen\/"},"modified":"2026-04-21T10:51:27","modified_gmt":"2026-04-21T09:51:27","slug":"sl-horizontale-selbstansaugende-kreiselpumpen","status":"publish","type":"product","link":"https:\/\/lukra-pumpen.de\/fr\/product\/sl-horizontale-selbstansaugende-kreiselpumpen\/","title":{"rendered":"SL &#8211; Pompe centrifuge \u00e0 prise automatique horizontale"},"content":{"rendered":"<p>Pompe centrifuge \u00e0 prise automatique et \u00e0 un \u00e9tage horizontale \u00e0 forme de construction en blocs avec roue de roulement ouverte ; passage de la bille libre jusqu&#8217;\u00e0 80 mm<\/p>\n<p>En option: certification Atex, support, moteurs \u00e0 combustion, bec de coupe pour les solides fibreux, lubrification permanente pour le joint d&#8217;\u00e9tanch\u00e9it\u00e9 rotatif<\/p>\n<p><strong>D\u00e9bit de<\/strong><br \/>\n5 m\u00b3\/h \u00e0 650 m3\/h<\/p>\n<p><strong>Pression de refoulement de<\/strong><br \/>\nrefoulement de jusqu&#8217;\u00e0 60 mFH<\/p>\n<p><strong>Mat\u00e9riaux<\/strong><br \/>\nfonte grise, acier inoxydable, bronze<\/p>\n<p><strong>M\u00e9diums<\/strong><br \/>\nm\u00e9diums avec ou sans composants abrasifs, eau (avec sable de d\u00e9coupage), lubrifiant de refroidissement, engrais, lisiers, solvants, lessives de soude, lait de chaux, etc.<br \/>\n<iframe loading=\"lazy\" width=\"560\" height=\"315\" src=\"https:\/\/www.youtube.com\/embed\/HND2qDyvCAE?si=RaBXPWd6_j7HTaU3\" title=\"YouTube video player\" frameborder=\"0\" allow=\"accelerometer; autoplay; clipboard-write; encrypted-media; gyroscope; picture-in-picture; web-share\" referrerpolicy=\"strict-origin-when-cross-origin\" allowfullscreen><\/iframe><\/p>","protected":false},"excerpt":{"rendered":"<p>Pompe centrifuge \u00e0 prise automatique et \u00e0 un \u00e9tage horizontale \u00e0 forme de construction en blocs avec roue de roulement ouverte ; passage de la bille libre jusqu&#8217;\u00e0 80 mm En option: certification Atex, support, moteurs \u00e0 combustion, bec de coupe pour les solides fibreux, lubrification permanente pour le joint d&#8217;\u00e9tanch\u00e9it\u00e9 rotatif D\u00e9bit de 5 [&hellip;]<\/p>\n","protected":false},"featured_media":1230,"comment_status":"closed","ping_status":"closed","template":"","meta":[],"product_brand":[],"product_cat":[79,91,82],"product_tag":[],"class_list":{"0":"post-1778","1":"product","2":"type-product","3":"status-publish","4":"has-post-thumbnail","6":"product_cat-kreiselpumpen","7":"product_cat-schmutzwasserpumpen","8":"product_cat-selbstansaugende-kreiselpumpen","10":"first","11":"instock","12":"product-type-simple"},"_links":{"self":[{"href":"https:\/\/lukra-pumpen.de\/fr\/wp-json\/wp\/v2\/product\/1778","targetHints":{"allow":["GET"]}}],"collection":[{"href":"https:\/\/lukra-pumpen.de\/fr\/wp-json\/wp\/v2\/product"}],"about":[{"href":"https:\/\/lukra-pumpen.de\/fr\/wp-json\/wp\/v2\/types\/product"}],"replies":[{"embeddable":true,"href":"https:\/\/lukra-pumpen.de\/fr\/wp-json\/wp\/v2\/comments?post=1778"}],"wp:featuredmedia":[{"embeddable":true,"href":"https:\/\/lukra-pumpen.de\/fr\/wp-json\/wp\/v2\/media\/1230"}],"wp:attachment":[{"href":"https:\/\/lukra-pumpen.de\/fr\/wp-json\/wp\/v2\/media?parent=1778"}],"wp:term":[{"taxonomy":"product_brand","embeddable":true,"href":"https:\/\/lukra-pumpen.de\/fr\/wp-json\/wp\/v2\/product_brand?post=1778"},{"taxonomy":"product_cat","embeddable":true,"href":"https:\/\/lukra-pumpen.de\/fr\/wp-json\/wp\/v2\/product_cat?post=1778"},{"taxonomy":"product_tag","embeddable":true,"href":"https:\/\/lukra-pumpen.de\/fr\/wp-json\/wp\/v2\/product_tag?post=1778"}],"curies":[{"name":"wp","href":"https:\/\/api.w.org\/{rel}","templated":true}]}}