{"id":1779,"date":"2018-03-20T11:10:52","date_gmt":"2018-03-20T10:10:52","guid":{"rendered":"http:\/\/kracht-lutz-lukra-pumpen.de\/produkt\/tk-dichtungslose-tauchpumpen\/"},"modified":"2018-03-26T17:49:14","modified_gmt":"2018-03-26T16:49:14","slug":"tk-dichtungslose-tauchpumpen","status":"publish","type":"product","link":"https:\/\/lukra-pumpen.de\/fr\/product\/tk-dichtungslose-tauchpumpen\/","title":{"rendered":"TK &#8211; Pompe d&#8217;immersion"},"content":{"rendered":"<p>Pompe d&#8217;immersion sans joint \u00e0 un \u00e9tage pour les hauteurs de pompage basses dimensions conformes \u00e0 la norme EN 12157<\/p>\n<p><strong>D\u00e9bit de<\/strong><br \/>\njusqu&#8217;\u00e0 460 l\/min<\/p>\n<p><strong>Pression de refoulement de<\/strong><br \/>\njusqu&#8217;\u00e0 13 mFH<\/p>\n<p><strong>Mat\u00e9riaux<\/strong><br \/>\nfonte grise, bronze, laiton, POM, PP, PVDF<\/p>\n<p><strong>M\u00e9diums<\/strong><br \/>\neau, \u00e9mulsions de refroidissement, huile de refroidissement et de coupe, autres m\u00e9diums sur demande<\/p>","protected":false},"excerpt":{"rendered":"<p>Pompe d&#8217;immersion sans joint \u00e0 un \u00e9tage pour les hauteurs de pompage basses dimensions conformes \u00e0 la norme EN 12157 D\u00e9bit de jusqu&#8217;\u00e0 460 l\/min Pression de refoulement de jusqu&#8217;\u00e0 13 mFH Mat\u00e9riaux fonte grise, bronze, laiton, POM, PP, PVDF M\u00e9diums eau, \u00e9mulsions de refroidissement, huile de refroidissement et de coupe, autres m\u00e9diums sur demande<\/p>\n","protected":false},"featured_media":1312,"comment_status":"closed","ping_status":"closed","template":"","meta":[],"product_brand":[],"product_cat":[97,80,79,98],"product_tag":[],"class_list":{"0":"post-1779","1":"product","2":"type-product","3":"status-publish","4":"has-post-thumbnail","6":"product_cat-behaelterpumpen","7":"product_cat-eintauch-pumpen","8":"product_cat-kreiselpumpen","9":"product_cat-kuehlmittelpumpen","11":"first","12":"instock","13":"product-type-simple"},"_links":{"self":[{"href":"https:\/\/lukra-pumpen.de\/fr\/wp-json\/wp\/v2\/product\/1779","targetHints":{"allow":["GET"]}}],"collection":[{"href":"https:\/\/lukra-pumpen.de\/fr\/wp-json\/wp\/v2\/product"}],"about":[{"href":"https:\/\/lukra-pumpen.de\/fr\/wp-json\/wp\/v2\/types\/product"}],"replies":[{"embeddable":true,"href":"https:\/\/lukra-pumpen.de\/fr\/wp-json\/wp\/v2\/comments?post=1779"}],"wp:featuredmedia":[{"embeddable":true,"href":"https:\/\/lukra-pumpen.de\/fr\/wp-json\/wp\/v2\/media\/1312"}],"wp:attachment":[{"href":"https:\/\/lukra-pumpen.de\/fr\/wp-json\/wp\/v2\/media?parent=1779"}],"wp:term":[{"taxonomy":"product_brand","embeddable":true,"href":"https:\/\/lukra-pumpen.de\/fr\/wp-json\/wp\/v2\/product_brand?post=1779"},{"taxonomy":"product_cat","embeddable":true,"href":"https:\/\/lukra-pumpen.de\/fr\/wp-json\/wp\/v2\/product_cat?post=1779"},{"taxonomy":"product_tag","embeddable":true,"href":"https:\/\/lukra-pumpen.de\/fr\/wp-json\/wp\/v2\/product_tag?post=1779"}],"curies":[{"name":"wp","href":"https:\/\/api.w.org\/{rel}","templated":true}]}}