{"id":1780,"date":"2018-03-20T11:10:52","date_gmt":"2018-03-20T10:10:52","guid":{"rendered":"http:\/\/kracht-lutz-lukra-pumpen.de\/produkt\/vsi-volumenzaehler\/"},"modified":"2018-03-26T16:13:15","modified_gmt":"2018-03-26T15:13:15","slug":"vsi-volumenzaehler","status":"publish","type":"product","link":"https:\/\/lukra-pumpen.de\/fr\/product\/vsi-volumenzaehler\/","title":{"rendered":"VS(I) &#8211; Compteur Volum\u00e9trique"},"content":{"rendered":"<p>Compteur volum\u00e9trique extr\u00eamement pr\u00e9cis<br \/>\nVS : jusqu&#8217;\u00e0 50\u00a0000 Imp\/Liter<br \/>\nVSI : haute r\u00e9solution de jusqu&#8217;\u00e0 800\u00a0000 Imp\/Liter<\/p>\n<p><strong>Taux d&#8217;\u00e9coulement de<\/strong><br \/>\n0,002 \u00e0 700 l\/min<\/p>\n<p><strong>Pression de refoulement de<\/strong><br \/>\njusqu&#8217;\u00e0 450 bars<\/p>\n<p><strong>Mat\u00e9riaux<\/strong><br \/>\nfonte grise, acier inoxydable, aluminium<\/p>\n<p><strong>M\u00e9diums<\/strong><br \/>\nviscosit\u00e9s de jusqu&#8217;\u00e0 1 000 000 mm\u00b2\/s<\/p>","protected":false},"excerpt":{"rendered":"<p>Compteur volum\u00e9trique extr\u00eamement pr\u00e9cis VS : jusqu&#8217;\u00e0 50\u00a0000 Imp\/Liter VSI : haute r\u00e9solution de jusqu&#8217;\u00e0 800\u00a0000 Imp\/Liter Taux d&#8217;\u00e9coulement de 0,002 \u00e0 700 l\/min Pression de refoulement de jusqu&#8217;\u00e0 450 bars Mat\u00e9riaux fonte grise, acier inoxydable, aluminium M\u00e9diums viscosit\u00e9s de jusqu&#8217;\u00e0 1 000 000 mm\u00b2\/s<\/p>\n","protected":false},"featured_media":1320,"comment_status":"closed","ping_status":"closed","template":"","meta":[],"product_brand":[],"product_cat":[78,71,89,77],"product_tag":[],"class_list":{"0":"post-1780","1":"product","2":"type-product","3":"status-publish","4":"has-post-thumbnail","6":"product_cat-hydraulik-zubehoer","7":"product_cat-hydraulikpumpen","8":"product_cat-schmieroelpumpen","9":"product_cat-volumenzaehler","11":"first","12":"instock","13":"product-type-simple"},"_links":{"self":[{"href":"https:\/\/lukra-pumpen.de\/fr\/wp-json\/wp\/v2\/product\/1780","targetHints":{"allow":["GET"]}}],"collection":[{"href":"https:\/\/lukra-pumpen.de\/fr\/wp-json\/wp\/v2\/product"}],"about":[{"href":"https:\/\/lukra-pumpen.de\/fr\/wp-json\/wp\/v2\/types\/product"}],"replies":[{"embeddable":true,"href":"https:\/\/lukra-pumpen.de\/fr\/wp-json\/wp\/v2\/comments?post=1780"}],"wp:featuredmedia":[{"embeddable":true,"href":"https:\/\/lukra-pumpen.de\/fr\/wp-json\/wp\/v2\/media\/1320"}],"wp:attachment":[{"href":"https:\/\/lukra-pumpen.de\/fr\/wp-json\/wp\/v2\/media?parent=1780"}],"wp:term":[{"taxonomy":"product_brand","embeddable":true,"href":"https:\/\/lukra-pumpen.de\/fr\/wp-json\/wp\/v2\/product_brand?post=1780"},{"taxonomy":"product_cat","embeddable":true,"href":"https:\/\/lukra-pumpen.de\/fr\/wp-json\/wp\/v2\/product_cat?post=1780"},{"taxonomy":"product_tag","embeddable":true,"href":"https:\/\/lukra-pumpen.de\/fr\/wp-json\/wp\/v2\/product_tag?post=1780"}],"curies":[{"name":"wp","href":"https:\/\/api.w.org\/{rel}","templated":true}]}}