{"id":1781,"date":"2018-03-20T11:10:52","date_gmt":"2018-03-20T10:10:52","guid":{"rendered":"http:\/\/kracht-lutz-lukra-pumpen.de\/produkt\/z-einstufige-eintauchpumpen\/"},"modified":"2018-03-26T17:51:01","modified_gmt":"2018-03-26T16:51:01","slug":"z-einstufige-eintauchpumpen","status":"publish","type":"product","link":"https:\/\/lukra-pumpen.de\/fr\/product\/z-einstufige-eintauchpumpen\/","title":{"rendered":"Z  &#8211; Pompes d&#8217;immersion \u00e0 un \u00e9tage"},"content":{"rendered":"<p>Pompes d&#8217;immersion sans joint \u00e0 un \u00e9tage<br \/>\navec roues de roulement ferm\u00e9es pour les hauteurs de pompage moyennes Profondeur d&#8217;immersion de jusqu&#8217;\u00e0 1 000 mm conform\u00e9ment \u00e0 la norme DIN 24255<\/p>\n<p><strong>D\u00e9bit de<\/strong><br \/>\njusqu&#8217;\u00e0 120 m\u00b3\/h<\/p>\n<p><strong>Pression de refoulement de<\/strong><br \/>\njusqu&#8217;\u00e0 60 mFH<\/p>\n<p><strong>Mat\u00e9riaux<\/strong><br \/>\nfonte grise, acier CrNi<\/p>\n<p><strong>M\u00e9diums<\/strong><br \/>\nm\u00e9diums abrasifs propres et sales ainsi que chimiquement neutres et agressifs comme les bases, les solvants, les liquides de refroidissement, les lubrifiants<\/p>","protected":false},"excerpt":{"rendered":"<p>Pompes d&#8217;immersion sans joint \u00e0 un \u00e9tage avec roues de roulement ferm\u00e9es pour les hauteurs de pompage moyennes Profondeur d&#8217;immersion de jusqu&#8217;\u00e0 1 000 mm conform\u00e9ment \u00e0 la norme DIN 24255 D\u00e9bit de jusqu&#8217;\u00e0 120 m\u00b3\/h Pression de refoulement de jusqu&#8217;\u00e0 60 mFH Mat\u00e9riaux fonte grise, acier CrNi M\u00e9diums m\u00e9diums abrasifs propres et sales ainsi [&hellip;]<\/p>\n","protected":false},"featured_media":1323,"comment_status":"closed","ping_status":"closed","template":"","meta":[],"product_brand":[],"product_cat":[97,80,79,98,81],"product_tag":[],"class_list":{"0":"post-1781","1":"product","2":"type-product","3":"status-publish","4":"has-post-thumbnail","6":"product_cat-behaelterpumpen","7":"product_cat-eintauch-pumpen","8":"product_cat-kreiselpumpen","9":"product_cat-kuehlmittelpumpen","10":"product_cat-normalansaugende-kreiselpumpen","12":"first","13":"instock","14":"product-type-simple"},"_links":{"self":[{"href":"https:\/\/lukra-pumpen.de\/fr\/wp-json\/wp\/v2\/product\/1781","targetHints":{"allow":["GET"]}}],"collection":[{"href":"https:\/\/lukra-pumpen.de\/fr\/wp-json\/wp\/v2\/product"}],"about":[{"href":"https:\/\/lukra-pumpen.de\/fr\/wp-json\/wp\/v2\/types\/product"}],"replies":[{"embeddable":true,"href":"https:\/\/lukra-pumpen.de\/fr\/wp-json\/wp\/v2\/comments?post=1781"}],"wp:featuredmedia":[{"embeddable":true,"href":"https:\/\/lukra-pumpen.de\/fr\/wp-json\/wp\/v2\/media\/1323"}],"wp:attachment":[{"href":"https:\/\/lukra-pumpen.de\/fr\/wp-json\/wp\/v2\/media?parent=1781"}],"wp:term":[{"taxonomy":"product_brand","embeddable":true,"href":"https:\/\/lukra-pumpen.de\/fr\/wp-json\/wp\/v2\/product_brand?post=1781"},{"taxonomy":"product_cat","embeddable":true,"href":"https:\/\/lukra-pumpen.de\/fr\/wp-json\/wp\/v2\/product_cat?post=1781"},{"taxonomy":"product_tag","embeddable":true,"href":"https:\/\/lukra-pumpen.de\/fr\/wp-json\/wp\/v2\/product_tag?post=1781"}],"curies":[{"name":"wp","href":"https:\/\/api.w.org\/{rel}","templated":true}]}}