{"id":1782,"date":"2018-03-20T11:10:58","date_gmt":"2018-03-20T10:10:58","guid":{"rendered":"http:\/\/kracht-lutz-lukra-pumpen.de\/produkt\/pcr-gerotorpumpen\/"},"modified":"2018-03-26T16:01:48","modified_gmt":"2018-03-26T15:01:48","slug":"pcr-gerotorpumpen","status":"publish","type":"product","link":"https:\/\/lukra-pumpen.de\/fr\/product\/pcr-gerotorpumpen\/","title":{"rendered":"PCR &#8211; Pompes de Gerotor"},"content":{"rendered":"<p><span id=\"result_box\" class=\"\" lang=\"fr\"><span class=\"\">Les pompes Gerotor g\u00e9n\u00e8rent un d\u00e9bit volumique presque constant, largement ind\u00e9pendant de la pression du syst\u00e8me.<\/span><br \/>\n<span class=\"\">La g\u00e9om\u00e9trie hydraulique sp\u00e9ciale cr\u00e9e un bruit de fonctionnement agr\u00e9able.<\/span> <span class=\"\">La conception optimis\u00e9e en termes de co\u00fbts avec un arbre de moteur allong\u00e9 donne \u00e9galement des dimensions compactes.<\/span><br \/>\n<span class=\"\">Ces pompes sont souvent utilis\u00e9es pour faire circuler l&#8217;huile dans les syst\u00e8mes de r\u00e9frig\u00e9ration et de filtration d&#8217;huile, dans les syst\u00e8mes hydrauliques industriels, dans les r\u00e9servoirs d&#8217;huile de remplissage et de vidange ou dans les installations de stockage fixes et mobiles.<\/span><\/span><\/p>\n<p><strong>D\u00e9bit de<\/strong><br \/>\n5 cm\u00b3\/tr \u00e0 20 cm\u00b3\/tr<br \/>\n6 l\/min \u00e0 26 l\/min @ 5 bars<\/p>\n<p><strong>Pression de refoulement de<\/strong><br \/>\njusqu&#8217;\u00e0 15 bars<\/p>\n<p><strong>Mat\u00e9riaux<\/strong><br \/>\nfonte grise, acier c\u00e9ment\u00e9<\/p>\n<p><strong>M\u00e9diums<\/strong><br \/>\n<span id=\"result_box\" class=\"short_text\" lang=\"fr\"><span class=\"\">Huile de graissage, propre,<\/span> <span class=\"\">sans impuret\u00e9s<\/span><\/span><\/p>","protected":false},"excerpt":{"rendered":"<p>Les pompes Gerotor g\u00e9n\u00e8rent un d\u00e9bit volumique presque constant, largement ind\u00e9pendant de la pression du syst\u00e8me. La g\u00e9om\u00e9trie hydraulique sp\u00e9ciale cr\u00e9e un bruit de fonctionnement agr\u00e9able. La conception optimis\u00e9e en termes de co\u00fbts avec un arbre de moteur allong\u00e9 donne \u00e9galement des dimensions compactes. Ces pompes sont souvent utilis\u00e9es pour faire circuler l&#8217;huile dans les [&hellip;]<\/p>\n","protected":false},"featured_media":1783,"comment_status":"closed","ping_status":"closed","template":"","meta":[],"product_brand":[],"product_cat":[72,71,73,89,90],"product_tag":[],"class_list":{"0":"post-1782","1":"product","2":"type-product","3":"status-publish","4":"has-post-thumbnail","6":"product_cat-foerderpumpen","7":"product_cat-hydraulikpumpen","8":"product_cat-niederdruck-pumpen","9":"product_cat-schmieroelpumpen","10":"product_cat-zahnradpumpen","12":"first","13":"instock","14":"product-type-simple"},"_links":{"self":[{"href":"https:\/\/lukra-pumpen.de\/fr\/wp-json\/wp\/v2\/product\/1782","targetHints":{"allow":["GET"]}}],"collection":[{"href":"https:\/\/lukra-pumpen.de\/fr\/wp-json\/wp\/v2\/product"}],"about":[{"href":"https:\/\/lukra-pumpen.de\/fr\/wp-json\/wp\/v2\/types\/product"}],"replies":[{"embeddable":true,"href":"https:\/\/lukra-pumpen.de\/fr\/wp-json\/wp\/v2\/comments?post=1782"}],"wp:featuredmedia":[{"embeddable":true,"href":"https:\/\/lukra-pumpen.de\/fr\/wp-json\/wp\/v2\/media\/1783"}],"wp:attachment":[{"href":"https:\/\/lukra-pumpen.de\/fr\/wp-json\/wp\/v2\/media?parent=1782"}],"wp:term":[{"taxonomy":"product_brand","embeddable":true,"href":"https:\/\/lukra-pumpen.de\/fr\/wp-json\/wp\/v2\/product_brand?post=1782"},{"taxonomy":"product_cat","embeddable":true,"href":"https:\/\/lukra-pumpen.de\/fr\/wp-json\/wp\/v2\/product_cat?post=1782"},{"taxonomy":"product_tag","embeddable":true,"href":"https:\/\/lukra-pumpen.de\/fr\/wp-json\/wp\/v2\/product_tag?post=1782"}],"curies":[{"name":"wp","href":"https:\/\/api.w.org\/{rel}","templated":true}]}}