{"id":2508,"date":"2018-07-11T15:03:21","date_gmt":"2018-07-11T14:03:21","guid":{"rendered":"https:\/\/kracht-lutz-lukra-pumpen.de\/?post_type=product&#038;p=2508"},"modified":"2018-07-11T15:35:33","modified_gmt":"2018-07-11T14:35:33","slug":"lt-zahnrad-foerderpumpen-kopie","status":"publish","type":"product","link":"https:\/\/lukra-pumpen.de\/fr\/product\/lt-zahnrad-foerderpumpen-kopie\/","title":{"rendered":"VT &#8211; Pompe d&#8217;Alimentation"},"content":{"rendered":"<p><strong>Pompe \u00e0 roue dent\u00e9e ext\u00e9rieure<\/strong><br \/>\nLes pompes VT sont fabriqu\u00e9es dans diff\u00e9rentes tailles.<br \/>\nCette pompe solide est capable de transporter presque tous les m\u00e9diums possibles jusqu&#8217;\u00e0 une viscosit\u00e9 de 80.000 cP.<br \/>\n<span id=\"result_box\" class=\"\" lang=\"fr\"><span class=\"\">Une trempe de la pompe peut \u00e9ventuellement \u00eatre r\u00e9alis\u00e9e via la chaufferie arri\u00e8re.<\/span><\/span><br \/>\nD&#8217;une mani\u00e8re g\u00e9n\u00e9rale, la vitesse de rotation est d\u00e9termin\u00e9e par la viscosit\u00e9 ou l&#8217;onctuosit\u00e9 du m\u00e9dium, les pompes VT sont cependant habituellement utilis\u00e9es \u00e0 des vitesses de rotation allant jusqu&#8217;\u00e0 1 500 n \/ 900 n maximum.<\/p>\n<p><strong>D\u00e9bit de<\/strong><br \/>\n44 cm\u00b3\/tr \u00e0 250 cm\u00b3\/tr<\/p>\n<p><strong>Pression de refoulement de<\/strong><br \/>\njusqu&#8217;\u00e0 10 bars<\/p>\n<p><strong>Mat\u00e9riaux<\/strong><br \/>\nacier inoxydable (AISI 304, 304L, 316, 316L, 318, 410)<\/p>\n<p><strong>M\u00e9diums<\/strong><br \/>\nhuile, paraffine, bitumes, peintures, colles, colles de eau, bois de h\u00eatre de goudron, etc.<\/p>","protected":false},"excerpt":{"rendered":"<p>Pompe \u00e0 roue dent\u00e9e ext\u00e9rieure Les pompes VT sont fabriqu\u00e9es dans diff\u00e9rentes tailles. Cette pompe solide est capable de transporter presque tous les m\u00e9diums possibles jusqu&#8217;\u00e0 une viscosit\u00e9 de 80.000 cP. Une trempe de la pompe peut \u00e9ventuellement \u00eatre r\u00e9alis\u00e9e via la chaufferie arri\u00e8re. D&#8217;une mani\u00e8re g\u00e9n\u00e9rale, la vitesse de rotation est d\u00e9termin\u00e9e par la [&hellip;]<\/p>\n","protected":false},"featured_media":2509,"comment_status":"closed","ping_status":"closed","template":"","meta":[],"product_brand":[],"product_cat":[72,71,73,90],"product_tag":[],"class_list":{"0":"post-2508","1":"product","2":"type-product","3":"status-publish","4":"has-post-thumbnail","6":"product_cat-foerderpumpen","7":"product_cat-hydraulikpumpen","8":"product_cat-niederdruck-pumpen","9":"product_cat-zahnradpumpen","11":"first","12":"instock","13":"product-type-simple"},"_links":{"self":[{"href":"https:\/\/lukra-pumpen.de\/fr\/wp-json\/wp\/v2\/product\/2508","targetHints":{"allow":["GET"]}}],"collection":[{"href":"https:\/\/lukra-pumpen.de\/fr\/wp-json\/wp\/v2\/product"}],"about":[{"href":"https:\/\/lukra-pumpen.de\/fr\/wp-json\/wp\/v2\/types\/product"}],"replies":[{"embeddable":true,"href":"https:\/\/lukra-pumpen.de\/fr\/wp-json\/wp\/v2\/comments?post=2508"}],"wp:featuredmedia":[{"embeddable":true,"href":"https:\/\/lukra-pumpen.de\/fr\/wp-json\/wp\/v2\/media\/2509"}],"wp:attachment":[{"href":"https:\/\/lukra-pumpen.de\/fr\/wp-json\/wp\/v2\/media?parent=2508"}],"wp:term":[{"taxonomy":"product_brand","embeddable":true,"href":"https:\/\/lukra-pumpen.de\/fr\/wp-json\/wp\/v2\/product_brand?post=2508"},{"taxonomy":"product_cat","embeddable":true,"href":"https:\/\/lukra-pumpen.de\/fr\/wp-json\/wp\/v2\/product_cat?post=2508"},{"taxonomy":"product_tag","embeddable":true,"href":"https:\/\/lukra-pumpen.de\/fr\/wp-json\/wp\/v2\/product_tag?post=2508"}],"curies":[{"name":"wp","href":"https:\/\/api.w.org\/{rel}","templated":true}]}}