{"id":2679,"date":"2020-06-10T14:22:12","date_gmt":"2020-06-10T13:22:12","guid":{"rendered":"https:\/\/lukra-pumpen.de\/?post_type=product&#038;p=2679"},"modified":"2020-06-18T16:09:35","modified_gmt":"2020-06-18T15:09:35","slug":"zdp-zahnrad-dosierpumpen","status":"publish","type":"product","link":"https:\/\/lukra-pumpen.de\/fr\/produkt\/zdp-zahnrad-dosierpumpen\/","title":{"rendered":"LT &#8211; Pompe de dosage"},"content":{"rendered":"<p><strong>Pompe de dosage<\/strong><br \/>\nDie ZDP Dosierpumpe ist eine au\u00dfenverzahnte hochpr\u00e4zise Zahnradpumpe. Sie werden in zwei Baugr\u00f6\u00dfen gefertigt. Dadurch lassen sich die geforderten Dosiermengen einfach realisieren.<br \/>\nF\u00fcr eine breites Anwendungsspektrum sind die medienber\u00fchrten Teile aus Edelstahl gefertigt, die Pumpe weist damit einen erh\u00f6hten Korrosionsschutz auf.<br \/>\nDie Wellenabdichtung \u00fcber Wellendichtring, optional \u00fcber Stopfbuchspackung oder Magnetkupplung, wird verschiedensten Anforderungen gerecht.<br \/>\nIn Abh\u00e4ngigkeit vom ben\u00f6tigten Druck, der Viskosit\u00e4t und der Schmierf\u00e4higkeit des Mediums bestimmen wir die optimale Drehzahl.<\/p>\n<p><strong>D\u00e9bit de<br \/>\n<\/strong>0,1 cm\u00b3\/tr \u00e0 20 cm\u00b3\/tr\u00a0 ou bien\u00a0 1 ml\/min \u00e0 4 l\/min<\/p>\n<p><strong>Pression de refoulement de<\/strong><br \/>\njusqu&rsquo;\u00e0 150 bars<\/p>\n<p><strong>Plage de vitesse de rotation<\/strong><br \/>\n10 tr\/min \u00e0 200 tr\/min<\/p>\n<p><strong>Viscosit\u00e9<\/strong><br \/>\nab 1 mPas bis zur Grenze der Ansaugf\u00e4higkeit des Mediums<\/p>\n<p><strong>Temp\u00e9rature<\/strong><br \/>\n-20\u00b0C \u00e0 +150\u00b0C (ex\u00e9cution standardis\u00e9e)<\/p>\n<p><strong>Mat\u00e9riaux<\/strong><br \/>\nacier inoxydable, FKM, PTFE<\/p>\n<p><strong>M\u00e9diums<\/strong><br \/>\nPU (Polyurethan-Komponenten), \u00d6le, Isocyanate, Polyole, Additive, Leim, Silikone, Kraftstoffe, Klebstoffe, Hotmelt, Farben, etc.<\/p>","protected":false},"excerpt":{"rendered":"<p>Pompe de dosage Die ZDP Dosierpumpe ist eine au\u00dfenverzahnte hochpr\u00e4zise Zahnradpumpe. Sie werden in zwei Baugr\u00f6\u00dfen gefertigt. Dadurch lassen sich die geforderten Dosiermengen einfach realisieren. F\u00fcr eine breites Anwendungsspektrum sind die medienber\u00fchrten Teile aus Edelstahl gefertigt, die Pumpe weist damit einen erh\u00f6hten Korrosionsschutz auf. Die Wellenabdichtung \u00fcber Wellendichtring, optional \u00fcber Stopfbuchspackung oder Magnetkupplung, wird verschiedensten [&hellip;]<\/p>\n","protected":false},"featured_media":2685,"comment_status":"closed","ping_status":"closed","template":"","meta":[],"product_brand":[],"product_cat":[72,71,73,90],"product_tag":[],"class_list":{"0":"post-2679","1":"product","2":"type-product","3":"status-publish","4":"has-post-thumbnail","6":"product_cat-foerderpumpen","7":"product_cat-hydraulikpumpen","8":"product_cat-niederdruck-pumpen","9":"product_cat-zahnradpumpen","11":"first","12":"instock","13":"product-type-simple"},"yoast_head":"<!-- This site is optimized with the Yoast SEO plugin v27.3 - https:\/\/yoast.com\/product\/yoast-seo-wordpress\/ -->\n<title>LT - Pompe de dosage - LUKRA Pumpen<\/title>\n<meta name=\"robots\" content=\"index, follow, max-snippet:-1, max-image-preview:large, max-video-preview:-1\" \/>\n<link rel=\"canonical\" href=\"https:\/\/lukra-pumpen.de\/produkt\/zdp-zahnrad-dosierpumpen\/\" \/>\n<meta property=\"og:locale\" content=\"fr_FR\" \/>\n<meta property=\"og:type\" content=\"article\" \/>\n<meta property=\"og:title\" content=\"LT - Pompe de dosage - LUKRA Pumpen\" \/>\n<meta property=\"og:description\" content=\"Pompe de dosage Die ZDP Dosierpumpe ist eine au\u00dfenverzahnte hochpr\u00e4zise Zahnradpumpe. Sie werden in zwei Baugr\u00f6\u00dfen gefertigt. Dadurch lassen sich die geforderten Dosiermengen einfach realisieren. F\u00fcr eine breites Anwendungsspektrum sind die medienber\u00fchrten Teile aus Edelstahl gefertigt, die Pumpe weist damit einen erh\u00f6hten Korrosionsschutz auf. Die Wellenabdichtung \u00fcber Wellendichtring, optional \u00fcber Stopfbuchspackung oder Magnetkupplung, wird verschiedensten [&hellip;]\" \/>\n<meta property=\"og:url\" content=\"https:\/\/lukra-pumpen.de\/produkt\/zdp-zahnrad-dosierpumpen\/\" \/>\n<meta property=\"og:site_name\" content=\"LUKRA Pumpen\" \/>\n<meta property=\"article:modified_time\" content=\"2020-06-18T15:09:35+00:00\" \/>\n<meta property=\"og:image\" content=\"https:\/\/lukra-pumpen.de\/wp-content\/uploads\/2020\/06\/ZDP-Dosier-Pumpe-3-2.png\" \/>\n\t<meta property=\"og:image:width\" content=\"1240\" \/>\n\t<meta property=\"og:image:height\" content=\"1019\" \/>\n\t<meta property=\"og:image:type\" content=\"image\/png\" \/>\n<meta name=\"twitter:card\" content=\"summary_large_image\" \/>\n<meta name=\"twitter:label1\" content=\"Dur\u00e9e de lecture estim\u00e9e\" \/>\n\t<meta name=\"twitter:data1\" content=\"2 minutes\" \/>\n<script type=\"application\/ld+json\" class=\"yoast-schema-graph\">{\"@context\":\"https:\\\/\\\/schema.org\",\"@graph\":[{\"@type\":\"WebPage\",\"@id\":\"https:\\\/\\\/lukra-pumpen.de\\\/produkt\\\/zdp-zahnrad-dosierpumpen\\\/\",\"url\":\"https:\\\/\\\/lukra-pumpen.de\\\/produkt\\\/zdp-zahnrad-dosierpumpen\\\/\",\"name\":\"LT - Pompe de dosage - LUKRA Pumpen\",\"isPartOf\":{\"@id\":\"https:\\\/\\\/lukra-pumpen.de\\\/#website\"},\"primaryImageOfPage\":{\"@id\":\"https:\\\/\\\/lukra-pumpen.de\\\/produkt\\\/zdp-zahnrad-dosierpumpen\\\/#primaryimage\"},\"image\":{\"@id\":\"https:\\\/\\\/lukra-pumpen.de\\\/produkt\\\/zdp-zahnrad-dosierpumpen\\\/#primaryimage\"},\"thumbnailUrl\":\"https:\\\/\\\/lukra-pumpen.de\\\/wp-content\\\/uploads\\\/2020\\\/06\\\/ZDP-Dosier-Pumpe-3-2.png\",\"datePublished\":\"2020-06-10T13:22:12+00:00\",\"dateModified\":\"2020-06-18T15:09:35+00:00\",\"breadcrumb\":{\"@id\":\"https:\\\/\\\/lukra-pumpen.de\\\/produkt\\\/zdp-zahnrad-dosierpumpen\\\/#breadcrumb\"},\"inLanguage\":\"fr-FR\",\"potentialAction\":[{\"@type\":\"ReadAction\",\"target\":[\"https:\\\/\\\/lukra-pumpen.de\\\/produkt\\\/zdp-zahnrad-dosierpumpen\\\/\"]}]},{\"@type\":\"ImageObject\",\"inLanguage\":\"fr-FR\",\"@id\":\"https:\\\/\\\/lukra-pumpen.de\\\/produkt\\\/zdp-zahnrad-dosierpumpen\\\/#primaryimage\",\"url\":\"https:\\\/\\\/lukra-pumpen.de\\\/wp-content\\\/uploads\\\/2020\\\/06\\\/ZDP-Dosier-Pumpe-3-2.png\",\"contentUrl\":\"https:\\\/\\\/lukra-pumpen.de\\\/wp-content\\\/uploads\\\/2020\\\/06\\\/ZDP-Dosier-Pumpe-3-2.png\",\"width\":1240,\"height\":1019,\"caption\":\"ZDP Zahnrad-Dosier-Pumpe\"},{\"@type\":\"BreadcrumbList\",\"@id\":\"https:\\\/\\\/lukra-pumpen.de\\\/produkt\\\/zdp-zahnrad-dosierpumpen\\\/#breadcrumb\",\"itemListElement\":[{\"@type\":\"ListItem\",\"position\":1,\"name\":\"Startseite\",\"item\":\"https:\\\/\\\/lukra-pumpen.de\\\/home\\\/\"},{\"@type\":\"ListItem\",\"position\":2,\"name\":\"Shop\",\"item\":\"https:\\\/\\\/lukra-pumpen.de\\\/shop\\\/\"},{\"@type\":\"ListItem\",\"position\":3,\"name\":\"ZDP &#8211; Zahnrad-Dosierpumpen\"}]},{\"@type\":\"WebSite\",\"@id\":\"https:\\\/\\\/lukra-pumpen.de\\\/#website\",\"url\":\"https:\\\/\\\/lukra-pumpen.de\\\/\",\"name\":\"LUKRA Pumpen\",\"description\":\"Fluid in Motion\",\"potentialAction\":[{\"@type\":\"SearchAction\",\"target\":{\"@type\":\"EntryPoint\",\"urlTemplate\":\"https:\\\/\\\/lukra-pumpen.de\\\/?s={search_term_string}\"},\"query-input\":{\"@type\":\"PropertyValueSpecification\",\"valueRequired\":true,\"valueName\":\"search_term_string\"}}],\"inLanguage\":\"fr-FR\"}]}<\/script>\n<!-- \/ Yoast SEO plugin. -->","yoast_head_json":{"title":"LT - Pompe de dosage - LUKRA Pumpen","robots":{"index":"index","follow":"follow","max-snippet":"max-snippet:-1","max-image-preview":"max-image-preview:large","max-video-preview":"max-video-preview:-1"},"canonical":"https:\/\/lukra-pumpen.de\/produkt\/zdp-zahnrad-dosierpumpen\/","og_locale":"fr_FR","og_type":"article","og_title":"LT - Pompe de dosage - LUKRA Pumpen","og_description":"Pompe de dosage Die ZDP Dosierpumpe ist eine au\u00dfenverzahnte hochpr\u00e4zise Zahnradpumpe. Sie werden in zwei Baugr\u00f6\u00dfen gefertigt. Dadurch lassen sich die geforderten Dosiermengen einfach realisieren. F\u00fcr eine breites Anwendungsspektrum sind die medienber\u00fchrten Teile aus Edelstahl gefertigt, die Pumpe weist damit einen erh\u00f6hten Korrosionsschutz auf. Die Wellenabdichtung \u00fcber Wellendichtring, optional \u00fcber Stopfbuchspackung oder Magnetkupplung, wird verschiedensten [&hellip;]","og_url":"https:\/\/lukra-pumpen.de\/produkt\/zdp-zahnrad-dosierpumpen\/","og_site_name":"LUKRA Pumpen","article_modified_time":"2020-06-18T15:09:35+00:00","og_image":[{"width":1240,"height":1019,"url":"https:\/\/lukra-pumpen.de\/wp-content\/uploads\/2020\/06\/ZDP-Dosier-Pumpe-3-2.png","type":"image\/png"}],"twitter_card":"summary_large_image","twitter_misc":{"Dur\u00e9e de lecture estim\u00e9e":"2 minutes"},"schema":{"@context":"https:\/\/schema.org","@graph":[{"@type":"WebPage","@id":"https:\/\/lukra-pumpen.de\/produkt\/zdp-zahnrad-dosierpumpen\/","url":"https:\/\/lukra-pumpen.de\/produkt\/zdp-zahnrad-dosierpumpen\/","name":"LT - Pompe de dosage - LUKRA Pumpen","isPartOf":{"@id":"https:\/\/lukra-pumpen.de\/#website"},"primaryImageOfPage":{"@id":"https:\/\/lukra-pumpen.de\/produkt\/zdp-zahnrad-dosierpumpen\/#primaryimage"},"image":{"@id":"https:\/\/lukra-pumpen.de\/produkt\/zdp-zahnrad-dosierpumpen\/#primaryimage"},"thumbnailUrl":"https:\/\/lukra-pumpen.de\/wp-content\/uploads\/2020\/06\/ZDP-Dosier-Pumpe-3-2.png","datePublished":"2020-06-10T13:22:12+00:00","dateModified":"2020-06-18T15:09:35+00:00","breadcrumb":{"@id":"https:\/\/lukra-pumpen.de\/produkt\/zdp-zahnrad-dosierpumpen\/#breadcrumb"},"inLanguage":"fr-FR","potentialAction":[{"@type":"ReadAction","target":["https:\/\/lukra-pumpen.de\/produkt\/zdp-zahnrad-dosierpumpen\/"]}]},{"@type":"ImageObject","inLanguage":"fr-FR","@id":"https:\/\/lukra-pumpen.de\/produkt\/zdp-zahnrad-dosierpumpen\/#primaryimage","url":"https:\/\/lukra-pumpen.de\/wp-content\/uploads\/2020\/06\/ZDP-Dosier-Pumpe-3-2.png","contentUrl":"https:\/\/lukra-pumpen.de\/wp-content\/uploads\/2020\/06\/ZDP-Dosier-Pumpe-3-2.png","width":1240,"height":1019,"caption":"ZDP Zahnrad-Dosier-Pumpe"},{"@type":"BreadcrumbList","@id":"https:\/\/lukra-pumpen.de\/produkt\/zdp-zahnrad-dosierpumpen\/#breadcrumb","itemListElement":[{"@type":"ListItem","position":1,"name":"Startseite","item":"https:\/\/lukra-pumpen.de\/home\/"},{"@type":"ListItem","position":2,"name":"Shop","item":"https:\/\/lukra-pumpen.de\/shop\/"},{"@type":"ListItem","position":3,"name":"ZDP &#8211; Zahnrad-Dosierpumpen"}]},{"@type":"WebSite","@id":"https:\/\/lukra-pumpen.de\/#website","url":"https:\/\/lukra-pumpen.de\/","name":"LUKRA Pumpen","description":"Fluid in Motion","potentialAction":[{"@type":"SearchAction","target":{"@type":"EntryPoint","urlTemplate":"https:\/\/lukra-pumpen.de\/?s={search_term_string}"},"query-input":{"@type":"PropertyValueSpecification","valueRequired":true,"valueName":"search_term_string"}}],"inLanguage":"fr-FR"}]}},"_links":{"self":[{"href":"https:\/\/lukra-pumpen.de\/fr\/wp-json\/wp\/v2\/product\/2679","targetHints":{"allow":["GET"]}}],"collection":[{"href":"https:\/\/lukra-pumpen.de\/fr\/wp-json\/wp\/v2\/product"}],"about":[{"href":"https:\/\/lukra-pumpen.de\/fr\/wp-json\/wp\/v2\/types\/product"}],"replies":[{"embeddable":true,"href":"https:\/\/lukra-pumpen.de\/fr\/wp-json\/wp\/v2\/comments?post=2679"}],"wp:featuredmedia":[{"embeddable":true,"href":"https:\/\/lukra-pumpen.de\/fr\/wp-json\/wp\/v2\/media\/2685"}],"wp:attachment":[{"href":"https:\/\/lukra-pumpen.de\/fr\/wp-json\/wp\/v2\/media?parent=2679"}],"wp:term":[{"taxonomy":"product_brand","embeddable":true,"href":"https:\/\/lukra-pumpen.de\/fr\/wp-json\/wp\/v2\/product_brand?post=2679"},{"taxonomy":"product_cat","embeddable":true,"href":"https:\/\/lukra-pumpen.de\/fr\/wp-json\/wp\/v2\/product_cat?post=2679"},{"taxonomy":"product_tag","embeddable":true,"href":"https:\/\/lukra-pumpen.de\/fr\/wp-json\/wp\/v2\/product_tag?post=2679"}],"curies":[{"name":"wp","href":"https:\/\/api.w.org\/{rel}","templated":true}]}}